{"id":49068,"date":"2023-12-12T12:29:42","date_gmt":"2023-12-12T11:29:42","guid":{"rendered":"https:\/\/pet-shopping.de\/shop\/produkt\/trixie-licknsnack-schleckplatte-blatt\/"},"modified":"2023-12-12T12:29:44","modified_gmt":"2023-12-12T11:29:44","slug":"trixie-licknsnack-schleckplatte-blatt","status":"publish","type":"product","link":"https:\/\/all-pets.de\/shop\/produkt\/trixie-licknsnack-schleckplatte-blatt\/","title":{"rendered":"Trixie Lick\u2019n&#8217;Snack Schleckplatte Blatt"},"content":{"rendered":"<p class=\"pdefault\">Schlecken entspannt Hunde und sorgt f\u00fcr Ruhephasen. Ein optimales Hilfsmittel f\u00fcr diesen Zweck ist die Lick&#8217;n&#8217;Snack Schleckplatte: Durch die kleinen \u00d6ffnungen bzw. Rillen nimmt dein Vierbeiner nur kleine Mengen an Snacks auf einmal zu sich und ist lange besch\u00e4ftigt. Du kannst die Platte mit unterschiedlichen Pasten und Molkereiprodukten oder auch Nassfutter bestreichen, die dein Hund anschlie\u00dfend gen\u00fcsslich ausschlecken darf.<\/p>\n<p class=\"pdefault\">Drau\u00dfen ist es hei\u00df und du m\u00f6chtest deinem Hund einen ganz besonderen Frischekick bieten? Dann bef\u00fclle das Spielzeug mit Joghurt oder Pasten deiner Wahl und leg es vor dem Spielspa\u00df in den Gefrierschrank.<\/p>\n<p class=\"pdefault\">Die Schleckplatte kann einfach in der Sp\u00fclmaschine gereinigt werden.<\/p>\n<p class=\"pdefault\"><\/p>\n<div class=\"mb-3 row\">\n<div class=\"col\">\n<div class=\"description\">\n<ul>\n<li>Schlecken beruhigt und sorgt f\u00fcr Ruhephasen<\/li>\n<li>geringe Aufnahmemenge von Snacks bei langer Besch\u00e4ftigungsdauer<\/li>\n<li>mit z. B. Pasten, Nassfutter oder Molkereiprodukten zu bestreichen<\/li>\n<li>f\u00fcr den Frischekick mit Snacks bef\u00fcllen und einfrieren<\/li>\n<li>Rand f\u00e4ngt Fl\u00fcssigkeiten auf<\/li>\n<li>rutschfeste Ecken<\/li>\n<li>TPR\/Kunststoff<\/li>\n<li>tierschutzkonform nach \u00a7 18 (AT)<\/li>\n<li>sp\u00fclmaschinenfest<\/li>\n<li>Ma\u00dfe: ca. 28 \u00d7 21 cm<\/li>\n<\/ul>\n<\/div>\n<\/div>\n<\/div>\n<p class=\"pdefault\"><\/p>\n","protected":false},"excerpt":{"rendered":"<p>Schlecken entspannt Hunde und sorgt f\u00fcr Ruhephasen. Ein optimales Hilfsmittel f\u00fcr diesen Zweck ist die Lick&#8217;n&#8217;Snack Schleckplatte: Durch die kleinen \u00d6ffnungen bzw. Rillen nimmt dein Vierbeiner nur kleine Mengen an Snacks auf einmal zu sich und ist lange besch\u00e4ftigt. Du kannst die Platte mit unterschiedlichen Pasten und Molkereiprodukten oder auch Nassfutter bestreichen, die dein Hund [&hellip;]<\/p>\n","protected":false},"featured_media":49069,"comment_status":"closed","ping_status":"open","template":"","meta":[],"product_cat":[13793],"product_tag":[],"class_list":{"0":"post-49068","1":"product","2":"type-product","3":"status-publish","4":"has-post-thumbnail","6":"product_cat-intelligenz","8":"first","9":"instock","10":"taxable","11":"shipping-taxable","12":"purchasable","13":"product-type-simple"},"_links":{"self":[{"href":"https:\/\/all-pets.de\/shop\/wp-json\/wp\/v2\/product\/49068","targetHints":{"allow":["GET"]}}],"collection":[{"href":"https:\/\/all-pets.de\/shop\/wp-json\/wp\/v2\/product"}],"about":[{"href":"https:\/\/all-pets.de\/shop\/wp-json\/wp\/v2\/types\/product"}],"replies":[{"embeddable":true,"href":"https:\/\/all-pets.de\/shop\/wp-json\/wp\/v2\/comments?post=49068"}],"wp:featuredmedia":[{"embeddable":true,"href":"https:\/\/all-pets.de\/shop\/wp-json\/wp\/v2\/media\/49069"}],"wp:attachment":[{"href":"https:\/\/all-pets.de\/shop\/wp-json\/wp\/v2\/media?parent=49068"}],"wp:term":[{"taxonomy":"product_cat","embeddable":true,"href":"https:\/\/all-pets.de\/shop\/wp-json\/wp\/v2\/product_cat?post=49068"},{"taxonomy":"product_tag","embeddable":true,"href":"https:\/\/all-pets.de\/shop\/wp-json\/wp\/v2\/product_tag?post=49068"}],"curies":[{"name":"wp","href":"https:\/\/api.w.org\/{rel}","templated":true}]}}