{"id":49102,"date":"2023-12-12T12:29:49","date_gmt":"2023-12-12T11:29:49","guid":{"rendered":"https:\/\/pet-shopping.de\/shop\/produkt\/sparrow-pet-snack-cannarelax-200g\/"},"modified":"2023-12-12T12:29:52","modified_gmt":"2023-12-12T11:29:52","slug":"sparrow-pet-snack-cannarelax-200g","status":"publish","type":"product","link":"https:\/\/all-pets.de\/shop\/produkt\/sparrow-pet-snack-cannarelax-200g\/","title":{"rendered":"Sparrow Pet Snack CannaRelax 200g"},"content":{"rendered":"<p>\u00a0\u00a0\u00a0 Sind ein 100% nat\u00fcrlicher Halbfeucht-Snack mit vorz\u00fcglichem Umami-Geschmack<br \/>\u00a0\u00a0\u00a0 Enthalten 70% leckeres &#038; saftiges Schweizer H\u00fchnerfleisch<br \/>\u00a0\u00a0\u00a0 Enthalten n\u00e4hrstoffeichen Hanf sowie wertvolle &#038; bew\u00e4hrte Kr\u00e4uter<br \/>\u00a0\u00a0\u00a0 Helfen in Alltags-Stress-Situationen (Verlust, Umzug, Feuerwerk, Gewitter, Autofahrt etc.)<br \/>\u00a0\u00a0\u00a0 Optimieren nachhaltig die Nervenst\u00e4rke sowie die Psyche<br \/>\u00a0\u00a0\u00a0 F\u00f6rdern die Aufmerksamkeit<br \/>\u00a0\u00a0\u00a0 Sind frei von Getreide &#038; Weizen und ohne S\u00fcssstoffe<\/p>\n<p>Produktbeschreibung:<\/p>\n<p>Nat\u00fcrlicher Monoprotein Snack f\u00fcr Hunde zur Beruhigung bei Angst, Stress und Nervosit\u00e4t<\/p>\n<p>Situationen wie Gewitter, Autofahrt, Tierarztbesuch, Umzug, allein sein, Feuerwerk, Zusammenf\u00fchrung von Tieren etc. k\u00f6nnen f\u00fcr Hunde unangenehm und vor allem stressig sein. Dieser Stress und die damit verbundene Angst k\u00f6nnen Ihren Hund davon abhalten, normale Hundeaktivit\u00e4ten zu genie\u00dfen.<\/p>\n<p>Die SPARROW Pet CannaRelax\u00ae Snacks k\u00f6nnen Ihrem Hund nat\u00fcrlich helfen, in solchen Situationen ruhiger und gelassener zu bleiben.<\/p>\n<p>70% saftiges H\u00e4hnchenfleisch aus der Schweiz<\/p>\n<p>Der Hauptbestandteil bei den SPARROW Pet CannaRelax\u00ae Snacks ist mit 70% das proteinreiche und fettarme H\u00e4hnchenfleisch aus tierfreundlicher Haltung. Hunde lieben diesen hohen Fleischanteil. Sie nehmen den Umami-Geschmack der proteinreichen Nahrung viel st\u00e4rker wahr als wir Menschen. Hunde bevorzugen diesen Geschmack, da dieser ihren Nahrungsbedarf am besten widerspiegelt.<\/p>\n<p>Wertvolle Kr\u00e4uter<\/p>\n<p>Die SPARROW Pet CannaRelax\u00ae Snacks f\u00fcr Hunde enthalten wertvolle Kr\u00e4uter wie Hanf, Johanniskraut, Melisse und Passionsblume. Diese bew\u00e4hrten Kr\u00e4uter werden schon seit tausenden von Jahren traditionell daf\u00fcr eingesetzt, um Stress abzubauen und die Nerven sowie Psyche zu st\u00e4rken.<\/p>\n<p>Zusammensetzung<\/p>\n<p>H\u00e4hnchenfleisch (Karkasse) 70%, Kartoffelst\u00e4rke 10%, Glycerin 7.5%, Pflanzenfasern 2.5%, Hanf (gesamte Pflanze) 1.87%, Johanniskraut 1.87%, Melisse, Passionsblume, Ginsengwurzel, Leberhydrolisat, H\u00e4hnchenfett<\/p>\n<p>Analytische Bestandteile<\/p>\n<p>Rohprotein 22,5%  Rohfett 16,3%  Rohfaser 4,4%  Rohasche 6%  Feuchtigkeit 20%<\/p>\n<p>Enth\u00e4lt 0,03% nat\u00fcrlich vorkommendes CBD<\/p>\n<p>Das Produkt unterliegt nat\u00fcrlichen Schwankungen.<\/p>\n<p>T\u00e4gliche F\u00fctterungsempfehlung<\/p>\n<p>Kann jederzeit als Belohnung gegeben werden. Das Alleinfuttermittel entsprechend reduzieren.<\/p>\n<p>Bitte immer gen\u00fcgend frisches Wasser bereitstellen.<\/p>\n<p>Erg\u00e4nzungsfuttermittel ersetzen keine gesunde und artgerechte Ern\u00e4hrung, die sehr wichtig f\u00fcr Ihren Hund ist.<\/p>\n<p>Lichtgesch\u00fctzt und trocken lagern<\/p>\n","protected":false},"excerpt":{"rendered":"<p>\u00a0\u00a0\u00a0 Sind ein 100% nat\u00fcrlicher Halbfeucht-Snack mit vorz\u00fcglichem Umami-Geschmack\u00a0\u00a0\u00a0 Enthalten 70% leckeres &#038; saftiges Schweizer H\u00fchnerfleisch\u00a0\u00a0\u00a0 Enthalten n\u00e4hrstoffeichen Hanf sowie wertvolle &#038; bew\u00e4hrte Kr\u00e4uter\u00a0\u00a0\u00a0 Helfen in Alltags-Stress-Situationen (Verlust, Umzug, Feuerwerk, Gewitter, Autofahrt etc.)\u00a0\u00a0\u00a0 Optimieren nachhaltig die Nervenst\u00e4rke sowie die Psyche\u00a0\u00a0\u00a0 F\u00f6rdern die Aufmerksamkeit\u00a0\u00a0\u00a0 Sind frei von Getreide &#038; Weizen und ohne S\u00fcssstoffe Produktbeschreibung: Nat\u00fcrlicher Monoprotein [&hellip;]<\/p>\n","protected":false},"featured_media":49103,"comment_status":"closed","ping_status":"open","template":"","meta":[],"product_cat":[13792],"product_tag":[],"class_list":{"0":"post-49102","1":"product","2":"type-product","3":"status-publish","4":"has-post-thumbnail","6":"product_cat-sparrow-pet-hundesnacks","8":"first","9":"instock","10":"taxable","11":"shipping-taxable","12":"purchasable","13":"product-type-simple"},"_links":{"self":[{"href":"https:\/\/all-pets.de\/shop\/wp-json\/wp\/v2\/product\/49102","targetHints":{"allow":["GET"]}}],"collection":[{"href":"https:\/\/all-pets.de\/shop\/wp-json\/wp\/v2\/product"}],"about":[{"href":"https:\/\/all-pets.de\/shop\/wp-json\/wp\/v2\/types\/product"}],"replies":[{"embeddable":true,"href":"https:\/\/all-pets.de\/shop\/wp-json\/wp\/v2\/comments?post=49102"}],"wp:featuredmedia":[{"embeddable":true,"href":"https:\/\/all-pets.de\/shop\/wp-json\/wp\/v2\/media\/49103"}],"wp:attachment":[{"href":"https:\/\/all-pets.de\/shop\/wp-json\/wp\/v2\/media?parent=49102"}],"wp:term":[{"taxonomy":"product_cat","embeddable":true,"href":"https:\/\/all-pets.de\/shop\/wp-json\/wp\/v2\/product_cat?post=49102"},{"taxonomy":"product_tag","embeddable":true,"href":"https:\/\/all-pets.de\/shop\/wp-json\/wp\/v2\/product_tag?post=49102"}],"curies":[{"name":"wp","href":"https:\/\/api.w.org\/{rel}","templated":true}]}}