{"id":49113,"date":"2023-12-12T12:29:49","date_gmt":"2023-12-12T11:29:49","guid":{"rendered":"https:\/\/pet-shopping.de\/shop\/produkt\/trixie-schnueffelball-fuer-hunde\/"},"modified":"2023-12-12T12:29:54","modified_gmt":"2023-12-12T11:29:54","slug":"trixie-schnueffelball-fuer-hunde","status":"publish","type":"product","link":"https:\/\/all-pets.de\/shop\/produkt\/trixie-schnueffelball-fuer-hunde\/","title":{"rendered":"Trixie Schn\u00fcffelball f\u00fcr Hunde"},"content":{"rendered":"<p>Schn\u00fcffelball vereint Snacken und Spielen<\/p>\n<p>Schn\u00fcffeln und Snacken im Doppelpack \u2013 was kann es Sch\u00f6neres f\u00fcr deine Fellnase geben? Unser gro\u00dfer Schn\u00fcffelball bietet genau das: Das Strategiespielzeug ist mit seinen zahllosen Fransen das perfekte Versteck f\u00fcr Leckerlis, die dein Hund aufsp\u00fcren und mit der Schnauze oder Pfote ergattern soll.<\/p>\n<p>Die zwei unterschiedlichen Fransenl\u00e4ngen sorgen f\u00fcr eine langsamere Futteraufnahme und verhindern, dass dein Tier ins Schlingen ger\u00e4t. Anstatt Leckerlis kannst du auch das normale Trockenfutter deines Hundes verwenden und die F\u00fctterung so interessanter gestalten. Au\u00dferdem eignet sich das Spiel f\u00fcr demente Hunde, die morgens Schwierigkeiten haben, in den Tag zu starten, und abends schwer zur Ruhe kommen. Der Ball gibt ihnen Struktur und sorgt f\u00fcr Besch\u00e4ftigung, die f\u00fcr Vierbeiner mit Demenz gut zu bew\u00e4ltigen ist.<\/p>\n<p><\/p>\n<div class=\"mb-3 row\">\n<div class=\"col\">\n<div class=\"description\">\n<ul>\n<li>mit 2 unterschiedlichen Fransenl\u00e4ngen<\/li>\n<li>kann auch f\u00fcr die t\u00e4gliche Trockenfuttergabe genutzt werden<\/li>\n<li>verhindert das Schlingen bei der Futteraufnahme<\/li>\n<li>Polyester<\/li>\n<li>tierschutzkonform nach \u00a7 18 (AT)<\/li>\n<li>Durchmesser: ca. 15 cm<\/li>\n<\/ul>\n<\/div>\n<\/div>\n<\/div>\n","protected":false},"excerpt":{"rendered":"<p>Schn\u00fcffelball vereint Snacken und Spielen Schn\u00fcffeln und Snacken im Doppelpack \u2013 was kann es Sch\u00f6neres f\u00fcr deine Fellnase geben? Unser gro\u00dfer Schn\u00fcffelball bietet genau das: Das Strategiespielzeug ist mit seinen zahllosen Fransen das perfekte Versteck f\u00fcr Leckerlis, die dein Hund aufsp\u00fcren und mit der Schnauze oder Pfote ergattern soll. Die zwei unterschiedlichen Fransenl\u00e4ngen sorgen f\u00fcr [&hellip;]<\/p>\n","protected":false},"featured_media":49114,"comment_status":"closed","ping_status":"open","template":"","meta":[],"product_cat":[15174],"product_tag":[],"class_list":{"0":"post-49113","1":"product","2":"type-product","3":"status-publish","4":"has-post-thumbnail","6":"product_cat-hundebaelle-hundespielzeug-sport-intelligenzhundewelt-hundespielzeug-sport","8":"first","9":"instock","10":"taxable","11":"shipping-taxable","12":"purchasable","13":"product-type-simple"},"_links":{"self":[{"href":"https:\/\/all-pets.de\/shop\/wp-json\/wp\/v2\/product\/49113","targetHints":{"allow":["GET"]}}],"collection":[{"href":"https:\/\/all-pets.de\/shop\/wp-json\/wp\/v2\/product"}],"about":[{"href":"https:\/\/all-pets.de\/shop\/wp-json\/wp\/v2\/types\/product"}],"replies":[{"embeddable":true,"href":"https:\/\/all-pets.de\/shop\/wp-json\/wp\/v2\/comments?post=49113"}],"wp:featuredmedia":[{"embeddable":true,"href":"https:\/\/all-pets.de\/shop\/wp-json\/wp\/v2\/media\/49114"}],"wp:attachment":[{"href":"https:\/\/all-pets.de\/shop\/wp-json\/wp\/v2\/media?parent=49113"}],"wp:term":[{"taxonomy":"product_cat","embeddable":true,"href":"https:\/\/all-pets.de\/shop\/wp-json\/wp\/v2\/product_cat?post=49113"},{"taxonomy":"product_tag","embeddable":true,"href":"https:\/\/all-pets.de\/shop\/wp-json\/wp\/v2\/product_tag?post=49113"}],"curies":[{"name":"wp","href":"https:\/\/api.w.org\/{rel}","templated":true}]}}