{"id":49117,"date":"2023-12-12T12:29:49","date_gmt":"2023-12-12T11:29:49","guid":{"rendered":"https:\/\/pet-shopping.de\/shop\/produkt\/feliway-optimum-start-set\/"},"modified":"2023-12-12T12:29:55","modified_gmt":"2023-12-12T11:29:55","slug":"feliway-optimum-start-set","status":"publish","type":"product","link":"https:\/\/all-pets.de\/shop\/produkt\/feliway-optimum-start-set\/","title":{"rendered":"Feliway Optimum Start-Set"},"content":{"rendered":"<p>FELIWAY\u00ae Optimum ist eine Produktl\u00f6sung f\u00fcr alle Katzenbesitzer, die hilft, alle \u00fcblichen Anzeichen von Stress bei Katzen zu reduzieren:<\/p>\n<p>\u00a0\u00a0\u00a0 Harnmarkieren<br \/>\u00a0\u00a0\u00a0 Kratzen<br \/>\u00a0\u00a0\u00a0 Verstecken<br \/>\u00a0\u00a0\u00a0 \u00c4ngste<br \/>\u00a0\u00a0\u00a0 Spannungen<br \/>\u00a0\u00a0\u00a0 Konflikte zwischen Katzen<br \/>\u00a0\u00a0\u00a0 Ver\u00e4nderungen (Umzug, neue M\u00f6bel, Renovierungen&#8230;)<\/p>\n<p>FELIWAY\u00ae Optimum enth\u00e4lt die fortschrittlichste Komposition von Katzen-Pheromon-Bestandteilen, die von dem FELIWAY\u00ae Forschungsteam entwickelt wurde. Diese neue Entdeckung vermittelt Wohlf\u00fchlbotschaften, die Ihren Katzen helfen, sich zuhause geborgen und entspannt zu f\u00fchlen, ihnen Sicherheit zu schenken und Harmonie zwischen Ihren Katzen sicherzustellen.<\/p>\n<p>FELIWAY\u00ae Optimum verbindet verschiedene Wohlf\u00fchlbotschaften von Katzenpheromonen optimal f\u00fcr noch mehr Ausgeglichenheit, Harmonie und Entspannung in Ihrem Zuhause.<\/p>\n<p>Eine optimale L\u00f6sung:<\/p>\n<p>\u00a0\u00a0\u00a0 Neue Pheromon-Entdeckung<br \/>\u00a0\u00a0\u00a0 93% der Besitzer nehmen mehr Ausgeglichenheit bei ihrer Katze wahr<br \/>\u00a0\u00a0\u00a0 Einfache Anwendung<br \/>\u00a0\u00a0\u00a0 Als Start-Set und Nachf\u00fcllflakon erh\u00e4ltlich.<\/p>\n<p>Analoger Katzenpheromon-Komplex 2%<\/p>\n<p>Isoparaffinischer Kohlenwasserstoff 48ml<\/p>\n<p>Empfohlene Verwendungsdauer:<\/p>\n<p>\u00a0\u00a0\u00a0 permanent (24\/7)<br \/>\u00a0\u00a0\u00a0 Austausch des Nachf\u00fcllflakons: nach ca. 30 Tagen<br \/>\u00a0\u00a0\u00a0 Austausch des Verdampfers: alle 6 Monate<\/p>\n<p><\/p>\n","protected":false},"excerpt":{"rendered":"<p>FELIWAY\u00ae Optimum ist eine Produktl\u00f6sung f\u00fcr alle Katzenbesitzer, die hilft, alle \u00fcblichen Anzeichen von Stress bei Katzen zu reduzieren: \u00a0\u00a0\u00a0 Harnmarkieren\u00a0\u00a0\u00a0 Kratzen\u00a0\u00a0\u00a0 Verstecken\u00a0\u00a0\u00a0 \u00c4ngste\u00a0\u00a0\u00a0 Spannungen\u00a0\u00a0\u00a0 Konflikte zwischen Katzen\u00a0\u00a0\u00a0 Ver\u00e4nderungen (Umzug, neue M\u00f6bel, Renovierungen&#8230;) FELIWAY\u00ae Optimum enth\u00e4lt die fortschrittlichste Komposition von Katzen-Pheromon-Bestandteilen, die von dem FELIWAY\u00ae Forschungsteam entwickelt wurde. Diese neue Entdeckung vermittelt Wohlf\u00fchlbotschaften, die Ihren [&hellip;]<\/p>\n","protected":false},"featured_media":49118,"comment_status":"closed","ping_status":"open","template":"","meta":[],"product_cat":[14336],"product_tag":[],"class_list":{"0":"post-49117","1":"product","2":"type-product","3":"status-publish","4":"has-post-thumbnail","6":"product_cat-feliway","8":"first","9":"instock","10":"taxable","11":"shipping-taxable","12":"purchasable","13":"product-type-simple"},"_links":{"self":[{"href":"https:\/\/all-pets.de\/shop\/wp-json\/wp\/v2\/product\/49117","targetHints":{"allow":["GET"]}}],"collection":[{"href":"https:\/\/all-pets.de\/shop\/wp-json\/wp\/v2\/product"}],"about":[{"href":"https:\/\/all-pets.de\/shop\/wp-json\/wp\/v2\/types\/product"}],"replies":[{"embeddable":true,"href":"https:\/\/all-pets.de\/shop\/wp-json\/wp\/v2\/comments?post=49117"}],"wp:featuredmedia":[{"embeddable":true,"href":"https:\/\/all-pets.de\/shop\/wp-json\/wp\/v2\/media\/49118"}],"wp:attachment":[{"href":"https:\/\/all-pets.de\/shop\/wp-json\/wp\/v2\/media?parent=49117"}],"wp:term":[{"taxonomy":"product_cat","embeddable":true,"href":"https:\/\/all-pets.de\/shop\/wp-json\/wp\/v2\/product_cat?post=49117"},{"taxonomy":"product_tag","embeddable":true,"href":"https:\/\/all-pets.de\/shop\/wp-json\/wp\/v2\/product_tag?post=49117"}],"curies":[{"name":"wp","href":"https:\/\/api.w.org\/{rel}","templated":true}]}}