{"id":49122,"date":"2023-12-12T12:29:57","date_gmt":"2023-12-12T11:29:57","guid":{"rendered":"https:\/\/pet-shopping.de\/shop\/produkt\/trixie-kopfkissen-estelle-gruen-grau\/"},"modified":"2023-12-12T12:29:58","modified_gmt":"2023-12-12T11:29:58","slug":"trixie-kopfkissen-estelle-gruen-grau","status":"publish","type":"product","link":"https:\/\/all-pets.de\/shop\/produkt\/trixie-kopfkissen-estelle-gruen-grau\/","title":{"rendered":"Trixie Kopfkissen Estelle &#8211; gr\u00fcn\/grau"},"content":{"rendered":"<div class=\"mb-3 row\">\n<div class=\"col\">\n<ul>\n<li>\n<ul>\n<ul>\n<li>Samt-Haptik\/Pl\u00fcsch (Polyester)<\/li>\n<li>Polyestervlies-F\u00fcllung<\/li>\n<li>ergonomische Form<\/li>\n<li>entspannt die Kopf- und Nackenmuskulatur<\/li>\n<li>Farbe: gr\u00fcn\/grau<\/li>\n<li>Ma\u00dfe: ca. 34 \u00d7 20 cm<\/li>\n<\/ul>\n<\/ul>\n<\/li>\n<\/ul>\n<\/div>\n<\/div>\n","protected":false},"excerpt":{"rendered":"<p>Samt-Haptik\/Pl\u00fcsch (Polyester) Polyestervlies-F\u00fcllung ergonomische Form entspannt die Kopf- und Nackenmuskulatur Farbe: gr\u00fcn\/grau Ma\u00dfe: ca. 34 \u00d7 20 cm<\/p>\n","protected":false},"featured_media":49123,"comment_status":"closed","ping_status":"open","template":"","meta":[],"product_cat":[15173],"product_tag":[],"class_list":{"0":"post-49122","1":"product","2":"type-product","3":"status-publish","4":"has-post-thumbnail","6":"product_cat-hundebetten-hundekissen-betten-koerbe-hunde-x-mashundewelt-hundewelt","8":"first","9":"instock","10":"taxable","11":"shipping-taxable","12":"purchasable","13":"product-type-simple"},"_links":{"self":[{"href":"https:\/\/all-pets.de\/shop\/wp-json\/wp\/v2\/product\/49122","targetHints":{"allow":["GET"]}}],"collection":[{"href":"https:\/\/all-pets.de\/shop\/wp-json\/wp\/v2\/product"}],"about":[{"href":"https:\/\/all-pets.de\/shop\/wp-json\/wp\/v2\/types\/product"}],"replies":[{"embeddable":true,"href":"https:\/\/all-pets.de\/shop\/wp-json\/wp\/v2\/comments?post=49122"}],"wp:featuredmedia":[{"embeddable":true,"href":"https:\/\/all-pets.de\/shop\/wp-json\/wp\/v2\/media\/49123"}],"wp:attachment":[{"href":"https:\/\/all-pets.de\/shop\/wp-json\/wp\/v2\/media?parent=49122"}],"wp:term":[{"taxonomy":"product_cat","embeddable":true,"href":"https:\/\/all-pets.de\/shop\/wp-json\/wp\/v2\/product_cat?post=49122"},{"taxonomy":"product_tag","embeddable":true,"href":"https:\/\/all-pets.de\/shop\/wp-json\/wp\/v2\/product_tag?post=49122"}],"curies":[{"name":"wp","href":"https:\/\/api.w.org\/{rel}","templated":true}]}}