{"id":49143,"date":"2023-12-12T12:29:57","date_gmt":"2023-12-12T11:29:57","guid":{"rendered":"https:\/\/pet-shopping.de\/shop\/produkt\/trixie-liegematte-nivia-fuer-fensterbank\/"},"modified":"2023-12-12T12:30:02","modified_gmt":"2023-12-12T11:30:02","slug":"trixie-liegematte-nivia-fuer-fensterbank","status":"publish","type":"product","link":"https:\/\/all-pets.de\/shop\/produkt\/trixie-liegematte-nivia-fuer-fensterbank\/","title":{"rendered":"Trixie Liegematte Nivia f\u00fcr Fensterbank"},"content":{"rendered":"<div class=\"mb-3 row\">\n<div class=\"col\">\n<ul>\n<li>\n<ul>\n<ul>\n<li>Pl\u00fcsch-Bezug (Polyester)<\/li>\n<li>d\u00fcnne Schaumstoff-F\u00fcllung<\/li>\n<li>rutschfester Boden<\/li>\n<li>Handw\u00e4sche<\/li>\n<li>Ma\u00dfe: ca. 90 \u00d7 28 cm<\/li>\n<\/ul>\n<\/ul>\n<\/li>\n<\/ul>\n<\/div>\n<\/div>\n","protected":false},"excerpt":{"rendered":"<p>Pl\u00fcsch-Bezug (Polyester) d\u00fcnne Schaumstoff-F\u00fcllung rutschfester Boden Handw\u00e4sche Ma\u00dfe: ca. 90 \u00d7 28 cm<\/p>\n","protected":false},"featured_media":49144,"comment_status":"closed","ping_status":"open","template":"","meta":[],"product_cat":[15181],"product_tag":[],"class_list":{"0":"post-49143","1":"product","2":"type-product","3":"status-publish","4":"has-post-thumbnail","6":"product_cat-fensterbrettauflagen-katzenbetten-katzenkoerbe-katzen-x-maskatzenwelt","8":"first","9":"instock","10":"taxable","11":"shipping-taxable","12":"purchasable","13":"product-type-simple"},"_links":{"self":[{"href":"https:\/\/all-pets.de\/shop\/wp-json\/wp\/v2\/product\/49143","targetHints":{"allow":["GET"]}}],"collection":[{"href":"https:\/\/all-pets.de\/shop\/wp-json\/wp\/v2\/product"}],"about":[{"href":"https:\/\/all-pets.de\/shop\/wp-json\/wp\/v2\/types\/product"}],"replies":[{"embeddable":true,"href":"https:\/\/all-pets.de\/shop\/wp-json\/wp\/v2\/comments?post=49143"}],"wp:featuredmedia":[{"embeddable":true,"href":"https:\/\/all-pets.de\/shop\/wp-json\/wp\/v2\/media\/49144"}],"wp:attachment":[{"href":"https:\/\/all-pets.de\/shop\/wp-json\/wp\/v2\/media?parent=49143"}],"wp:term":[{"taxonomy":"product_cat","embeddable":true,"href":"https:\/\/all-pets.de\/shop\/wp-json\/wp\/v2\/product_cat?post=49143"},{"taxonomy":"product_tag","embeddable":true,"href":"https:\/\/all-pets.de\/shop\/wp-json\/wp\/v2\/product_tag?post=49143"}],"curies":[{"name":"wp","href":"https:\/\/api.w.org\/{rel}","templated":true}]}}