{"id":49157,"date":"2023-12-12T12:30:05","date_gmt":"2023-12-12T11:30:05","guid":{"rendered":"https:\/\/pet-shopping.de\/shop\/produkt\/trixie-senioren-kratzbaum-emil-lichtgrau\/"},"modified":"2023-12-12T12:30:06","modified_gmt":"2023-12-12T11:30:06","slug":"trixie-senioren-kratzbaum-emil-lichtgrau","status":"publish","type":"product","link":"https:\/\/all-pets.de\/shop\/produkt\/trixie-senioren-kratzbaum-emil-lichtgrau\/","title":{"rendered":"Trixie Senioren-Kratzbaum Emil &#8211; lichtgrau"},"content":{"rendered":"<ul>\n<li>Empfehlenswert f\u00fcr \u00e4ltere und k\u00f6rperlich beeintr\u00e4chtigte Tiere<\/li>\n<li>Sisal\/Pl\u00fcsch (Polyester): 280 g\/m\u00b2<\/li>\n<li>Sisalteppich<\/li>\n<li>4 gepolsterte Aufstiegshilfen mit Stickerei<\/li>\n<li>H\u00f6hle mit Pl\u00fcsch\/Fleece (Polyester) ausgestattet<\/li>\n<li>gepolsterte Liegeplatten<\/li>\n<li>Liegeplatte mit abnehmbarem Kuschelbett<\/li>\n<li>2 Vital Kissen mit viskoelastischem Schaum: Maschinenw\u00e4sche bis 30 \u00b0C\/Inlett: Handw\u00e4sche<\/li>\n<li>individuelle Anpassung an die K\u00f6rperform<\/li>\n<li>optimale Druckverteilung<\/li>\n<li>tierschutzkonform nach \u00a7 18 (AT)<\/li>\n<li>Grundfl\u00e4che: ca. 69 \u00d7 59 cm<\/li>\n<li>H\u00f6he: ca. 96 cm<\/li>\n<li>St\u00e4mme: ca. \u00f8 17 cm<\/li>\n<li>Farbe: lichtgrau<\/li>\n<\/ul>\n<p>Wir stellen vor: Emil &#8211; Unseren Kratzbaum f\u00fcr Senior-Katzen<\/p>\n<p>Der extra f\u00fcr \u00e4ltere Katzen ausgelegte Kratzbaum Emil \u00fcberzeugt durch seine einfachen Aufstiegsm\u00f6glichkeiten und diversen Plattformen zum Ausruhen.<\/p>\n<p>Die gro\u00dfen, gepolsterten Stufen des Kratzbaumes sind so gestaltet, dass auch k\u00f6rperlich beeintr\u00e4chtige Samtpfoten problemlos und ohne gro\u00dfe Anstrengung aufsteigen k\u00f6nnen. Auf den gepolsterten Liegeplattformen, der H\u00f6hle und dem weichen Kuschelbett kann es sich deine Katze gem\u00fctlich machen. Durch die Polsterung passt sich der Untergrund an die individuelle K\u00f6rperform an und der Druck wird optimal verteilt.<\/p>\n<p>Aber auch Kratzen, Klettern und Spielen kommen nicht zu kurz \u2013 der extra dicke Sisal-Kratzstamm, die Sisalkratzfl\u00e4che auf der Bodenplatte sowie zwei Spielb\u00e4lle am Seil sorgen f\u00fcr Abwechslung.<\/p><\/p>\n","protected":false},"excerpt":{"rendered":"<p>Empfehlenswert f\u00fcr \u00e4ltere und k\u00f6rperlich beeintr\u00e4chtigte Tiere Sisal\/Pl\u00fcsch (Polyester): 280 g\/m\u00b2 Sisalteppich 4 gepolsterte Aufstiegshilfen mit Stickerei H\u00f6hle mit Pl\u00fcsch\/Fleece (Polyester) ausgestattet gepolsterte Liegeplatten Liegeplatte mit abnehmbarem Kuschelbett 2 Vital Kissen mit viskoelastischem Schaum: Maschinenw\u00e4sche bis 30 \u00b0C\/Inlett: Handw\u00e4sche individuelle Anpassung an die K\u00f6rperform optimale Druckverteilung tierschutzkonform nach \u00a7 18 (AT) Grundfl\u00e4che: ca. 69 \u00d7 [&hellip;]<\/p>\n","protected":false},"featured_media":49158,"comment_status":"closed","ping_status":"open","template":"","meta":[],"product_cat":[13901],"product_tag":[],"class_list":{"0":"post-49157","1":"product","2":"type-product","3":"status-publish","4":"has-post-thumbnail","6":"product_cat-bis-100-cm","8":"first","9":"instock","10":"taxable","11":"shipping-taxable","12":"purchasable","13":"product-type-simple"},"_links":{"self":[{"href":"https:\/\/all-pets.de\/shop\/wp-json\/wp\/v2\/product\/49157","targetHints":{"allow":["GET"]}}],"collection":[{"href":"https:\/\/all-pets.de\/shop\/wp-json\/wp\/v2\/product"}],"about":[{"href":"https:\/\/all-pets.de\/shop\/wp-json\/wp\/v2\/types\/product"}],"replies":[{"embeddable":true,"href":"https:\/\/all-pets.de\/shop\/wp-json\/wp\/v2\/comments?post=49157"}],"wp:featuredmedia":[{"embeddable":true,"href":"https:\/\/all-pets.de\/shop\/wp-json\/wp\/v2\/media\/49158"}],"wp:attachment":[{"href":"https:\/\/all-pets.de\/shop\/wp-json\/wp\/v2\/media?parent=49157"}],"wp:term":[{"taxonomy":"product_cat","embeddable":true,"href":"https:\/\/all-pets.de\/shop\/wp-json\/wp\/v2\/product_cat?post=49157"},{"taxonomy":"product_tag","embeddable":true,"href":"https:\/\/all-pets.de\/shop\/wp-json\/wp\/v2\/product_tag?post=49157"}],"curies":[{"name":"wp","href":"https:\/\/api.w.org\/{rel}","templated":true}]}}