{"id":49161,"date":"2023-12-12T12:30:05","date_gmt":"2023-12-12T11:30:05","guid":{"rendered":"https:\/\/pet-shopping.de\/shop\/produkt\/trixie-kratzbaum-abele\/"},"modified":"2023-12-12T12:30:07","modified_gmt":"2023-12-12T11:30:07","slug":"trixie-kratzbaum-abele","status":"publish","type":"product","link":"https:\/\/all-pets.de\/shop\/produkt\/trixie-kratzbaum-abele\/","title":{"rendered":"Trixie Kratzbaum Abele"},"content":{"rendered":"<div class=\"mb-3 row\">\n<div class=\"col\">\n<ul>\n<li>\n<ul>\n<ul>\n<li>Sisal\/Pl\u00fcsch (Polyester): 280 g\/m\u00b2<\/li>\n<li>Liegeplatte mit abnehmbarem Kuschelbett: Handw\u00e4sche<\/li>\n<li>Farbe: grau\/wei\u00df<\/li>\n<li>Grundfl\u00e4che: ca. 56 \u00d7 38 cm<\/li>\n<li>H\u00f6he: ca. 120 cm<\/li>\n<li>St\u00e4mme: ca. \u00f8 12 cm<\/li>\n<li>Farbe: grau\/wei\u00df\/grau<\/li>\n<\/ul>\n<\/ul>\n<\/li>\n<\/ul>\n<\/div>\n<\/div>\n","protected":false},"excerpt":{"rendered":"<p>Sisal\/Pl\u00fcsch (Polyester): 280 g\/m\u00b2 Liegeplatte mit abnehmbarem Kuschelbett: Handw\u00e4sche Farbe: grau\/wei\u00df Grundfl\u00e4che: ca. 56 \u00d7 38 cm H\u00f6he: ca. 120 cm St\u00e4mme: ca. \u00f8 12 cm Farbe: grau\/wei\u00df\/grau<\/p>\n","protected":false},"featured_media":49162,"comment_status":"closed","ping_status":"open","template":"","meta":[],"product_cat":[14520],"product_tag":[],"class_list":{"0":"post-49161","1":"product","2":"type-product","3":"status-publish","4":"has-post-thumbnail","6":"product_cat-bis-175-cm","8":"first","9":"instock","10":"taxable","11":"shipping-taxable","12":"purchasable","13":"product-type-simple"},"_links":{"self":[{"href":"https:\/\/all-pets.de\/shop\/wp-json\/wp\/v2\/product\/49161","targetHints":{"allow":["GET"]}}],"collection":[{"href":"https:\/\/all-pets.de\/shop\/wp-json\/wp\/v2\/product"}],"about":[{"href":"https:\/\/all-pets.de\/shop\/wp-json\/wp\/v2\/types\/product"}],"replies":[{"embeddable":true,"href":"https:\/\/all-pets.de\/shop\/wp-json\/wp\/v2\/comments?post=49161"}],"wp:featuredmedia":[{"embeddable":true,"href":"https:\/\/all-pets.de\/shop\/wp-json\/wp\/v2\/media\/49162"}],"wp:attachment":[{"href":"https:\/\/all-pets.de\/shop\/wp-json\/wp\/v2\/media?parent=49161"}],"wp:term":[{"taxonomy":"product_cat","embeddable":true,"href":"https:\/\/all-pets.de\/shop\/wp-json\/wp\/v2\/product_cat?post=49161"},{"taxonomy":"product_tag","embeddable":true,"href":"https:\/\/all-pets.de\/shop\/wp-json\/wp\/v2\/product_tag?post=49161"}],"curies":[{"name":"wp","href":"https:\/\/api.w.org\/{rel}","templated":true}]}}