{"id":49165,"date":"2023-12-12T12:30:05","date_gmt":"2023-12-12T11:30:05","guid":{"rendered":"https:\/\/pet-shopping.de\/shop\/produkt\/trixie-kratzbaum-baza\/"},"modified":"2023-12-12T12:30:08","modified_gmt":"2023-12-12T11:30:08","slug":"trixie-kratzbaum-baza","status":"publish","type":"product","link":"https:\/\/all-pets.de\/shop\/produkt\/trixie-kratzbaum-baza\/","title":{"rendered":"Trixie Kratzbaum Baza"},"content":{"rendered":"<p>Fellpflege und Kratzspa\u00df in einem<\/p>\n<p>Unser Kratzbaum Baza mit integriertem Fellpflegebogen bietet deiner Samtpfote alles, was sie braucht \u2013 Sisalst\u00e4mme zum Kratzen und Klettern sowie eine gem\u00fctliche Liegemulde zum Ausruhen.<\/p>\n<p>Das Highlight dieses Kratzbaumes ist aber der Fellpflegebogen, der eine optimale Alternative zu einer B\u00fcrste darstellt und die nat\u00fcrliche Fellpflege f\u00f6rdert. Die langlebigen Borsten massieren und pflegen die Haut und das Fell deiner Katze und lose Haare werden so entfernt.<\/p>\n<p><\/p>\n<p><ul><\/ul>\n<\/p>\n<p><ul><\/ul>\n<\/p>\n<ul>\n<ul><\/ul>\n<\/ul>\n<ul>\n<li>Sisal: \u00f8 6 mm \/Langhaar-Pl\u00fcsch (Polyester): 420 g\/m\u00b2<\/li>\n<li>Grundfl\u00e4che: ca. 41 \u00d7 41 cm<\/li>\n<li>H\u00f6he: ca. 50 cm<\/li>\n<li>St\u00e4mme: ca. \u00f8 9 cm<\/li>\n<li>Farbe: grau<\/li>\n<\/ul>\n","protected":false},"excerpt":{"rendered":"<p>Fellpflege und Kratzspa\u00df in einem Unser Kratzbaum Baza mit integriertem Fellpflegebogen bietet deiner Samtpfote alles, was sie braucht \u2013 Sisalst\u00e4mme zum Kratzen und Klettern sowie eine gem\u00fctliche Liegemulde zum Ausruhen. Das Highlight dieses Kratzbaumes ist aber der Fellpflegebogen, der eine optimale Alternative zu einer B\u00fcrste darstellt und die nat\u00fcrliche Fellpflege f\u00f6rdert. Die langlebigen Borsten massieren [&hellip;]<\/p>\n","protected":false},"featured_media":49166,"comment_status":"closed","ping_status":"open","template":"","meta":[],"product_cat":[13901],"product_tag":[],"class_list":{"0":"post-49165","1":"product","2":"type-product","3":"status-publish","4":"has-post-thumbnail","6":"product_cat-bis-100-cm","8":"first","9":"instock","10":"taxable","11":"shipping-taxable","12":"purchasable","13":"product-type-simple"},"_links":{"self":[{"href":"https:\/\/all-pets.de\/shop\/wp-json\/wp\/v2\/product\/49165","targetHints":{"allow":["GET"]}}],"collection":[{"href":"https:\/\/all-pets.de\/shop\/wp-json\/wp\/v2\/product"}],"about":[{"href":"https:\/\/all-pets.de\/shop\/wp-json\/wp\/v2\/types\/product"}],"replies":[{"embeddable":true,"href":"https:\/\/all-pets.de\/shop\/wp-json\/wp\/v2\/comments?post=49165"}],"wp:featuredmedia":[{"embeddable":true,"href":"https:\/\/all-pets.de\/shop\/wp-json\/wp\/v2\/media\/49166"}],"wp:attachment":[{"href":"https:\/\/all-pets.de\/shop\/wp-json\/wp\/v2\/media?parent=49165"}],"wp:term":[{"taxonomy":"product_cat","embeddable":true,"href":"https:\/\/all-pets.de\/shop\/wp-json\/wp\/v2\/product_cat?post=49165"},{"taxonomy":"product_tag","embeddable":true,"href":"https:\/\/all-pets.de\/shop\/wp-json\/wp\/v2\/product_tag?post=49165"}],"curies":[{"name":"wp","href":"https:\/\/api.w.org\/{rel}","templated":true}]}}