{"id":49169,"date":"2023-12-12T12:30:05","date_gmt":"2023-12-12T11:30:05","guid":{"rendered":"https:\/\/pet-shopping.de\/shop\/produkt\/trixie-be-nordic-kratzbaum-freia\/"},"modified":"2023-12-12T12:30:09","modified_gmt":"2023-12-12T11:30:09","slug":"trixie-be-nordic-kratzbaum-freia","status":"publish","type":"product","link":"https:\/\/all-pets.de\/shop\/produkt\/trixie-be-nordic-kratzbaum-freia\/","title":{"rendered":"Trixie BE NORDIC Kratzbaum Freia"},"content":{"rendered":"<p>Nordischer Style f\u00fcr dein Wohnzimmer \u2013 mit dem BE NORDIC Kratzbaum Freia<\/p>\n<p>Kratzbaum Freia ist nicht nur eine perfekte Ausruh- und Klettergelegenheit f\u00fcr deine Katze, sondern auch optisch ein toller Einrichtungsgegenstand f\u00fcr deinen Wohnbereich. Sandfarbener Canvas und anthrazit lackiertes Sperrholz vermitteln ein maritimes Feeling \u2013 gleichzeitig verf\u00fcgt unser Kratzbaum \u00fcber zwei bequeme H\u00f6hlen mit Wendekissen, eine gem\u00fctliche H\u00e4ngematte sowie ein Kuschelbett auf der oberen Etage und diverse Kratz- und Kletterfl\u00e4chen aus Sisal.<\/p>\n<p><\/p>\n<div class=\"mb-3 row\">\n<div class=\"col\">\n<ul>\n<li>\n<ul>\n<ul>\n<li>Sisal: \u00f8 5 mm\/Sperrholz (lackiert)\/Canvas<\/li>\n<li>mit 3 Wendekissen: Handw\u00e4sche<\/li>\n<li>Kuschelbett mit Wendekissen (Polyester): Handw\u00e4sche<\/li>\n<li>mit H\u00e4ngematte<\/li>\n<li>Grundfl\u00e4che: ca. 70 \u00d7 58 cm<\/li>\n<li>H\u00f6he: ca. 123 cm<\/li>\n<li>St\u00e4mme: ca. \u00f8 9 cm<\/li>\n<li>Farbe: anthrazit\/sand<\/li>\n<\/ul>\n<\/ul>\n<\/li>\n<\/ul>\n<\/div>\n<\/div>\n","protected":false},"excerpt":{"rendered":"<p>Nordischer Style f\u00fcr dein Wohnzimmer \u2013 mit dem BE NORDIC Kratzbaum Freia Kratzbaum Freia ist nicht nur eine perfekte Ausruh- und Klettergelegenheit f\u00fcr deine Katze, sondern auch optisch ein toller Einrichtungsgegenstand f\u00fcr deinen Wohnbereich. Sandfarbener Canvas und anthrazit lackiertes Sperrholz vermitteln ein maritimes Feeling \u2013 gleichzeitig verf\u00fcgt unser Kratzbaum \u00fcber zwei bequeme H\u00f6hlen mit Wendekissen, [&hellip;]<\/p>\n","protected":false},"featured_media":49170,"comment_status":"closed","ping_status":"open","template":"","meta":[],"product_cat":[14520],"product_tag":[],"class_list":{"0":"post-49169","1":"product","2":"type-product","3":"status-publish","4":"has-post-thumbnail","6":"product_cat-bis-175-cm","8":"first","9":"instock","10":"taxable","11":"shipping-taxable","12":"purchasable","13":"product-type-simple"},"_links":{"self":[{"href":"https:\/\/all-pets.de\/shop\/wp-json\/wp\/v2\/product\/49169","targetHints":{"allow":["GET"]}}],"collection":[{"href":"https:\/\/all-pets.de\/shop\/wp-json\/wp\/v2\/product"}],"about":[{"href":"https:\/\/all-pets.de\/shop\/wp-json\/wp\/v2\/types\/product"}],"replies":[{"embeddable":true,"href":"https:\/\/all-pets.de\/shop\/wp-json\/wp\/v2\/comments?post=49169"}],"wp:featuredmedia":[{"embeddable":true,"href":"https:\/\/all-pets.de\/shop\/wp-json\/wp\/v2\/media\/49170"}],"wp:attachment":[{"href":"https:\/\/all-pets.de\/shop\/wp-json\/wp\/v2\/media?parent=49169"}],"wp:term":[{"taxonomy":"product_cat","embeddable":true,"href":"https:\/\/all-pets.de\/shop\/wp-json\/wp\/v2\/product_cat?post=49169"},{"taxonomy":"product_tag","embeddable":true,"href":"https:\/\/all-pets.de\/shop\/wp-json\/wp\/v2\/product_tag?post=49169"}],"curies":[{"name":"wp","href":"https:\/\/api.w.org\/{rel}","templated":true}]}}