{"id":49173,"date":"2023-12-12T12:30:05","date_gmt":"2023-12-12T11:30:05","guid":{"rendered":"https:\/\/pet-shopping.de\/shop\/produkt\/trixie-kratzbaum-xxl-ramiro\/"},"modified":"2023-12-12T12:30:09","modified_gmt":"2023-12-12T11:30:09","slug":"trixie-kratzbaum-xxl-ramiro","status":"publish","type":"product","link":"https:\/\/all-pets.de\/shop\/produkt\/trixie-kratzbaum-xxl-ramiro\/","title":{"rendered":"Trixie Kratzbaum XXL Ramiro"},"content":{"rendered":"<ul>\n<li>besonders f\u00fcr gro\u00dfe Katzen geeignet<\/li>\n<li>Jute: \u00f8 5 mm\/Pl\u00fcsch (Polyester): 280 g\/m\u00b2<\/li>\n<li>H\u00f6hle komplett mit Pl\u00fcsch (Polyester) und 2 Wendekissen (Handw\u00e4sche) ausgestattet<\/li>\n<li>mit Liegemulde<\/li>\n<li>Grundfl\u00e4che: ca. 46 \u00d7 46 cm<\/li>\n<li>H\u00f6he: ca. 110 cm<\/li>\n<li>St\u00e4mme: ca. \u00f8 9 cm<\/li>\n<li>Farbe: lichtgrau<\/li>\n<\/ul>\n","protected":false},"excerpt":{"rendered":"<p>besonders f\u00fcr gro\u00dfe Katzen geeignet Jute: \u00f8 5 mm\/Pl\u00fcsch (Polyester): 280 g\/m\u00b2 H\u00f6hle komplett mit Pl\u00fcsch (Polyester) und 2 Wendekissen (Handw\u00e4sche) ausgestattet mit Liegemulde Grundfl\u00e4che: ca. 46 \u00d7 46 cm H\u00f6he: ca. 110 cm St\u00e4mme: ca. \u00f8 9 cm Farbe: lichtgrau<\/p>\n","protected":false},"featured_media":49174,"comment_status":"closed","ping_status":"open","template":"","meta":[],"product_cat":[15182],"product_tag":[],"class_list":{"0":"post-49173","1":"product","2":"type-product","3":"status-publish","4":"has-post-thumbnail","6":"product_cat-bis-175-cm-kratzbaeume-moebel-kratzbaum-fuer-grosse-katzenkatzenwelt","8":"first","9":"instock","10":"taxable","11":"shipping-taxable","12":"purchasable","13":"product-type-simple"},"_links":{"self":[{"href":"https:\/\/all-pets.de\/shop\/wp-json\/wp\/v2\/product\/49173","targetHints":{"allow":["GET"]}}],"collection":[{"href":"https:\/\/all-pets.de\/shop\/wp-json\/wp\/v2\/product"}],"about":[{"href":"https:\/\/all-pets.de\/shop\/wp-json\/wp\/v2\/types\/product"}],"replies":[{"embeddable":true,"href":"https:\/\/all-pets.de\/shop\/wp-json\/wp\/v2\/comments?post=49173"}],"wp:featuredmedia":[{"embeddable":true,"href":"https:\/\/all-pets.de\/shop\/wp-json\/wp\/v2\/media\/49174"}],"wp:attachment":[{"href":"https:\/\/all-pets.de\/shop\/wp-json\/wp\/v2\/media?parent=49173"}],"wp:term":[{"taxonomy":"product_cat","embeddable":true,"href":"https:\/\/all-pets.de\/shop\/wp-json\/wp\/v2\/product_cat?post=49173"},{"taxonomy":"product_tag","embeddable":true,"href":"https:\/\/all-pets.de\/shop\/wp-json\/wp\/v2\/product_tag?post=49173"}],"curies":[{"name":"wp","href":"https:\/\/api.w.org\/{rel}","templated":true}]}}