{"id":49181,"date":"2023-12-12T12:30:05","date_gmt":"2023-12-12T11:30:05","guid":{"rendered":"https:\/\/pet-shopping.de\/shop\/produkt\/trixie-napf-set-aus-keramik-holz-grau-natur\/"},"modified":"2023-12-12T12:30:11","modified_gmt":"2023-12-12T11:30:11","slug":"trixie-napf-set-aus-keramik-holz-grau-natur","status":"publish","type":"product","link":"https:\/\/all-pets.de\/shop\/produkt\/trixie-napf-set-aus-keramik-holz-grau-natur\/","title":{"rendered":"Trixie Napf-Set aus Keramik\/Holz &#8211; grau\/natur"},"content":{"rendered":"<ul>\n<li>rutschfest durch Silikonpunkte<\/li>\n<li>N\u00e4pfe sp\u00fclmaschinenfest<\/li>\n<li>Fassungsverm\u00f6gen: 0,3 l<\/li>\n<li>Ma\u00dfe: ca. 31 \u00d7 6 \u00d7 16 cm<\/li>\n<li>Farbe: grau\/natur<\/li>\n<\/ul>\n","protected":false},"excerpt":{"rendered":"<p>rutschfest durch Silikonpunkte N\u00e4pfe sp\u00fclmaschinenfest Fassungsverm\u00f6gen: 0,3 l Ma\u00dfe: ca. 31 \u00d7 6 \u00d7 16 cm Farbe: grau\/natur<\/p>\n","protected":false},"featured_media":49182,"comment_status":"closed","ping_status":"open","template":"","meta":[],"product_cat":[15188],"product_tag":[],"class_list":{"0":"post-49181","1":"product","2":"type-product","3":"status-publish","4":"has-post-thumbnail","6":"product_cat-futter-wassernaepfe-hundenaepfe-traenken-futter-wassernaepfehundewelt-katzennaepfe-traenken-napfstaenderkatzenwelt","8":"first","9":"instock","10":"taxable","11":"shipping-taxable","12":"purchasable","13":"product-type-simple"},"_links":{"self":[{"href":"https:\/\/all-pets.de\/shop\/wp-json\/wp\/v2\/product\/49181","targetHints":{"allow":["GET"]}}],"collection":[{"href":"https:\/\/all-pets.de\/shop\/wp-json\/wp\/v2\/product"}],"about":[{"href":"https:\/\/all-pets.de\/shop\/wp-json\/wp\/v2\/types\/product"}],"replies":[{"embeddable":true,"href":"https:\/\/all-pets.de\/shop\/wp-json\/wp\/v2\/comments?post=49181"}],"wp:featuredmedia":[{"embeddable":true,"href":"https:\/\/all-pets.de\/shop\/wp-json\/wp\/v2\/media\/49182"}],"wp:attachment":[{"href":"https:\/\/all-pets.de\/shop\/wp-json\/wp\/v2\/media?parent=49181"}],"wp:term":[{"taxonomy":"product_cat","embeddable":true,"href":"https:\/\/all-pets.de\/shop\/wp-json\/wp\/v2\/product_cat?post=49181"},{"taxonomy":"product_tag","embeddable":true,"href":"https:\/\/all-pets.de\/shop\/wp-json\/wp\/v2\/product_tag?post=49181"}],"curies":[{"name":"wp","href":"https:\/\/api.w.org\/{rel}","templated":true}]}}