{"id":49185,"date":"2023-12-12T12:30:13","date_gmt":"2023-12-12T11:30:13","guid":{"rendered":"https:\/\/pet-shopping.de\/shop\/produkt\/trixie-flacher-keramiknapf-mit-musterung-blau\/"},"modified":"2023-12-12T12:30:13","modified_gmt":"2023-12-12T11:30:13","slug":"trixie-flacher-keramiknapf-mit-musterung-blau","status":"publish","type":"product","link":"https:\/\/all-pets.de\/shop\/produkt\/trixie-flacher-keramiknapf-mit-musterung-blau\/","title":{"rendered":"Trixie flacher Keramiknapf mit Musterung &#8211; blau"},"content":{"rendered":"<div class=\"mb-3 row\">\n<div class=\"col\">\n<ul>\n<li>\n<ul>\n<ul>\n<li>f\u00fcr Katzen<\/li>\n<li>flache Ausf\u00fchrung<\/li>\n<li>Fassungsverm\u00f6gen: 0,25 l<\/li>\n<li>Durchmesser: ca. 15 cm<\/li>\n<li>Farbe: blau<\/li>\n<\/ul>\n<\/ul>\n<\/li>\n<\/ul>\n<\/div>\n<\/div>\n","protected":false},"excerpt":{"rendered":"<p>f\u00fcr Katzen flache Ausf\u00fchrung Fassungsverm\u00f6gen: 0,25 l Durchmesser: ca. 15 cm Farbe: blau<\/p>\n","protected":false},"featured_media":49186,"comment_status":"closed","ping_status":"open","template":"","meta":[],"product_cat":[13740],"product_tag":[],"class_list":{"0":"post-49185","1":"product","2":"type-product","3":"status-publish","4":"has-post-thumbnail","6":"product_cat-futter-wassernaepfe","8":"first","9":"instock","10":"taxable","11":"shipping-taxable","12":"purchasable","13":"product-type-simple"},"_links":{"self":[{"href":"https:\/\/all-pets.de\/shop\/wp-json\/wp\/v2\/product\/49185","targetHints":{"allow":["GET"]}}],"collection":[{"href":"https:\/\/all-pets.de\/shop\/wp-json\/wp\/v2\/product"}],"about":[{"href":"https:\/\/all-pets.de\/shop\/wp-json\/wp\/v2\/types\/product"}],"replies":[{"embeddable":true,"href":"https:\/\/all-pets.de\/shop\/wp-json\/wp\/v2\/comments?post=49185"}],"wp:featuredmedia":[{"embeddable":true,"href":"https:\/\/all-pets.de\/shop\/wp-json\/wp\/v2\/media\/49186"}],"wp:attachment":[{"href":"https:\/\/all-pets.de\/shop\/wp-json\/wp\/v2\/media?parent=49185"}],"wp:term":[{"taxonomy":"product_cat","embeddable":true,"href":"https:\/\/all-pets.de\/shop\/wp-json\/wp\/v2\/product_cat?post=49185"},{"taxonomy":"product_tag","embeddable":true,"href":"https:\/\/all-pets.de\/shop\/wp-json\/wp\/v2\/product_tag?post=49185"}],"curies":[{"name":"wp","href":"https:\/\/api.w.org\/{rel}","templated":true}]}}