{"id":49198,"date":"2023-12-12T12:30:13","date_gmt":"2023-12-12T11:30:13","guid":{"rendered":"https:\/\/pet-shopping.de\/shop\/produkt\/trixie-badehaus-gross-olivgruen\/"},"modified":"2023-12-12T12:30:15","modified_gmt":"2023-12-12T11:30:15","slug":"trixie-badehaus-gross-olivgruen","status":"publish","type":"product","link":"https:\/\/all-pets.de\/shop\/produkt\/trixie-badehaus-gross-olivgruen\/","title":{"rendered":"Trixie Badehaus &#8211; gro\u00df, olivgr\u00fcn"},"content":{"rendered":"<div class=\"mb-3 row\">\n<div class=\"col\">\n<ul>\n<li>\n<ul>\n<ul>\n<li>zum Einh\u00e4ngen vor die K\u00e4figt\u00fcr<\/li>\n<li>besonders gro\u00dfe Grundfl\u00e4che<\/li>\n<li>optimale T\u00fcr\u00f6ffnung: 15 \u00d7 11 cm<\/li>\n<li>mit verstellbarem Haken<\/li>\n<li>Farbe: olivgr\u00fcn<\/li>\n<li>Kunststoff<\/li>\n<li>entwickelt in Zusammenarbeit mit dem Weltvogelpark Walsrode<\/li>\n<li>Ma\u00dfe: ca. 16 \u00d7 22 \u00d7 16 cm<\/li>\n<li>z.B. f\u00fcr Nymphensittiche, Papageien<\/li>\n<\/ul>\n<\/ul>\n<\/li>\n<\/ul>\n<\/div>\n<\/div>\n","protected":false},"excerpt":{"rendered":"<p>zum Einh\u00e4ngen vor die K\u00e4figt\u00fcr besonders gro\u00dfe Grundfl\u00e4che optimale T\u00fcr\u00f6ffnung: 15 \u00d7 11 cm mit verstellbarem Haken Farbe: olivgr\u00fcn Kunststoff entwickelt in Zusammenarbeit mit dem Weltvogelpark Walsrode Ma\u00dfe: ca. 16 \u00d7 22 \u00d7 16 cm z.B. f\u00fcr Nymphensittiche, Papageien<\/p>\n","protected":false},"featured_media":49199,"comment_status":"closed","ping_status":"open","template":"","meta":[],"product_cat":[13950],"product_tag":[],"class_list":{"0":"post-49198","1":"product","2":"type-product","3":"status-publish","4":"has-post-thumbnail","6":"product_cat-badehaeuser","8":"first","9":"instock","10":"taxable","11":"shipping-taxable","12":"purchasable","13":"product-type-simple"},"_links":{"self":[{"href":"https:\/\/all-pets.de\/shop\/wp-json\/wp\/v2\/product\/49198","targetHints":{"allow":["GET"]}}],"collection":[{"href":"https:\/\/all-pets.de\/shop\/wp-json\/wp\/v2\/product"}],"about":[{"href":"https:\/\/all-pets.de\/shop\/wp-json\/wp\/v2\/types\/product"}],"replies":[{"embeddable":true,"href":"https:\/\/all-pets.de\/shop\/wp-json\/wp\/v2\/comments?post=49198"}],"wp:featuredmedia":[{"embeddable":true,"href":"https:\/\/all-pets.de\/shop\/wp-json\/wp\/v2\/media\/49199"}],"wp:attachment":[{"href":"https:\/\/all-pets.de\/shop\/wp-json\/wp\/v2\/media?parent=49198"}],"wp:term":[{"taxonomy":"product_cat","embeddable":true,"href":"https:\/\/all-pets.de\/shop\/wp-json\/wp\/v2\/product_cat?post=49198"},{"taxonomy":"product_tag","embeddable":true,"href":"https:\/\/all-pets.de\/shop\/wp-json\/wp\/v2\/product_tag?post=49198"}],"curies":[{"name":"wp","href":"https:\/\/api.w.org\/{rel}","templated":true}]}}