{"id":49202,"date":"2023-12-12T12:30:13","date_gmt":"2023-12-12T11:30:13","guid":{"rendered":"https:\/\/pet-shopping.de\/shop\/produkt\/trixie-badehaus-zum-einhaengen-oder-stellen\/"},"modified":"2023-12-12T12:30:16","modified_gmt":"2023-12-12T11:30:16","slug":"trixie-badehaus-zum-einhaengen-oder-stellen","status":"publish","type":"product","link":"https:\/\/all-pets.de\/shop\/produkt\/trixie-badehaus-zum-einhaengen-oder-stellen\/","title":{"rendered":"Trixie Badehaus zum Einh\u00e4ngen oder Stellen"},"content":{"rendered":"<div class=\"mb-3 row\">\n<div class=\"col\">\n<ul>\n<li>\n<ul>\n<ul>\n<li>zum Einh\u00e4ngen oder Stellen in den K\u00e4fig<\/li>\n<li>besonders gro\u00dfe Grundfl\u00e4che<\/li>\n<li>mit stabilen Drahtseilen und Sicherheitshaken<\/li>\n<li>optimale T\u00fcr\u00f6ffnung: \u00f8 13 cm<\/li>\n<li>Farbe: blau<\/li>\n<li>Kunststoff<\/li>\n<li>entwickelt in Zusammenarbeit mit dem Weltvogelpark Walsrode<\/li>\n<li>Ma\u00dfe: ca. 20 \u00d7 20 \u00d7 17,5 cm<\/li>\n<li>z.B. f\u00fcr Kanarien, Wellensittiche<\/li>\n<\/ul>\n<\/ul>\n<\/li>\n<\/ul>\n<\/div>\n<\/div>\n","protected":false},"excerpt":{"rendered":"<p>zum Einh\u00e4ngen oder Stellen in den K\u00e4fig besonders gro\u00dfe Grundfl\u00e4che mit stabilen Drahtseilen und Sicherheitshaken optimale T\u00fcr\u00f6ffnung: \u00f8 13 cm Farbe: blau Kunststoff entwickelt in Zusammenarbeit mit dem Weltvogelpark Walsrode Ma\u00dfe: ca. 20 \u00d7 20 \u00d7 17,5 cm z.B. f\u00fcr Kanarien, Wellensittiche<\/p>\n","protected":false},"featured_media":49203,"comment_status":"closed","ping_status":"open","template":"","meta":[],"product_cat":[13950],"product_tag":[],"class_list":{"0":"post-49202","1":"product","2":"type-product","3":"status-publish","4":"has-post-thumbnail","6":"product_cat-badehaeuser","8":"first","9":"instock","10":"taxable","11":"shipping-taxable","12":"purchasable","13":"product-type-simple"},"_links":{"self":[{"href":"https:\/\/all-pets.de\/shop\/wp-json\/wp\/v2\/product\/49202","targetHints":{"allow":["GET"]}}],"collection":[{"href":"https:\/\/all-pets.de\/shop\/wp-json\/wp\/v2\/product"}],"about":[{"href":"https:\/\/all-pets.de\/shop\/wp-json\/wp\/v2\/types\/product"}],"replies":[{"embeddable":true,"href":"https:\/\/all-pets.de\/shop\/wp-json\/wp\/v2\/comments?post=49202"}],"wp:featuredmedia":[{"embeddable":true,"href":"https:\/\/all-pets.de\/shop\/wp-json\/wp\/v2\/media\/49203"}],"wp:attachment":[{"href":"https:\/\/all-pets.de\/shop\/wp-json\/wp\/v2\/media?parent=49202"}],"wp:term":[{"taxonomy":"product_cat","embeddable":true,"href":"https:\/\/all-pets.de\/shop\/wp-json\/wp\/v2\/product_cat?post=49202"},{"taxonomy":"product_tag","embeddable":true,"href":"https:\/\/all-pets.de\/shop\/wp-json\/wp\/v2\/product_tag?post=49202"}],"curies":[{"name":"wp","href":"https:\/\/api.w.org\/{rel}","templated":true}]}}