{"id":49220,"date":"2023-12-12T12:30:20","date_gmt":"2023-12-12T11:30:20","guid":{"rendered":"https:\/\/pet-shopping.de\/shop\/produkt\/trixie-xmas-weihnachtsfliege\/"},"modified":"2023-12-12T12:30:20","modified_gmt":"2023-12-12T11:30:20","slug":"trixie-xmas-weihnachtsfliege","status":"publish","type":"product","link":"https:\/\/all-pets.de\/shop\/produkt\/trixie-xmas-weihnachtsfliege\/","title":{"rendered":"Trixie Xmas Weihnachtsfliege"},"content":{"rendered":"<div class=\"mb-3 row\">\n<div class=\"col\">\n<ul>\n<li>\n<ul>\n<ul>\n<li>zur Befestigung am Halsband<\/li>\n<li>Polyester<\/li>\n<li>Gr\u00f6\u00dfe: ca. 10 cm<\/li>\n<li>Diverse Motive. Eine Motivwahl ist leider nicht m\u00f6glich, da die Variante je nach Lagerbestand gew\u00e4hlt wird.<\/li>\n<\/ul>\n<\/ul>\n<\/li>\n<\/ul>\n<\/div>\n<\/div>\n","protected":false},"excerpt":{"rendered":"<p>zur Befestigung am Halsband Polyester Gr\u00f6\u00dfe: ca. 10 cm Diverse Motive. Eine Motivwahl ist leider nicht m\u00f6glich, da die Variante je nach Lagerbestand gew\u00e4hlt wird.<\/p>\n","protected":false},"featured_media":49221,"comment_status":"closed","ping_status":"open","template":"","meta":[],"product_cat":[14098],"product_tag":[],"class_list":{"0":"post-49220","1":"product","2":"type-product","3":"status-publish","4":"has-post-thumbnail","6":"product_cat-hunde-x-mas","8":"first","9":"instock","10":"taxable","11":"shipping-taxable","12":"purchasable","13":"product-type-simple"},"_links":{"self":[{"href":"https:\/\/all-pets.de\/shop\/wp-json\/wp\/v2\/product\/49220","targetHints":{"allow":["GET"]}}],"collection":[{"href":"https:\/\/all-pets.de\/shop\/wp-json\/wp\/v2\/product"}],"about":[{"href":"https:\/\/all-pets.de\/shop\/wp-json\/wp\/v2\/types\/product"}],"replies":[{"embeddable":true,"href":"https:\/\/all-pets.de\/shop\/wp-json\/wp\/v2\/comments?post=49220"}],"wp:featuredmedia":[{"embeddable":true,"href":"https:\/\/all-pets.de\/shop\/wp-json\/wp\/v2\/media\/49221"}],"wp:attachment":[{"href":"https:\/\/all-pets.de\/shop\/wp-json\/wp\/v2\/media?parent=49220"}],"wp:term":[{"taxonomy":"product_cat","embeddable":true,"href":"https:\/\/all-pets.de\/shop\/wp-json\/wp\/v2\/product_cat?post=49220"},{"taxonomy":"product_tag","embeddable":true,"href":"https:\/\/all-pets.de\/shop\/wp-json\/wp\/v2\/product_tag?post=49220"}],"curies":[{"name":"wp","href":"https:\/\/api.w.org\/{rel}","templated":true}]}}