{"id":49233,"date":"2023-12-12T12:30:20","date_gmt":"2023-12-12T11:30:20","guid":{"rendered":"https:\/\/pet-shopping.de\/shop\/produkt\/zeus-k9-fitness-hydro-discus\/"},"modified":"2023-12-12T12:30:23","modified_gmt":"2023-12-12T11:30:23","slug":"zeus-k9-fitness-hydro-discus","status":"publish","type":"product","link":"https:\/\/all-pets.de\/shop\/produkt\/zeus-k9-fitness-hydro-discus\/","title":{"rendered":"Zeus K9 Fitness HYDRO Discus"},"content":{"rendered":"<p>Machen Sie mit dem Zeus K9 Fitness HYDRO Hundespielzeug eine Apportierrunde im Pool, am See oder am Strand. Wasserspiele sind eine gro\u00dfartige M\u00f6glichkeit, Ihr Haustier abzuk\u00fchlen, wenn die Temperatur steigt. Zeus K9 Fitness HYDRO-Spielzeuge eignen sich perfekt zum Verbessern der Apportierf\u00e4higkeiten, zur F\u00f6rderung der Bewegung und zum einfachen, alten Spa\u00df und sorgen mit Sicherheit f\u00fcr Furore!<\/p>\n<p><\/p>\n<p>Hauptmerkmale:<\/p>\n<ul>\n<li>Hergestellt aus einer Kombination aus Nylon und Neopren<\/li>\n<li>Inklusive Quietscher<\/li>\n<li>Durchmesser: ca. 22 cm<\/li>\n<\/ul>\n","protected":false},"excerpt":{"rendered":"<p>Machen Sie mit dem Zeus K9 Fitness HYDRO Hundespielzeug eine Apportierrunde im Pool, am See oder am Strand. Wasserspiele sind eine gro\u00dfartige M\u00f6glichkeit, Ihr Haustier abzuk\u00fchlen, wenn die Temperatur steigt. Zeus K9 Fitness HYDRO-Spielzeuge eignen sich perfekt zum Verbessern der Apportierf\u00e4higkeiten, zur F\u00f6rderung der Bewegung und zum einfachen, alten Spa\u00df und sorgen mit Sicherheit f\u00fcr [&hellip;]<\/p>\n","protected":false},"featured_media":49234,"comment_status":"closed","ping_status":"open","template":"","meta":[],"product_cat":[14353],"product_tag":[],"class_list":{"0":"post-49233","1":"product","2":"type-product","3":"status-publish","4":"has-post-thumbnail","6":"product_cat-hundewurfspielzeug-hundespielzeug-sport-aqua-spielzeughundewelt","8":"first","9":"instock","10":"taxable","11":"shipping-taxable","12":"purchasable","13":"product-type-simple"},"_links":{"self":[{"href":"https:\/\/all-pets.de\/shop\/wp-json\/wp\/v2\/product\/49233","targetHints":{"allow":["GET"]}}],"collection":[{"href":"https:\/\/all-pets.de\/shop\/wp-json\/wp\/v2\/product"}],"about":[{"href":"https:\/\/all-pets.de\/shop\/wp-json\/wp\/v2\/types\/product"}],"replies":[{"embeddable":true,"href":"https:\/\/all-pets.de\/shop\/wp-json\/wp\/v2\/comments?post=49233"}],"wp:featuredmedia":[{"embeddable":true,"href":"https:\/\/all-pets.de\/shop\/wp-json\/wp\/v2\/media\/49234"}],"wp:attachment":[{"href":"https:\/\/all-pets.de\/shop\/wp-json\/wp\/v2\/media?parent=49233"}],"wp:term":[{"taxonomy":"product_cat","embeddable":true,"href":"https:\/\/all-pets.de\/shop\/wp-json\/wp\/v2\/product_cat?post=49233"},{"taxonomy":"product_tag","embeddable":true,"href":"https:\/\/all-pets.de\/shop\/wp-json\/wp\/v2\/product_tag?post=49233"}],"curies":[{"name":"wp","href":"https:\/\/api.w.org\/{rel}","templated":true}]}}