{"id":49235,"date":"2023-12-12T12:30:20","date_gmt":"2023-12-12T11:30:20","guid":{"rendered":"https:\/\/pet-shopping.de\/shop\/produkt\/dokas-kaninchenohren-ohne-fell-getrocknet-70-g\/"},"modified":"2023-12-12T12:30:23","modified_gmt":"2023-12-12T11:30:23","slug":"dokas-kaninchenohren-ohne-fell-getrocknet-70-g","status":"publish","type":"product","link":"https:\/\/all-pets.de\/shop\/produkt\/dokas-kaninchenohren-ohne-fell-getrocknet-70-g\/","title":{"rendered":"Dokas Kaninchenohren ohne Fell getrocknet 70 g"},"content":{"rendered":"<p>Deine Beute! Der pure und nat\u00fcrliche Snack f\u00fcr Ihren Vierbeiner! Unsere Kaninchenohren sind Kauspass pur und ein authentisches Futtererlebnis f\u00fcr den besonderen Snack-Moment. Auch ein artgerechter BARF-Snack.<\/p>\n<p>Deklaration: 100% Kaninichenohren<\/p>\n<p>Als Belohnung zwischen den \u00fcblichen Mahlzeiten. Reduzierung der t\u00e4glichen Futtermenge nach Bedarf (Siehe Energieangabe). Stets ausreichend Trinkwasser bereitstellen. <\/p>\n<p>Nach Anbruch bitte k\u00fchl und trocken lagern. Frischebeutel verschlie\u00dfen und Inhalt bald verf\u00fcttern. <\/p>\n<p>Der im Beutel befindliche Absorber dient der Frische des Produktes und ist nicht zum Verzehr geeignet. Den Snack unter Aufsicht f\u00fcttern.<\/p>\n","protected":false},"excerpt":{"rendered":"<p>Deine Beute! Der pure und nat\u00fcrliche Snack f\u00fcr Ihren Vierbeiner! Unsere Kaninchenohren sind Kauspass pur und ein authentisches Futtererlebnis f\u00fcr den besonderen Snack-Moment. Auch ein artgerechter BARF-Snack. Deklaration: 100% Kaninichenohren Als Belohnung zwischen den \u00fcblichen Mahlzeiten. Reduzierung der t\u00e4glichen Futtermenge nach Bedarf (Siehe Energieangabe). Stets ausreichend Trinkwasser bereitstellen. Nach Anbruch bitte k\u00fchl und trocken lagern. [&hellip;]<\/p>\n","protected":false},"featured_media":49236,"comment_status":"closed","ping_status":"open","template":"","meta":[],"product_cat":[13814],"product_tag":[],"class_list":{"0":"post-49235","1":"product","2":"type-product","3":"status-publish","4":"has-post-thumbnail","6":"product_cat-dokas","8":"first","9":"instock","10":"taxable","11":"shipping-taxable","12":"purchasable","13":"product-type-simple"},"_links":{"self":[{"href":"https:\/\/all-pets.de\/shop\/wp-json\/wp\/v2\/product\/49235","targetHints":{"allow":["GET"]}}],"collection":[{"href":"https:\/\/all-pets.de\/shop\/wp-json\/wp\/v2\/product"}],"about":[{"href":"https:\/\/all-pets.de\/shop\/wp-json\/wp\/v2\/types\/product"}],"replies":[{"embeddable":true,"href":"https:\/\/all-pets.de\/shop\/wp-json\/wp\/v2\/comments?post=49235"}],"wp:featuredmedia":[{"embeddable":true,"href":"https:\/\/all-pets.de\/shop\/wp-json\/wp\/v2\/media\/49236"}],"wp:attachment":[{"href":"https:\/\/all-pets.de\/shop\/wp-json\/wp\/v2\/media?parent=49235"}],"wp:term":[{"taxonomy":"product_cat","embeddable":true,"href":"https:\/\/all-pets.de\/shop\/wp-json\/wp\/v2\/product_cat?post=49235"},{"taxonomy":"product_tag","embeddable":true,"href":"https:\/\/all-pets.de\/shop\/wp-json\/wp\/v2\/product_tag?post=49235"}],"curies":[{"name":"wp","href":"https:\/\/api.w.org\/{rel}","templated":true}]}}