{"id":49237,"date":"2023-12-12T12:30:20","date_gmt":"2023-12-12T11:30:20","guid":{"rendered":"https:\/\/pet-shopping.de\/shop\/produkt\/trixie-kuschelbett-kaninchen\/"},"modified":"2023-12-12T12:30:25","modified_gmt":"2023-12-12T11:30:25","slug":"trixie-kuschelbett-kaninchen","status":"publish","type":"product","link":"https:\/\/all-pets.de\/shop\/produkt\/trixie-kuschelbett-kaninchen\/","title":{"rendered":"Trixie Kuschelbett Kaninchen"},"content":{"rendered":"<div class=\"mb-3 row\">\n<div class=\"col\">\n<ul>\n<li>\n<ul>\n<ul>\n<li>Lammfell-Optik<\/li>\n<li>Polyester-Bezug<\/li>\n<li>Liegefl\u00e4che: Schaumstoff-F\u00fcllung<\/li>\n<li>Rand: Polyestervlies-F\u00fcllung<\/li>\n<li>rutschfester Gummiboden<\/li>\n<li>per Handw\u00e4sche zu reinigen<\/li>\n<li>Ma\u00dfe: ca. 40 \u00d7 33 cm<\/li>\n<li>Farbe: wollwei\u00df<\/li>\n<\/ul>\n<\/ul>\n<\/li>\n<\/ul>\n<\/div>\n<\/div>\n","protected":false},"excerpt":{"rendered":"<p>Lammfell-Optik Polyester-Bezug Liegefl\u00e4che: Schaumstoff-F\u00fcllung Rand: Polyestervlies-F\u00fcllung rutschfester Gummiboden per Handw\u00e4sche zu reinigen Ma\u00dfe: ca. 40 \u00d7 33 cm Farbe: wollwei\u00df<\/p>\n","protected":false},"featured_media":49238,"comment_status":"closed","ping_status":"open","template":"","meta":[],"product_cat":[13841],"product_tag":[],"class_list":{"0":"post-49237","1":"product","2":"type-product","3":"status-publish","4":"has-post-thumbnail","6":"product_cat-betten-haengematten","8":"first","9":"instock","10":"taxable","11":"shipping-taxable","12":"purchasable","13":"product-type-simple"},"_links":{"self":[{"href":"https:\/\/all-pets.de\/shop\/wp-json\/wp\/v2\/product\/49237","targetHints":{"allow":["GET"]}}],"collection":[{"href":"https:\/\/all-pets.de\/shop\/wp-json\/wp\/v2\/product"}],"about":[{"href":"https:\/\/all-pets.de\/shop\/wp-json\/wp\/v2\/types\/product"}],"replies":[{"embeddable":true,"href":"https:\/\/all-pets.de\/shop\/wp-json\/wp\/v2\/comments?post=49237"}],"wp:featuredmedia":[{"embeddable":true,"href":"https:\/\/all-pets.de\/shop\/wp-json\/wp\/v2\/media\/49238"}],"wp:attachment":[{"href":"https:\/\/all-pets.de\/shop\/wp-json\/wp\/v2\/media?parent=49237"}],"wp:term":[{"taxonomy":"product_cat","embeddable":true,"href":"https:\/\/all-pets.de\/shop\/wp-json\/wp\/v2\/product_cat?post=49237"},{"taxonomy":"product_tag","embeddable":true,"href":"https:\/\/all-pets.de\/shop\/wp-json\/wp\/v2\/product_tag?post=49237"}],"curies":[{"name":"wp","href":"https:\/\/api.w.org\/{rel}","templated":true}]}}