{"id":49249,"date":"2023-12-12T12:30:27","date_gmt":"2023-12-12T11:30:27","guid":{"rendered":"https:\/\/pet-shopping.de\/shop\/produkt\/dokas-cat-mini-steaks-huhn-fisch-25g\/"},"modified":"2023-12-12T12:30:27","modified_gmt":"2023-12-12T11:30:27","slug":"dokas-cat-mini-steaks-huhn-fisch-25g","status":"publish","type":"product","link":"https:\/\/all-pets.de\/shop\/produkt\/dokas-cat-mini-steaks-huhn-fisch-25g\/","title":{"rendered":"Dokas Cat Mini-Steaks Huhn + Fisch 25g"},"content":{"rendered":"<p>Das Gourmet-Leckerli f\u00fcr Ihre Samtpfote. Katzen lieben Fleisch und Fisch. Hochwertigen Zutaten und die Kombination aus Huhn. Lachs und Kabeljau machen diesen Snack zum besonderen Genuss.<\/p>\n<p>52 % Huhn (47 % H\u00fchnerbrustfilet, 5 % H\u00fchnerleber), 23 % Fisch (13 % Lachs, 10 % Kabeljau), pflanzliche Nebenerzeugnisse<\/p>\n<p>WEENDER: Rohprotein: 35,0%  Rohfett: 3,6%  Rohasche: 3,8%  Rohfaser: 0,5%  Feuchtigkeit: 22,4%<\/p>\n<p>Als Belohnung zwischen den \u00fcblichen Mahlzeiten. Reduzierung der t\u00e4glichen Futtermenge nach Bedarf (Siehe Energieangabe). Stets ausreichend Trinkwasser bereitstellen. Nach Anbruch bitte k\u00fchl und trocken lagern. Frischebeutel verschlie\u00dfen und Inhalt bald verf\u00fcttern. Der im Beutel befindliche Absorber dient der Frische des Produktes und ist nicht zum Verzehr geeignet. Den Snack unter Aufsicht f\u00fcttern.<\/p>\n","protected":false},"excerpt":{"rendered":"<p>Das Gourmet-Leckerli f\u00fcr Ihre Samtpfote. Katzen lieben Fleisch und Fisch. Hochwertigen Zutaten und die Kombination aus Huhn. Lachs und Kabeljau machen diesen Snack zum besonderen Genuss. 52 % Huhn (47 % H\u00fchnerbrustfilet, 5 % H\u00fchnerleber), 23 % Fisch (13 % Lachs, 10 % Kabeljau), pflanzliche Nebenerzeugnisse WEENDER: Rohprotein: 35,0% Rohfett: 3,6% Rohasche: 3,8% Rohfaser: 0,5% [&hellip;]<\/p>\n","protected":false},"featured_media":49250,"comment_status":"closed","ping_status":"open","template":"","meta":[],"product_cat":[13781],"product_tag":[],"class_list":{"0":"post-49249","1":"product","2":"type-product","3":"status-publish","4":"has-post-thumbnail","6":"product_cat-dokas-cat","8":"first","9":"instock","10":"taxable","11":"shipping-taxable","12":"purchasable","13":"product-type-simple"},"_links":{"self":[{"href":"https:\/\/all-pets.de\/shop\/wp-json\/wp\/v2\/product\/49249","targetHints":{"allow":["GET"]}}],"collection":[{"href":"https:\/\/all-pets.de\/shop\/wp-json\/wp\/v2\/product"}],"about":[{"href":"https:\/\/all-pets.de\/shop\/wp-json\/wp\/v2\/types\/product"}],"replies":[{"embeddable":true,"href":"https:\/\/all-pets.de\/shop\/wp-json\/wp\/v2\/comments?post=49249"}],"wp:featuredmedia":[{"embeddable":true,"href":"https:\/\/all-pets.de\/shop\/wp-json\/wp\/v2\/media\/49250"}],"wp:attachment":[{"href":"https:\/\/all-pets.de\/shop\/wp-json\/wp\/v2\/media?parent=49249"}],"wp:term":[{"taxonomy":"product_cat","embeddable":true,"href":"https:\/\/all-pets.de\/shop\/wp-json\/wp\/v2\/product_cat?post=49249"},{"taxonomy":"product_tag","embeddable":true,"href":"https:\/\/all-pets.de\/shop\/wp-json\/wp\/v2\/product_tag?post=49249"}],"curies":[{"name":"wp","href":"https:\/\/api.w.org\/{rel}","templated":true}]}}