{"id":49255,"date":"2023-12-12T12:30:27","date_gmt":"2023-12-12T11:30:27","guid":{"rendered":"https:\/\/pet-shopping.de\/shop\/produkt\/brit-care-cat-snack-shiny-hair-50g\/"},"modified":"2023-12-12T12:30:29","modified_gmt":"2023-12-12T11:30:29","slug":"brit-care-cat-snack-shiny-hair-50g","status":"publish","type":"product","link":"https:\/\/all-pets.de\/shop\/produkt\/brit-care-cat-snack-shiny-hair-50g\/","title":{"rendered":"Brit Care Cat Snack Shiny Hair 50g"},"content":{"rendered":"<p>Erg\u00e4nzungsfuttermittel f\u00fcr Katzen.<\/p>\n<p>Funktionale Snacks f\u00fcr ein gl\u00e4nzendes Fell. Lachs mit Sanddorn, Ringelblume und Hagebutte.<\/p>\n<p>\u2022\u00a0zur individuellen Unterst\u00fctzung des Wohlbefindens<br \/>\u2022\u00a0die schmackhafte Belohnung<br \/>\u2022\u00a0getreidefrei<\/p>\n<p>Zusammensetzung<br \/>Lachsmehl (22%), gelbe Erbsen, Tapiokast\u00e4rke, fl\u00fcssige St\u00e4rke, hydrolisiertes Gefl\u00fcgelprotein (10%), Kollagen, Lachs\u00f6l (5%), Sanddorn (4%), Ringelblume (4%), hydrolisierte H\u00fchnerleber, Hagebutte (0,5%).<\/p>\n<p>Analytische Bestandteile<br \/>Rohprotein 26,0 %, Rohfett 9,0 %, Rohasche 7,0 %, Rohfaser 1,5 %, Feuchtigkeit 17,0 %, Kalzium 0,8 %, Phosphor 0,7 %, Natrium 0,8 %.<\/p>\n<p>Ern\u00e4hrungsphysiologische Zusatzstoffe je kg<br \/>Biotin: 2mg, Vitamin B1 (3a821) 6mg, Vitamin B2 4mg, Niacinamid (3a315) 40mg, Kalzium D-pantothenat (3a841) 6mg, Vitamin B6 (3a831) 2mg, Taurin (3a370) 2500mg, Zink (E6) 160mg. Enth\u00e4lt EU zugelassene Konservierungsmittel: Zitronens\u00e4ure (E330), DL-Apfels\u00e4ure (E296).<\/p>\n<p>Idealerweise aus der Hand als Belohnung und Leckerli f\u00fcr deine Katze servieren, um Momente des gegenseitigen Wohlbefindens und der Ruhe zu genie\u00dfen. Vergiss nicht, eine Schale mit frischem Wasser f\u00fcr deine Katze bereitzustellen.<\/p>\n","protected":false},"excerpt":{"rendered":"<p>Erg\u00e4nzungsfuttermittel f\u00fcr Katzen. Funktionale Snacks f\u00fcr ein gl\u00e4nzendes Fell. Lachs mit Sanddorn, Ringelblume und Hagebutte. \u2022\u00a0zur individuellen Unterst\u00fctzung des Wohlbefindens\u2022\u00a0die schmackhafte Belohnung\u2022\u00a0getreidefrei ZusammensetzungLachsmehl (22%), gelbe Erbsen, Tapiokast\u00e4rke, fl\u00fcssige St\u00e4rke, hydrolisiertes Gefl\u00fcgelprotein (10%), Kollagen, Lachs\u00f6l (5%), Sanddorn (4%), Ringelblume (4%), hydrolisierte H\u00fchnerleber, Hagebutte (0,5%). Analytische BestandteileRohprotein 26,0 %, Rohfett 9,0 %, Rohasche 7,0 %, Rohfaser 1,5 [&hellip;]<\/p>\n","protected":false},"featured_media":49256,"comment_status":"closed","ping_status":"open","template":"","meta":[],"product_cat":[15198],"product_tag":[],"class_list":{"0":"post-49255","1":"product","2":"type-product","3":"status-publish","4":"has-post-thumbnail","6":"product_cat-brit-care-cat","8":"first","9":"instock","10":"taxable","11":"shipping-taxable","12":"purchasable","13":"product-type-simple"},"_links":{"self":[{"href":"https:\/\/all-pets.de\/shop\/wp-json\/wp\/v2\/product\/49255","targetHints":{"allow":["GET"]}}],"collection":[{"href":"https:\/\/all-pets.de\/shop\/wp-json\/wp\/v2\/product"}],"about":[{"href":"https:\/\/all-pets.de\/shop\/wp-json\/wp\/v2\/types\/product"}],"replies":[{"embeddable":true,"href":"https:\/\/all-pets.de\/shop\/wp-json\/wp\/v2\/comments?post=49255"}],"wp:featuredmedia":[{"embeddable":true,"href":"https:\/\/all-pets.de\/shop\/wp-json\/wp\/v2\/media\/49256"}],"wp:attachment":[{"href":"https:\/\/all-pets.de\/shop\/wp-json\/wp\/v2\/media?parent=49255"}],"wp:term":[{"taxonomy":"product_cat","embeddable":true,"href":"https:\/\/all-pets.de\/shop\/wp-json\/wp\/v2\/product_cat?post=49255"},{"taxonomy":"product_tag","embeddable":true,"href":"https:\/\/all-pets.de\/shop\/wp-json\/wp\/v2\/product_tag?post=49255"}],"curies":[{"name":"wp","href":"https:\/\/api.w.org\/{rel}","templated":true}]}}