{"id":49257,"date":"2023-12-12T12:30:27","date_gmt":"2023-12-12T11:30:27","guid":{"rendered":"https:\/\/pet-shopping.de\/shop\/produkt\/brit-care-cat-snack-hairball-50g\/"},"modified":"2023-12-12T12:30:29","modified_gmt":"2023-12-12T11:30:29","slug":"brit-care-cat-snack-hairball-50g","status":"publish","type":"product","link":"https:\/\/all-pets.de\/shop\/produkt\/brit-care-cat-snack-hairball-50g\/","title":{"rendered":"Brit Care Cat Snack Hairball 50g"},"content":{"rendered":"<p>Erg\u00e4nzungsfuttermittel f\u00fcr Katzen.<\/p>\n<p>Funktionale Snacks f\u00fcr den verbesserten Durchgang von Haarballen. Ente mit Lachs\u00f6l, Sanddorn und Flohsamen.<\/p>\n<p>\u2022\u00a0zur individuellen Unterst\u00fctzung des Wohlbefindens<br \/>\u2022\u00a0die schmackhafte Belohnung<br \/>\u2022\u00a0getreidefrei<\/p>\n<p>Zusammensetzung<br \/>Entenmehl (22%), gelbe Erbsen, Tapiokast\u00e4rke, fl\u00fcssige St\u00e4rke, hydrolisiertes Gefl\u00fcgelprotein (10%), Kollagen, Lignocellulose (5%), Lachs\u00f6l (5%), Sanddorn (4%), Flohsamen (4%), hydrolisierte H\u00fchnerleber.<\/p>\n<p>Analytische Bestandteile<br \/>Rohprotein 26,0 %, Rohfett 9,0 %, Rohasche 6,0 %, Rohfaser 4,0 %, Feuchtigkeit 17,0 %, Kalzium 0,7 %, Phosphor 0,6 %, Natrium 0,5 %.<\/p>\n<p>Ern\u00e4hrungsphysiologische Bestandteile je kg<br \/>Taurin (3a370) 2500mg. Enth\u00e4lt EU zugelassene Konservierungsmittel: Zitronens\u00e4ure (E330), DL-Apfels\u00e4ure (E296).<\/p>\n<p><\/p>\n<p>Idealerweise aus der Hand als Belohnung und Leckerli f\u00fcr deine Katze servieren, um Momente des gegenseitigen Wohlbefindens und der Ruhe zu genie\u00dfen. Vergiss nicht, eine Schale mit frischem Wasser f\u00fcr deine Katze bereitzustellen.<\/p>\n","protected":false},"excerpt":{"rendered":"<p>Erg\u00e4nzungsfuttermittel f\u00fcr Katzen. Funktionale Snacks f\u00fcr den verbesserten Durchgang von Haarballen. Ente mit Lachs\u00f6l, Sanddorn und Flohsamen. \u2022\u00a0zur individuellen Unterst\u00fctzung des Wohlbefindens\u2022\u00a0die schmackhafte Belohnung\u2022\u00a0getreidefrei ZusammensetzungEntenmehl (22%), gelbe Erbsen, Tapiokast\u00e4rke, fl\u00fcssige St\u00e4rke, hydrolisiertes Gefl\u00fcgelprotein (10%), Kollagen, Lignocellulose (5%), Lachs\u00f6l (5%), Sanddorn (4%), Flohsamen (4%), hydrolisierte H\u00fchnerleber. Analytische BestandteileRohprotein 26,0 %, Rohfett 9,0 %, Rohasche 6,0 %, [&hellip;]<\/p>\n","protected":false},"featured_media":49258,"comment_status":"closed","ping_status":"open","template":"","meta":[],"product_cat":[15198],"product_tag":[],"class_list":{"0":"post-49257","1":"product","2":"type-product","3":"status-publish","4":"has-post-thumbnail","6":"product_cat-brit-care-cat","8":"first","9":"instock","10":"taxable","11":"shipping-taxable","12":"purchasable","13":"product-type-simple"},"_links":{"self":[{"href":"https:\/\/all-pets.de\/shop\/wp-json\/wp\/v2\/product\/49257","targetHints":{"allow":["GET"]}}],"collection":[{"href":"https:\/\/all-pets.de\/shop\/wp-json\/wp\/v2\/product"}],"about":[{"href":"https:\/\/all-pets.de\/shop\/wp-json\/wp\/v2\/types\/product"}],"replies":[{"embeddable":true,"href":"https:\/\/all-pets.de\/shop\/wp-json\/wp\/v2\/comments?post=49257"}],"wp:featuredmedia":[{"embeddable":true,"href":"https:\/\/all-pets.de\/shop\/wp-json\/wp\/v2\/media\/49258"}],"wp:attachment":[{"href":"https:\/\/all-pets.de\/shop\/wp-json\/wp\/v2\/media?parent=49257"}],"wp:term":[{"taxonomy":"product_cat","embeddable":true,"href":"https:\/\/all-pets.de\/shop\/wp-json\/wp\/v2\/product_cat?post=49257"},{"taxonomy":"product_tag","embeddable":true,"href":"https:\/\/all-pets.de\/shop\/wp-json\/wp\/v2\/product_tag?post=49257"}],"curies":[{"name":"wp","href":"https:\/\/api.w.org\/{rel}","templated":true}]}}