{"id":49263,"date":"2023-12-12T12:30:31","date_gmt":"2023-12-12T11:30:31","guid":{"rendered":"https:\/\/pet-shopping.de\/shop\/produkt\/brit-care-cat-snack-superfruits-kitten-100g\/"},"modified":"2023-12-12T12:30:31","modified_gmt":"2023-12-12T11:30:31","slug":"brit-care-cat-snack-superfruits-kitten-100g","status":"publish","type":"product","link":"https:\/\/all-pets.de\/shop\/produkt\/brit-care-cat-snack-superfruits-kitten-100g\/","title":{"rendered":"Brit Care Cat Snack Superfruits &#8211; Kitten 100g"},"content":{"rendered":"<p>Erg\u00e4nzungsfuttermittel f\u00fcr K\u00e4tzchen.<\/p>\n<p>Knusprige Superfood-Snackauswahl mit Kokosnuss und Heidelbeere.<\/p>\n<p>\u2022\u00a0in der praktischen Snackdose<br \/>\u2022\u00a0mit Fr\u00fcchten und wertvollen Vitaminen<br \/>\u2022\u00a0abgestimmt auf die individuellen Bed\u00fcrfnisse von K\u00e4tzchen<\/p>\n<p>Zusammensetzung<br \/>H\u00fchnermehl (40%), gelbe Erbsen, hydrolisiertes H\u00fchnerprotein (10%), H\u00fchnerfett (stabilisiert mit Tocopherolen, 9%), S\u00fc\u00dfkartoffeln, Tapiokast\u00e4rke, Kokosnuss (4%), Blaubeeren (4%), hydrolisierte H\u00fchnerleber, Lachs\u00f6l (2%), Leinsamen (1%).<\/p>\n<p>Analytische Bestandteile<br \/>Rohprotein 36,0 %, Rohfett 17,0 %, Rohasche 6,8 %, Rohfaser 1,5 %, Feuchtigkeit 10,0 %, Kalzium 1,0 %, Phosphor 0,9 %, Natrium 0,3 %.<\/p>\n<p>Idealerweise aus der Hand als Belohnung und Leckerli f\u00fcr deine Katze servieren, um Momente des gegenseitigen Wohlbefindens und der Ruhe zu genie\u00dfen. Vergiss nicht, eine Schale mit frischem Wasser f\u00fcr deine Katze bereitzustellen.<\/p>\n","protected":false},"excerpt":{"rendered":"<p>Erg\u00e4nzungsfuttermittel f\u00fcr K\u00e4tzchen. Knusprige Superfood-Snackauswahl mit Kokosnuss und Heidelbeere. \u2022\u00a0in der praktischen Snackdose\u2022\u00a0mit Fr\u00fcchten und wertvollen Vitaminen\u2022\u00a0abgestimmt auf die individuellen Bed\u00fcrfnisse von K\u00e4tzchen ZusammensetzungH\u00fchnermehl (40%), gelbe Erbsen, hydrolisiertes H\u00fchnerprotein (10%), H\u00fchnerfett (stabilisiert mit Tocopherolen, 9%), S\u00fc\u00dfkartoffeln, Tapiokast\u00e4rke, Kokosnuss (4%), Blaubeeren (4%), hydrolisierte H\u00fchnerleber, Lachs\u00f6l (2%), Leinsamen (1%). Analytische BestandteileRohprotein 36,0 %, Rohfett 17,0 %, Rohasche [&hellip;]<\/p>\n","protected":false},"featured_media":49264,"comment_status":"closed","ping_status":"open","template":"","meta":[],"product_cat":[15198],"product_tag":[],"class_list":{"0":"post-49263","1":"product","2":"type-product","3":"status-publish","4":"has-post-thumbnail","6":"product_cat-brit-care-cat","8":"first","9":"instock","10":"taxable","11":"shipping-taxable","12":"purchasable","13":"product-type-simple"},"_links":{"self":[{"href":"https:\/\/all-pets.de\/shop\/wp-json\/wp\/v2\/product\/49263","targetHints":{"allow":["GET"]}}],"collection":[{"href":"https:\/\/all-pets.de\/shop\/wp-json\/wp\/v2\/product"}],"about":[{"href":"https:\/\/all-pets.de\/shop\/wp-json\/wp\/v2\/types\/product"}],"replies":[{"embeddable":true,"href":"https:\/\/all-pets.de\/shop\/wp-json\/wp\/v2\/comments?post=49263"}],"wp:featuredmedia":[{"embeddable":true,"href":"https:\/\/all-pets.de\/shop\/wp-json\/wp\/v2\/media\/49264"}],"wp:attachment":[{"href":"https:\/\/all-pets.de\/shop\/wp-json\/wp\/v2\/media?parent=49263"}],"wp:term":[{"taxonomy":"product_cat","embeddable":true,"href":"https:\/\/all-pets.de\/shop\/wp-json\/wp\/v2\/product_cat?post=49263"},{"taxonomy":"product_tag","embeddable":true,"href":"https:\/\/all-pets.de\/shop\/wp-json\/wp\/v2\/product_tag?post=49263"}],"curies":[{"name":"wp","href":"https:\/\/api.w.org\/{rel}","templated":true}]}}