{"id":49267,"date":"2023-12-12T12:30:31","date_gmt":"2023-12-12T11:30:31","guid":{"rendered":"https:\/\/pet-shopping.de\/shop\/produkt\/brit-care-cat-snack-superfruits-insect-100g\/"},"modified":"2023-12-12T12:30:32","modified_gmt":"2023-12-12T11:30:32","slug":"brit-care-cat-snack-superfruits-insect-100g","status":"publish","type":"product","link":"https:\/\/all-pets.de\/shop\/produkt\/brit-care-cat-snack-superfruits-insect-100g\/","title":{"rendered":"Brit Care Cat Snack Superfruits &#8211; Insect 100g"},"content":{"rendered":"<p>Erg\u00e4nzungsfuttermittel f\u00fcr Katzen.<\/p>\n<p>Knusprige Superfood-Snackauswahl mit Insektenprotein, Hagebutte und Kokos.<\/p>\n<p>\u2022\u00a0in der praktischen Snackdose<br \/>\u2022\u00a0mit Fr\u00fcchten und wertvollen Vitaminen<br \/>\u2022\u00a0abgestimmt auf die individuellen Bed\u00fcrfnisse von erwachsenen Katzen<\/p>\n<p>Zusammensetzung<br \/>Insektenprotein (30%), gelbe Erbsen, Lachsprotein (15%), Erbsenprotein, Kokos\u00f6l (9%), getrocknete Hagebutten (4%), Lachs\u00f6l (2%), hydrolysiertes Lachsprotein (2%), getrocknete Katzenminze (1%), Leinsamen (1%).<\/p>\n<p>Analytische Bestandteile<br \/>Rohprotein 34,0%, Rohfett 17,0%, Rohasche 5,9%, Rohfaser 1,5%, Feuchtigkeit 10,0%, Kalzium 0,9%, Phosphor 0,7%, Natrium 0,3%, Magnesium 0,1%, Omega-3 0,85%, Omega-6 1,20%.<\/p>\n<p>Enth\u00e4lt von der EU zugelassene Antioxidantien: Tocopherol-Extrakte aus pflanzlichen \u00d6len (1b306(i)), Ascorbylpalmitat (1b304) und Rosmarin-Extrakt.<\/p>\n<p>Idealerweise aus der Hand als Belohnung und Leckerli f\u00fcr deine Katze servieren, um Momente des gegenseitigen Wohlbefindens und der Ruhe zu genie\u00dfen. Vergiss nicht, eine Schale mit frischem Wasser f\u00fcr deine Katze bereitzustellen.<\/p><\/p>\n","protected":false},"excerpt":{"rendered":"<p>Erg\u00e4nzungsfuttermittel f\u00fcr Katzen. Knusprige Superfood-Snackauswahl mit Insektenprotein, Hagebutte und Kokos. \u2022\u00a0in der praktischen Snackdose\u2022\u00a0mit Fr\u00fcchten und wertvollen Vitaminen\u2022\u00a0abgestimmt auf die individuellen Bed\u00fcrfnisse von erwachsenen Katzen ZusammensetzungInsektenprotein (30%), gelbe Erbsen, Lachsprotein (15%), Erbsenprotein, Kokos\u00f6l (9%), getrocknete Hagebutten (4%), Lachs\u00f6l (2%), hydrolysiertes Lachsprotein (2%), getrocknete Katzenminze (1%), Leinsamen (1%). Analytische BestandteileRohprotein 34,0%, Rohfett 17,0%, Rohasche 5,9%, Rohfaser [&hellip;]<\/p>\n","protected":false},"featured_media":49268,"comment_status":"closed","ping_status":"open","template":"","meta":[],"product_cat":[15198],"product_tag":[],"class_list":{"0":"post-49267","1":"product","2":"type-product","3":"status-publish","4":"has-post-thumbnail","6":"product_cat-brit-care-cat","8":"first","9":"instock","10":"taxable","11":"shipping-taxable","12":"purchasable","13":"product-type-simple"},"_links":{"self":[{"href":"https:\/\/all-pets.de\/shop\/wp-json\/wp\/v2\/product\/49267","targetHints":{"allow":["GET"]}}],"collection":[{"href":"https:\/\/all-pets.de\/shop\/wp-json\/wp\/v2\/product"}],"about":[{"href":"https:\/\/all-pets.de\/shop\/wp-json\/wp\/v2\/types\/product"}],"replies":[{"embeddable":true,"href":"https:\/\/all-pets.de\/shop\/wp-json\/wp\/v2\/comments?post=49267"}],"wp:featuredmedia":[{"embeddable":true,"href":"https:\/\/all-pets.de\/shop\/wp-json\/wp\/v2\/media\/49268"}],"wp:attachment":[{"href":"https:\/\/all-pets.de\/shop\/wp-json\/wp\/v2\/media?parent=49267"}],"wp:term":[{"taxonomy":"product_cat","embeddable":true,"href":"https:\/\/all-pets.de\/shop\/wp-json\/wp\/v2\/product_cat?post=49267"},{"taxonomy":"product_tag","embeddable":true,"href":"https:\/\/all-pets.de\/shop\/wp-json\/wp\/v2\/product_tag?post=49267"}],"curies":[{"name":"wp","href":"https:\/\/api.w.org\/{rel}","templated":true}]}}