{"id":49269,"date":"2023-12-12T12:30:31","date_gmt":"2023-12-12T11:30:31","guid":{"rendered":"https:\/\/pet-shopping.de\/shop\/produkt\/brit-care-cat-snack-superfruits-herring-100g\/"},"modified":"2023-12-12T12:30:32","modified_gmt":"2023-12-12T11:30:32","slug":"brit-care-cat-snack-superfruits-herring-100g","status":"publish","type":"product","link":"https:\/\/all-pets.de\/shop\/produkt\/brit-care-cat-snack-superfruits-herring-100g\/","title":{"rendered":"Brit Care Cat Snack Superfruits &#8211; Herring 100g"},"content":{"rendered":"<p>Erg\u00e4nzungsfuttermittel f\u00fcr Katzen.<\/p>\n<p>Knusprige Superfood-Snackauswahl mit Hering und Sanddorn.<\/p>\n<p>\u2022\u00a0in der praktischen Snackdose<br \/>\u2022\u00a0mit Fr\u00fcchten und wertvollen Vitaminen<br \/>\u2022\u00a0abgestimmt auf die individuellen Bed\u00fcrfnisse von erwachsenen Katzen<\/p>\n<p>Zusammensetzung<br \/>Heringprotein (30 %), gelbe Erbsen, H\u00fchnerfett (9 %), Erbsenprotein, hydrolysiertes H\u00fchnerprotein (8 %), getrockneter Sanddorn (4 %), getrocknetes Apfelmark, hydrolysierte H\u00fchnerleber (3 %), Bierhefe (2 %), Lachs\u00f6l (2 %), Erbsenmehl, Leinsamen (1 %), Natriumchlorid (0,5 %), getrocknete Eierschalen (0,1 %).<\/p>\n<p>Analytische Bestandteile<br \/>Rohprotein 37 %, Rohfett 17 %, Rohasche 7 %, Rohfaser 2,5 %, Feuchtigkeit 10 %, Calcium 1,0 %, Phosphor 0,8 %, Natrium 0,9 %, Magnesium 0,05 %, Omega-3 0,75 %, Omega-6 2,35 %.<\/p>\n<p>Enth\u00e4lt von der EU zugelassene Antioxidantien: Tocopherol-Extrakte aus Pflanzen\u00f6len (1b306(i)), Ascorbylpalmitat (1b304) und Rosmarin-Extrakt.<\/p>\n<p>Idealerweise aus der Hand als Belohnung und Leckerli f\u00fcr deine Katze servieren, um Momente des gegenseitigen Wohlbefindens und der Ruhe zu genie\u00dfen. Vergiss nicht, eine Schale mit frischem Wasser f\u00fcr deine Katze bereitzustellen.<\/p><\/p>\n","protected":false},"excerpt":{"rendered":"<p>Erg\u00e4nzungsfuttermittel f\u00fcr Katzen. Knusprige Superfood-Snackauswahl mit Hering und Sanddorn. \u2022\u00a0in der praktischen Snackdose\u2022\u00a0mit Fr\u00fcchten und wertvollen Vitaminen\u2022\u00a0abgestimmt auf die individuellen Bed\u00fcrfnisse von erwachsenen Katzen ZusammensetzungHeringprotein (30 %), gelbe Erbsen, H\u00fchnerfett (9 %), Erbsenprotein, hydrolysiertes H\u00fchnerprotein (8 %), getrockneter Sanddorn (4 %), getrocknetes Apfelmark, hydrolysierte H\u00fchnerleber (3 %), Bierhefe (2 %), Lachs\u00f6l (2 %), Erbsenmehl, Leinsamen [&hellip;]<\/p>\n","protected":false},"featured_media":49270,"comment_status":"closed","ping_status":"open","template":"","meta":[],"product_cat":[15198],"product_tag":[],"class_list":{"0":"post-49269","1":"product","2":"type-product","3":"status-publish","4":"has-post-thumbnail","6":"product_cat-brit-care-cat","8":"first","9":"instock","10":"taxable","11":"shipping-taxable","12":"purchasable","13":"product-type-simple"},"_links":{"self":[{"href":"https:\/\/all-pets.de\/shop\/wp-json\/wp\/v2\/product\/49269","targetHints":{"allow":["GET"]}}],"collection":[{"href":"https:\/\/all-pets.de\/shop\/wp-json\/wp\/v2\/product"}],"about":[{"href":"https:\/\/all-pets.de\/shop\/wp-json\/wp\/v2\/types\/product"}],"replies":[{"embeddable":true,"href":"https:\/\/all-pets.de\/shop\/wp-json\/wp\/v2\/comments?post=49269"}],"wp:featuredmedia":[{"embeddable":true,"href":"https:\/\/all-pets.de\/shop\/wp-json\/wp\/v2\/media\/49270"}],"wp:attachment":[{"href":"https:\/\/all-pets.de\/shop\/wp-json\/wp\/v2\/media?parent=49269"}],"wp:term":[{"taxonomy":"product_cat","embeddable":true,"href":"https:\/\/all-pets.de\/shop\/wp-json\/wp\/v2\/product_cat?post=49269"},{"taxonomy":"product_tag","embeddable":true,"href":"https:\/\/all-pets.de\/shop\/wp-json\/wp\/v2\/product_tag?post=49269"}],"curies":[{"name":"wp","href":"https:\/\/api.w.org\/{rel}","templated":true}]}}