{"id":49271,"date":"2023-12-12T12:30:31","date_gmt":"2023-12-12T11:30:31","guid":{"rendered":"https:\/\/pet-shopping.de\/shop\/produkt\/brit-care-cat-pb-fillets-in-gravy-truthahn-kitten-85g\/"},"modified":"2023-12-12T12:30:33","modified_gmt":"2023-12-12T11:30:33","slug":"brit-care-cat-pb-fillets-in-gravy-truthahn-kitten-85g","status":"publish","type":"product","link":"https:\/\/all-pets.de\/shop\/produkt\/brit-care-cat-pb-fillets-in-gravy-truthahn-kitten-85g\/","title":{"rendered":"Brit Care Cat PB Fillets in Gravy &#8211; Truthahn Kitten 85g"},"content":{"rendered":"<p>Brit Care Cat Pouch Kitten Fillets in Gravy with Tender Turkey<br \/>Filets in So\u00dfe mit zartem Truthahn, angereichert mit Sanddorn und Kapuzinerkresse.<\/p>\n<p>Superpremium-Nassfutter f\u00fcr K\u00e4tzchen.<br \/>Als Alleinfutter oder auch als leckere Erg\u00e4nzung zum Trockenfutter f\u00fcr zus\u00e4tzliche Abwechslung und Geschmack. <\/p>\n<p>Dank des Zusatzes von Sanddorn und Kapuzinerkresse helfen sie, Erkrankungen der Harnwege vorzubeugen. Kapuzinerkresse ist ein nat\u00fcrliches Antibiotikum. Sie wirkt zur Vorbeugung der Bildung von Harnsteinen bei sterilisierten und \u00e4lteren Katzen. Sie hat eine starke antibakterielle und antiseptische Wirkung und wirkt positiv auf die Verdauung und f\u00f6rdert das Immunsystem. Der Sanddorn ist eine au\u00dfergew\u00f6hnliche Pflanze mit einer breiten Palette von positiven Effekten auf die Gesundheit des K\u00f6rpers, insbesondere auf das Immun- und Verdauungssystem. Dar\u00fcber hinaus tr\u00e4gt er zur Erhaltung einer gesunden Haut bei und hat einen g\u00fcnstigen Einfluss auf die Funktionen des Herzens, der Augen- und Mundschleimh\u00e4ute sowie auf den Haarglanz.<br \/>&#8211; Getreidefreie Rezeptur<br \/>&#8211; 85% Fleischanteil in den Filets<br \/>&#8211; Geschmacklich ansprechend<br \/>&#8211; Nat\u00fcrliche Antioxidantien: Rosmarin-Extrakt<\/p>\n<p>Zusammensetzung: 85 % Fleisch in Filets (62% Huhn, 15% Leber, 8% Pute), Br\u00fche, 1% Sanddorn, 0,5% Kapuzinerkresse, Mineralien, Erbsenst\u00e4rke.<\/p>\n<p>Analytische Bestandteile: Rohprotein 9,5%, Rohfett 4,5%, Rohfasern 0,5%, Rohasche 2,0%, Feuchtigkeit 82,0%, Calcium 0,25%, Phosphor 0,2%, Natrium 0,3%.<\/p>\n<p>Nahrungserg\u00e4nzungsmittel pro 1 kg: Vitamin D3 (E671) 280 I.E., Vitamin E (3a700) 160 mg, Biotin (3a880) 0,8 mg, Zink (3b606) 15 mg, Mangan (3b502) 4 mg, Eisen (3b103) 12 mg, Kupfer (3b405) 0,5 mg, Jod (3b201) 0,8 mg, Taurin (3a370) 600 mg, L-Methionin (3c305) 2 000 mg.<\/p>\n<p>Enth\u00e4lt nat\u00fcrliche Antioxidantien: Tocopherol-Extrakte aus Pflanzen\u00f6l (1b306), Ascorbylpalmitat (1b304) und Rosmarin-Extrakt.<\/p>\n<p>F\u00fctterungsempfehlung: Die empfohlene Tagesdosis ist in der F\u00fctterungstabelle angegeben, kann aber je nach Alter, Aktivit\u00e4tsniveau und Umgebung Ihrer Katze variieren. Stellen Sie immer eine Schale mit frischem Wasser bereit. Servieren Sie das Futter bei Raumtemperatur. Wenn Sie das Futter f\u00fcr mehr Abwechslung und Geschmack servieren, achten Sie darauf, die empfohlene t\u00e4gliche Portionsgr\u00f6\u00dfe des normalen Futters Ihrer Katze entsprechend zu reduzieren. Nach dem \u00d6ffnen im K\u00fchlschrank aufbewahren.<br \/>F\u00fctterungstabelle:<br \/>Alter der K\u00e4tzchen (Monate) \/ Pouches pro Tag <br \/>2 \u2013 4 \/ 1.5 &#8211; 2 <\/p>\n<p>4 \u2013 6 \/ 2 \u2013 3 <\/p>\n<p>6 \u2013 12 \/ 3 \u2013 4<\/p>\n<p>Metabolisierbare Energie: 840 kcal\/kg.<\/p>\n","protected":false},"excerpt":{"rendered":"<p>Brit Care Cat Pouch Kitten Fillets in Gravy with Tender TurkeyFilets in So\u00dfe mit zartem Truthahn, angereichert mit Sanddorn und Kapuzinerkresse. Superpremium-Nassfutter f\u00fcr K\u00e4tzchen.Als Alleinfutter oder auch als leckere Erg\u00e4nzung zum Trockenfutter f\u00fcr zus\u00e4tzliche Abwechslung und Geschmack. Dank des Zusatzes von Sanddorn und Kapuzinerkresse helfen sie, Erkrankungen der Harnwege vorzubeugen. Kapuzinerkresse ist ein nat\u00fcrliches Antibiotikum. [&hellip;]<\/p>\n","protected":false},"featured_media":49272,"comment_status":"closed","ping_status":"open","template":"","meta":[],"product_cat":[15199],"product_tag":[],"class_list":{"0":"post-49271","1":"product","2":"type-product","3":"status-publish","4":"has-post-thumbnail","6":"product_cat-brit-care-cat-katzen-nassfutter","8":"first","9":"instock","10":"taxable","11":"shipping-taxable","12":"purchasable","13":"product-type-simple"},"_links":{"self":[{"href":"https:\/\/all-pets.de\/shop\/wp-json\/wp\/v2\/product\/49271","targetHints":{"allow":["GET"]}}],"collection":[{"href":"https:\/\/all-pets.de\/shop\/wp-json\/wp\/v2\/product"}],"about":[{"href":"https:\/\/all-pets.de\/shop\/wp-json\/wp\/v2\/types\/product"}],"replies":[{"embeddable":true,"href":"https:\/\/all-pets.de\/shop\/wp-json\/wp\/v2\/comments?post=49271"}],"wp:featuredmedia":[{"embeddable":true,"href":"https:\/\/all-pets.de\/shop\/wp-json\/wp\/v2\/media\/49272"}],"wp:attachment":[{"href":"https:\/\/all-pets.de\/shop\/wp-json\/wp\/v2\/media?parent=49271"}],"wp:term":[{"taxonomy":"product_cat","embeddable":true,"href":"https:\/\/all-pets.de\/shop\/wp-json\/wp\/v2\/product_cat?post=49271"},{"taxonomy":"product_tag","embeddable":true,"href":"https:\/\/all-pets.de\/shop\/wp-json\/wp\/v2\/product_tag?post=49271"}],"curies":[{"name":"wp","href":"https:\/\/api.w.org\/{rel}","templated":true}]}}