{"id":49285,"date":"2023-12-12T12:30:35","date_gmt":"2023-12-12T11:30:35","guid":{"rendered":"https:\/\/pet-shopping.de\/shop\/produkt\/procyon-duck-dummy-mit-kunstfell\/"},"modified":"2023-12-12T12:30:36","modified_gmt":"2023-12-12T11:30:36","slug":"procyon-duck-dummy-mit-kunstfell","status":"publish","type":"product","link":"https:\/\/all-pets.de\/shop\/produkt\/procyon-duck-dummy-mit-kunstfell\/","title":{"rendered":"PROCYON Duck Dummy mit Kunstfell"},"content":{"rendered":"<p>Der Dummy in Entenform l\u00e4sst sich mithilfe des Wurfbandes besonders gut weit werfen und eignet sich durch seine Schwimmf\u00e4higkeit ideal f\u00fcrs Apportiertraining am Wasser und an Land. <\/p>\n<p>Das Fellimitat macht ihn durch die \u00c4hnlichkeit mit Wildtieren besonders interessant.<\/p>\n<p>Gewicht: ca. 300 g<br \/>L\u00e4nge ohne Kordel: ca. 31 cm<\/p>\n","protected":false},"excerpt":{"rendered":"<p>Der Dummy in Entenform l\u00e4sst sich mithilfe des Wurfbandes besonders gut weit werfen und eignet sich durch seine Schwimmf\u00e4higkeit ideal f\u00fcrs Apportiertraining am Wasser und an Land. Das Fellimitat macht ihn durch die \u00c4hnlichkeit mit Wildtieren besonders interessant. Gewicht: ca. 300 gL\u00e4nge ohne Kordel: ca. 31 cm<\/p>\n","protected":false},"featured_media":49286,"comment_status":"closed","ping_status":"open","template":"","meta":[],"product_cat":[15202],"product_tag":[],"class_list":{"0":"post-49285","1":"product","2":"type-product","3":"status-publish","4":"has-post-thumbnail","6":"product_cat-agility-training-hundespielzeug-sport-trainings-zubehoerhundewelt-erziehung-apportierenhundewelt","8":"first","9":"instock","10":"taxable","11":"shipping-taxable","12":"purchasable","13":"product-type-simple"},"_links":{"self":[{"href":"https:\/\/all-pets.de\/shop\/wp-json\/wp\/v2\/product\/49285","targetHints":{"allow":["GET"]}}],"collection":[{"href":"https:\/\/all-pets.de\/shop\/wp-json\/wp\/v2\/product"}],"about":[{"href":"https:\/\/all-pets.de\/shop\/wp-json\/wp\/v2\/types\/product"}],"replies":[{"embeddable":true,"href":"https:\/\/all-pets.de\/shop\/wp-json\/wp\/v2\/comments?post=49285"}],"wp:featuredmedia":[{"embeddable":true,"href":"https:\/\/all-pets.de\/shop\/wp-json\/wp\/v2\/media\/49286"}],"wp:attachment":[{"href":"https:\/\/all-pets.de\/shop\/wp-json\/wp\/v2\/media?parent=49285"}],"wp:term":[{"taxonomy":"product_cat","embeddable":true,"href":"https:\/\/all-pets.de\/shop\/wp-json\/wp\/v2\/product_cat?post=49285"},{"taxonomy":"product_tag","embeddable":true,"href":"https:\/\/all-pets.de\/shop\/wp-json\/wp\/v2\/product_tag?post=49285"}],"curies":[{"name":"wp","href":"https:\/\/api.w.org\/{rel}","templated":true}]}}