{"id":49291,"date":"2023-12-12T12:30:35","date_gmt":"2023-12-12T11:30:35","guid":{"rendered":"https:\/\/pet-shopping.de\/shop\/produkt\/litterlocker-by-litter-genie\/"},"modified":"2023-12-12T12:30:37","modified_gmt":"2023-12-12T11:30:37","slug":"litterlocker-by-litter-genie","status":"publish","type":"product","link":"https:\/\/all-pets.de\/shop\/produkt\/litterlocker-by-litter-genie\/","title":{"rendered":"LitterLocker by Litter Genie"},"content":{"rendered":"<p>Das LitterLocker by Litter Genie\u00ae Katzenstreu-Entsorgungssystem bietet eine einfache L\u00f6sung f\u00fcr unangenehmen Streugeruch. In drei einfachen Schritten kann die Katzenstreu geruchlos entsorgt werden und erspart dadurch den l\u00e4stigen Gang zur M\u00fclltonne. <\/p>\n<p>Der Beh\u00e4lter fasst bis zu 8 Tage verschmutzte Katzenstreu f\u00fcr eine Katze und wird mit einer neuen, l\u00e4nger haltenden Nachf\u00fcllkassette f\u00fcr 3 Monate geliefert. <\/p>\n<p>Die Nachf\u00fcllkassetten bestehen aus einer mehrschichtigen Folie mit Geruchsbarriere, die schlechte Ger\u00fcche sicher einschlie\u00dft. Der Katzenstreu-Eimer hat einen praktischen Griff, eine Schaufel und einen Schaufelhalter sowie eine Nachf\u00fcllkassette f\u00fcr 3 Monate. <\/p>\n<p>Hergestellt in Polen und aus 80% recyceltem Kunststoff.<\/p>\n<p><\/p>\n<div class=\"product-tab-info features-info product-active\">\n<div class=\"features-text\">\n<ul>\n<li>Einfach in nur 3 Schritten zu verwenden. Streu aus der Katzentoilette einsammeln, Streu einwerfen und am Griff ziehen um Streu und Ger\u00fcche einzuschlie\u00dfen.<\/li>\n<li>M\u00fchelose Reinigung &#8211; Die h\u00e4ufigen Wege zur M\u00fclltonne geh\u00f6ren nun der Vergangenheit an. Der LitterLocker by Litter Genie<sup>\u00ae<\/sup> fasst bis zu 8 Tage Katzenstreu (f\u00fcr eine Katze) und die Nachf\u00fcllpackung h\u00e4lt bis zu 3 Monate, sodass Sie mehr Zeit mit Ihrer Katze verbringen k\u00f6nnen.<\/li>\n<li>Ultimative Geruchskontrolle &#8211; der Schiebegriff sorgt f\u00fcr einen luftdichten Verschluss der Streu. Zusammen mit unseren mehrschichtigen Folie mit Geruchsbarrieretechnologie schlie\u00dfen Sie die Ger\u00fcche von verschmutzter Katzenstreu sicher ein.<\/li>\n<li>Nachhaltigere Entsorgung von Katzenstreu &#8211; Der LitterLocker by Litter Genie<sup>\u00ae<\/sup> besteht zu 80 % aus recyceltem Kunststoff.<\/li>\n<li> Erh\u00e4ltlich mit einer neuen, l\u00e4nger haltenden Nachf\u00fcllkassette f\u00fcr 3 Monate.<\/li>\n<\/ul>\n<\/div>\n<\/div>\n<div class=\"product-tab-info features-info product-active\"><\/div>\n<div class=\"product-tab-info features-info product-active\">H\u00f6he: ca. 45cm<\/div><\/p>\n","protected":false},"excerpt":{"rendered":"<p>Das LitterLocker by Litter Genie\u00ae Katzenstreu-Entsorgungssystem bietet eine einfache L\u00f6sung f\u00fcr unangenehmen Streugeruch. In drei einfachen Schritten kann die Katzenstreu geruchlos entsorgt werden und erspart dadurch den l\u00e4stigen Gang zur M\u00fclltonne. Der Beh\u00e4lter fasst bis zu 8 Tage verschmutzte Katzenstreu f\u00fcr eine Katze und wird mit einer neuen, l\u00e4nger haltenden Nachf\u00fcllkassette f\u00fcr 3 Monate geliefert. [&hellip;]<\/p>\n","protected":false},"featured_media":49292,"comment_status":"closed","ping_status":"open","template":"","meta":[],"product_cat":[14219],"product_tag":[],"class_list":{"0":"post-49291","1":"product","2":"type-product","3":"status-publish","4":"has-post-thumbnail","6":"product_cat-toiletten-zubehoer","8":"first","9":"instock","10":"taxable","11":"shipping-taxable","12":"purchasable","13":"product-type-simple"},"_links":{"self":[{"href":"https:\/\/all-pets.de\/shop\/wp-json\/wp\/v2\/product\/49291","targetHints":{"allow":["GET"]}}],"collection":[{"href":"https:\/\/all-pets.de\/shop\/wp-json\/wp\/v2\/product"}],"about":[{"href":"https:\/\/all-pets.de\/shop\/wp-json\/wp\/v2\/types\/product"}],"replies":[{"embeddable":true,"href":"https:\/\/all-pets.de\/shop\/wp-json\/wp\/v2\/comments?post=49291"}],"wp:featuredmedia":[{"embeddable":true,"href":"https:\/\/all-pets.de\/shop\/wp-json\/wp\/v2\/media\/49292"}],"wp:attachment":[{"href":"https:\/\/all-pets.de\/shop\/wp-json\/wp\/v2\/media?parent=49291"}],"wp:term":[{"taxonomy":"product_cat","embeddable":true,"href":"https:\/\/all-pets.de\/shop\/wp-json\/wp\/v2\/product_cat?post=49291"},{"taxonomy":"product_tag","embeddable":true,"href":"https:\/\/all-pets.de\/shop\/wp-json\/wp\/v2\/product_tag?post=49291"}],"curies":[{"name":"wp","href":"https:\/\/api.w.org\/{rel}","templated":true}]}}