{"id":49299,"date":"2023-12-12T12:30:35","date_gmt":"2023-12-12T11:30:35","guid":{"rendered":"https:\/\/pet-shopping.de\/shop\/produkt\/trixie-streuschaufel-fuer-klump-und-silikatstreu-xl\/"},"modified":"2023-12-12T12:30:38","modified_gmt":"2023-12-12T11:30:38","slug":"trixie-streuschaufel-fuer-klump-und-silikatstreu-xl","status":"publish","type":"product","link":"https:\/\/all-pets.de\/shop\/produkt\/trixie-streuschaufel-fuer-klump-und-silikatstreu-xl\/","title":{"rendered":"Trixie Streuschaufel f\u00fcr Klump- und Silikatstreu XL"},"content":{"rendered":"<p>Streul\u00f6ffel aus Kunststoff. Schwere und gro\u00dfe Ausf\u00fchrung. Zum Reinigen von Katzentoiletten, geeignet f\u00fcr Klumpstreu und Silikatstreu.<\/p>\n<p>Diverse Farben. <\/p>\n<p>Eine Farbwahl ist leider nicht m\u00f6glich, da die Farbe je nach Lagerbestand gew\u00e4hlt wird.<\/p>\n","protected":false},"excerpt":{"rendered":"<p>Streul\u00f6ffel aus Kunststoff. Schwere und gro\u00dfe Ausf\u00fchrung. Zum Reinigen von Katzentoiletten, geeignet f\u00fcr Klumpstreu und Silikatstreu. Diverse Farben. Eine Farbwahl ist leider nicht m\u00f6glich, da die Farbe je nach Lagerbestand gew\u00e4hlt wird.<\/p>\n","protected":false},"featured_media":49300,"comment_status":"closed","ping_status":"open","template":"","meta":[],"product_cat":[14219],"product_tag":[],"class_list":{"0":"post-49299","1":"product","2":"type-product","3":"status-publish","4":"has-post-thumbnail","6":"product_cat-toiletten-zubehoer","8":"first","9":"instock","10":"taxable","11":"shipping-taxable","12":"purchasable","13":"product-type-simple"},"_links":{"self":[{"href":"https:\/\/all-pets.de\/shop\/wp-json\/wp\/v2\/product\/49299","targetHints":{"allow":["GET"]}}],"collection":[{"href":"https:\/\/all-pets.de\/shop\/wp-json\/wp\/v2\/product"}],"about":[{"href":"https:\/\/all-pets.de\/shop\/wp-json\/wp\/v2\/types\/product"}],"replies":[{"embeddable":true,"href":"https:\/\/all-pets.de\/shop\/wp-json\/wp\/v2\/comments?post=49299"}],"wp:featuredmedia":[{"embeddable":true,"href":"https:\/\/all-pets.de\/shop\/wp-json\/wp\/v2\/media\/49300"}],"wp:attachment":[{"href":"https:\/\/all-pets.de\/shop\/wp-json\/wp\/v2\/media?parent=49299"}],"wp:term":[{"taxonomy":"product_cat","embeddable":true,"href":"https:\/\/all-pets.de\/shop\/wp-json\/wp\/v2\/product_cat?post=49299"},{"taxonomy":"product_tag","embeddable":true,"href":"https:\/\/all-pets.de\/shop\/wp-json\/wp\/v2\/product_tag?post=49299"}],"curies":[{"name":"wp","href":"https:\/\/api.w.org\/{rel}","templated":true}]}}