{"id":49303,"date":"2023-12-12T12:30:35","date_gmt":"2023-12-12T11:30:35","guid":{"rendered":"https:\/\/pet-shopping.de\/shop\/produkt\/trixie-streuloeffel-fuer-ultrastreu-xl\/"},"modified":"2023-12-12T12:30:39","modified_gmt":"2023-12-12T11:30:39","slug":"trixie-streuloeffel-fuer-ultrastreu-xl","status":"publish","type":"product","link":"https:\/\/all-pets.de\/shop\/produkt\/trixie-streuloeffel-fuer-ultrastreu-xl\/","title":{"rendered":"Trixie Streul\u00f6ffel f\u00fcr Ultrastreu XL"},"content":{"rendered":"<p>Streul\u00f6ffel aus Kunststoff. Schwere und extra gro\u00dfe Ausf\u00fchrung. Zum Reinigen von Katzentoiletten, geeignet f\u00fcr Ultrastreu.<\/p>\n<p>Diverse Farben.<\/p>\n<p>Eine Farbwahl ist leider nicht m\u00f6glich, da die Farbe je nach Lagerbestand gew\u00e4hlt wird.<\/p>\n","protected":false},"excerpt":{"rendered":"<p>Streul\u00f6ffel aus Kunststoff. Schwere und extra gro\u00dfe Ausf\u00fchrung. Zum Reinigen von Katzentoiletten, geeignet f\u00fcr Ultrastreu. Diverse Farben. Eine Farbwahl ist leider nicht m\u00f6glich, da die Farbe je nach Lagerbestand gew\u00e4hlt wird.<\/p>\n","protected":false},"featured_media":49304,"comment_status":"closed","ping_status":"open","template":"","meta":[],"product_cat":[14219],"product_tag":[],"class_list":{"0":"post-49303","1":"product","2":"type-product","3":"status-publish","4":"has-post-thumbnail","6":"product_cat-toiletten-zubehoer","8":"first","9":"instock","10":"taxable","11":"shipping-taxable","12":"purchasable","13":"product-type-simple"},"_links":{"self":[{"href":"https:\/\/all-pets.de\/shop\/wp-json\/wp\/v2\/product\/49303","targetHints":{"allow":["GET"]}}],"collection":[{"href":"https:\/\/all-pets.de\/shop\/wp-json\/wp\/v2\/product"}],"about":[{"href":"https:\/\/all-pets.de\/shop\/wp-json\/wp\/v2\/types\/product"}],"replies":[{"embeddable":true,"href":"https:\/\/all-pets.de\/shop\/wp-json\/wp\/v2\/comments?post=49303"}],"wp:featuredmedia":[{"embeddable":true,"href":"https:\/\/all-pets.de\/shop\/wp-json\/wp\/v2\/media\/49304"}],"wp:attachment":[{"href":"https:\/\/all-pets.de\/shop\/wp-json\/wp\/v2\/media?parent=49303"}],"wp:term":[{"taxonomy":"product_cat","embeddable":true,"href":"https:\/\/all-pets.de\/shop\/wp-json\/wp\/v2\/product_cat?post=49303"},{"taxonomy":"product_tag","embeddable":true,"href":"https:\/\/all-pets.de\/shop\/wp-json\/wp\/v2\/product_tag?post=49303"}],"curies":[{"name":"wp","href":"https:\/\/api.w.org\/{rel}","templated":true}]}}