{"id":49309,"date":"2023-12-12T12:30:41","date_gmt":"2023-12-12T11:30:41","guid":{"rendered":"https:\/\/pet-shopping.de\/shop\/produkt\/brit-care-cat-pb-fillets-in-jelly-ente-truthahn-sterilized-85g\/"},"modified":"2023-12-12T12:30:41","modified_gmt":"2023-12-12T11:30:41","slug":"brit-care-cat-pb-fillets-in-jelly-ente-truthahn-sterilized-85g","status":"publish","type":"product","link":"https:\/\/all-pets.de\/shop\/produkt\/brit-care-cat-pb-fillets-in-jelly-ente-truthahn-sterilized-85g\/","title":{"rendered":"Brit Care Cat PB Fillets in Jelly &#8211; Ente &#038; Truthahn Sterilized 85g"},"content":{"rendered":"<p>Brit Care Cat Pouch sterilized Fillets in Jelly with Hearty Duck &#038; Tender Turkey<br \/>Filets in Gelee mit herzhafter Ente &#038; zarter Pute, angereichert mit Karotte &#038; Rosmarin. <\/p>\n<p>Superpremium-Nassfutter f\u00fcr ausgewachsene, sterilisierte Katzen.<br \/>Als Alleinfuttermittel oder auch als leckere Erg\u00e4nzung zum Trockenfutter f\u00fcr zus\u00e4tzliche Abwechslung und Geschmack.<\/p>\n<p>&#8211; Getreidefreie Rezeptur<br \/>&#8211; 85% Fleischanteil in den Filets<br \/>&#8211; Geschmacklich ansprechend<br \/>&#8211; Karotte und Rosmarin f\u00fcr eine gesunde Verdauung<br \/>&#8211; Ohne GMO &#8211; Ohne Soja \u2013 Ohne Zuckerzusatz<\/p>\n<p>Zusammensetzung: 85% Fleisch in Filets (62 % Huhn, 15 % Leber, 4 % Ente, 4 % Pute), Br\u00fche, 3 % Karotten, 0,5 % Rosmarin, Mineralien, Erbsenst\u00e4rke.<\/p>\n<p>Analytische Bestandteile: Rohprotein 9,0 %, Rohfett 3,5 %, Rohfaser 0,5 %, Rohasche 2,0 %, Feuchtigkeit 82,0 %, Calcium 0,25 %, Phosphor 0,2 %, Natrium 0,3 %<\/p>\n<p>N\u00e4hrwertzus\u00e4tze pro 1 kg: Vitamin D3 (E671) 250 I.E., Vitamin E (3a700) 150 mg, Biotin (3a880) 0,5 mg, Zink (3b606) 12 mg, Mangan (3b502) 3 mg, Eisen (3b103) 10 mg, Kupfer (3b405) 0,4 mg, Jod (3b201) 0,7 mg, Taurin (3a370) 500 mg, L-Methionin (3c305) 2.000 mg<br \/>Umsetzbare Energie: 840 kcal\/kg.<br \/>Enth\u00e4lt nat\u00fcrliche Antioxidantien: Tocopherol-Extrakte aus Pflanzen\u00f6l (1b306), Ascorbylpalmitat (1b304) und Rosmarin-Extrakt.<\/p>\n<p>F\u00fctterungsempfehlung: Die empfohlene Tagesdosis ist in der F\u00fctterungstabelle angegeben, kann aber je nach Alter, Aktivit\u00e4tsniveau und Umgebung Ihrer Katze variieren. Stellen Sie immer eine Schale mit frischem Wasser bereit. Servieren Sie das Futter bei Raumtemperatur. \u00a0<br \/>Wenn Sie das Futter f\u00fcr mehr Abwechslung und Geschmack servieren, achten Sie darauf, die empfohlene t\u00e4gliche Portionsgr\u00f6\u00dfe des normalen Futters Ihrer Katze entsprechend zu reduzieren. Nach dem \u00d6ffnen im K\u00fchlschrank aufbewahren.<\/p>\n<p>F\u00fctterungstabelle:<br \/>Gewicht der Katze (kg) \/ Pouches pro Tag <br \/>3 \/ 2<br \/>4 \u2013 6 \/ 3 &#8211; 4<br \/>6 \u2013 8 \/ 4 &#8211; 6<\/p>\n","protected":false},"excerpt":{"rendered":"<p>Brit Care Cat Pouch sterilized Fillets in Jelly with Hearty Duck &#038; Tender TurkeyFilets in Gelee mit herzhafter Ente &#038; zarter Pute, angereichert mit Karotte &#038; Rosmarin. Superpremium-Nassfutter f\u00fcr ausgewachsene, sterilisierte Katzen.Als Alleinfuttermittel oder auch als leckere Erg\u00e4nzung zum Trockenfutter f\u00fcr zus\u00e4tzliche Abwechslung und Geschmack. &#8211; Getreidefreie Rezeptur&#8211; 85% Fleischanteil in den Filets&#8211; Geschmacklich ansprechend&#8211; [&hellip;]<\/p>\n","protected":false},"featured_media":49310,"comment_status":"closed","ping_status":"open","template":"","meta":[],"product_cat":[15199],"product_tag":[],"class_list":{"0":"post-49309","1":"product","2":"type-product","3":"status-publish","4":"has-post-thumbnail","6":"product_cat-brit-care-cat-katzen-nassfutter","8":"first","9":"instock","10":"taxable","11":"shipping-taxable","12":"purchasable","13":"product-type-simple"},"_links":{"self":[{"href":"https:\/\/all-pets.de\/shop\/wp-json\/wp\/v2\/product\/49309","targetHints":{"allow":["GET"]}}],"collection":[{"href":"https:\/\/all-pets.de\/shop\/wp-json\/wp\/v2\/product"}],"about":[{"href":"https:\/\/all-pets.de\/shop\/wp-json\/wp\/v2\/types\/product"}],"replies":[{"embeddable":true,"href":"https:\/\/all-pets.de\/shop\/wp-json\/wp\/v2\/comments?post=49309"}],"wp:featuredmedia":[{"embeddable":true,"href":"https:\/\/all-pets.de\/shop\/wp-json\/wp\/v2\/media\/49310"}],"wp:attachment":[{"href":"https:\/\/all-pets.de\/shop\/wp-json\/wp\/v2\/media?parent=49309"}],"wp:term":[{"taxonomy":"product_cat","embeddable":true,"href":"https:\/\/all-pets.de\/shop\/wp-json\/wp\/v2\/product_cat?post=49309"},{"taxonomy":"product_tag","embeddable":true,"href":"https:\/\/all-pets.de\/shop\/wp-json\/wp\/v2\/product_tag?post=49309"}],"curies":[{"name":"wp","href":"https:\/\/api.w.org\/{rel}","templated":true}]}}