{"id":49311,"date":"2023-12-12T12:30:41","date_gmt":"2023-12-12T11:30:41","guid":{"rendered":"https:\/\/pet-shopping.de\/shop\/produkt\/brit-care-cat-pb-fillets-in-jelly-lachs-kitten-85g\/"},"modified":"2023-12-12T12:30:41","modified_gmt":"2023-12-12T11:30:41","slug":"brit-care-cat-pb-fillets-in-jelly-lachs-kitten-85g","status":"publish","type":"product","link":"https:\/\/all-pets.de\/shop\/produkt\/brit-care-cat-pb-fillets-in-jelly-lachs-kitten-85g\/","title":{"rendered":"Brit Care Cat PB Fillets in Jelly &#8211; Lachs Kitten 85g"},"content":{"rendered":"<p>Brit Care Cat Pouch Kitten Fillets in Jelly with Savory Salmon<br \/>Filets in Gelee mit herzhaftem Lachs, angereichert mit Karotte &#038; Rosmarin.<\/p>\n<p>Superpremium-Nassfutter f\u00fcr K\u00e4tzchen.<\/p>\n<p>Als Alleinfuttermittel oder auch als leckere Erg\u00e4nzung zum Trockenfutter f\u00fcr zus\u00e4tzliche Abwechslung<br \/>und Geschmack.<\/p>\n<p>&#8211; Getreidefreie Rezeptur<br \/>&#8211; 85% Fleischanteil in den Filets<br \/>&#8211; Geschmacklich ansprechend<br \/>&#8211; Karotte und Rosmarin f\u00fcr eine gesunde Verdauung<br \/>&#8211; Ohne GMO &#8211; Ohne Soja \u2013 Ohne Zuckerzusatz<\/p>\n<p>Zusammensetzung: 85 % Fleisch in Filets (62 % Huhn, 15 % Leber, 8 % Lachs), Br\u00fche, 3 % Karotten, 0,5 % Rosmarin, Mineralien, Erbsenst\u00e4rke.<\/p>\n<p>Analytische Bestandteile: Rohprotein 9,0 %, Rohfett 4,5 %, Rohfaser 0,5 %, Rohasche 2,0 %,<\/p>\n<p>Feuchtigkeit 82,0 %, Calcium 0,25 %, Phosphor 0,2 %, Natrium 0,3 %.<\/p>\n<p>N\u00e4hrwertzus\u00e4tze pro 1 kg: Vitamin D3 (E671) 280 I.E., Vitamin E (3a700) 160 mg, Biotin (3a880) 0,8mg, Zink (3b606) 15 mg, Mangan (3b502) 4 mg, Eisen (3b103) 12 mg, Kupfer (3b405) 0,5 mg, Jod (3b201) 0,8 mg, Taurin (3a370) 600 mg.<br \/>Umsetzbare Energie: 840 kcal\/kg.<br \/>Enth\u00e4lt nat\u00fcrliche Antioxidantien: Tocopherol-Extrakte aus Pflanzen\u00f6l (1b306), Ascorbylpalmitat (1b304) und Rosmarin-Extrakt.<br \/>F\u00fctterungsempfehlung: Die empfohlene Tagesdosis ist in der F\u00fctterungstabelle angegeben, kann aber je nach Alter, Aktivit\u00e4tsniveau und Umgebung Ihrer Katze variieren. Stellen Sie immer eine Schale mit frischem Wasser bereit. Servieren Sie das Futter bei Raumtemperatur. <br \/>Wenn Sie das Futter f\u00fcr mehr Abwechslung und Geschmack servieren, achten Sie darauf, die empfohlene t\u00e4gliche Portionsgr\u00f6\u00dfe des normalen Futters Ihrer Katze entsprechend zu reduzieren. Nach dem \u00d6ffnen im K\u00fchlschrank aufbewahren.<br \/>F\u00fctterungstabelle:<br \/>Alter der Kitten (Monate) \/ Pouches pro Tag <br \/>2 \u2013 4 \/ 1,5 &#8211; 2<br \/>4 \u2013 6 \/ 2 &#8211; 3<br \/>6 \u2013 12 \/ 3 &#8211; 4<\/p>\n","protected":false},"excerpt":{"rendered":"<p>Brit Care Cat Pouch Kitten Fillets in Jelly with Savory SalmonFilets in Gelee mit herzhaftem Lachs, angereichert mit Karotte &#038; Rosmarin. Superpremium-Nassfutter f\u00fcr K\u00e4tzchen. Als Alleinfuttermittel oder auch als leckere Erg\u00e4nzung zum Trockenfutter f\u00fcr zus\u00e4tzliche Abwechslungund Geschmack. &#8211; Getreidefreie Rezeptur&#8211; 85% Fleischanteil in den Filets&#8211; Geschmacklich ansprechend&#8211; Karotte und Rosmarin f\u00fcr eine gesunde Verdauung&#8211; Ohne [&hellip;]<\/p>\n","protected":false},"featured_media":49312,"comment_status":"closed","ping_status":"open","template":"","meta":[],"product_cat":[15199],"product_tag":[],"class_list":{"0":"post-49311","1":"product","2":"type-product","3":"status-publish","4":"has-post-thumbnail","6":"product_cat-brit-care-cat-katzen-nassfutter","8":"first","9":"instock","10":"taxable","11":"shipping-taxable","12":"purchasable","13":"product-type-simple"},"_links":{"self":[{"href":"https:\/\/all-pets.de\/shop\/wp-json\/wp\/v2\/product\/49311","targetHints":{"allow":["GET"]}}],"collection":[{"href":"https:\/\/all-pets.de\/shop\/wp-json\/wp\/v2\/product"}],"about":[{"href":"https:\/\/all-pets.de\/shop\/wp-json\/wp\/v2\/types\/product"}],"replies":[{"embeddable":true,"href":"https:\/\/all-pets.de\/shop\/wp-json\/wp\/v2\/comments?post=49311"}],"wp:featuredmedia":[{"embeddable":true,"href":"https:\/\/all-pets.de\/shop\/wp-json\/wp\/v2\/media\/49312"}],"wp:attachment":[{"href":"https:\/\/all-pets.de\/shop\/wp-json\/wp\/v2\/media?parent=49311"}],"wp:term":[{"taxonomy":"product_cat","embeddable":true,"href":"https:\/\/all-pets.de\/shop\/wp-json\/wp\/v2\/product_cat?post=49311"},{"taxonomy":"product_tag","embeddable":true,"href":"https:\/\/all-pets.de\/shop\/wp-json\/wp\/v2\/product_tag?post=49311"}],"curies":[{"name":"wp","href":"https:\/\/api.w.org\/{rel}","templated":true}]}}