{"id":49323,"date":"2023-12-12T12:30:41","date_gmt":"2023-12-12T11:30:41","guid":{"rendered":"https:\/\/pet-shopping.de\/shop\/produkt\/canadiancat-kratzbaum-savanah-120-beige\/"},"modified":"2023-12-12T12:30:43","modified_gmt":"2023-12-12T11:30:43","slug":"canadiancat-kratzbaum-savanah-120-beige","status":"publish","type":"product","link":"https:\/\/all-pets.de\/shop\/produkt\/canadiancat-kratzbaum-savanah-120-beige\/","title":{"rendered":"CanadianCat\u00ae Kratzbaum Savanah 120 &#8211; beige"},"content":{"rendered":"<p>Der Robuste<\/p>\n<p>Der robuste und standfeste Kratzbaum Savanah 120 von CanadianCat\u00ae ist f\u00fcr gro\u00dfe und kleine Katzen gleicherma\u00dfen geeignet. Die erh\u00f6hte Position erm\u00f6glicht einen optimalen \u00dcberblick \u00fcber das Zuhause und ist kuschelig weich. Die gro\u00dfe und schwere Bodenplatte des Savanah, garantiert einen Festen stand, selbst wenn es mal etwas gr\u00f6ber zugeht. Die ca. 20 cm \u00d8 dicken Sisals\u00e4ule ist ideal zum Krallen wetzen und schont so ihre M\u00f6bel und Tapeten.<\/p>\n<p>An der Spitze befindet sich ein kuschel weiches Bett mit passendem Kissen und erh\u00f6hten Seitenw\u00e4nden. Das Bett ist \u00fcbrigens auch gro\u00df genug f\u00fcr zwei. Die original CanadianCat\u00ae &#8211; Design-Kratzm\u00f6bel vereinen Funktionalit\u00e4t, Design und Qualit\u00e4t in einem Produkt.<\/p>\n<p>Ma\u00dfe:<br \/>Gesamtma\u00dfe: ca. 60 x 60 x 102 cm<br \/>Massive Bodenplatte: ca. 60 x 60 x 4 cm<br \/>Gesamtbreite ca. 60 cm<br \/>Gesamth\u00f6he ca. 102 cm<br \/>Gr\u00f6\u00dfe der Liegefl\u00e4che: ca. \u00d8 60 x 18 cm<br \/>Stammdurchmesser: ca. 20 cm<br \/>Artikelgewicht: ca. 18kg <br \/>Farbe: beige<\/p>\n","protected":false},"excerpt":{"rendered":"<p>Der Robuste Der robuste und standfeste Kratzbaum Savanah 120 von CanadianCat\u00ae ist f\u00fcr gro\u00dfe und kleine Katzen gleicherma\u00dfen geeignet. Die erh\u00f6hte Position erm\u00f6glicht einen optimalen \u00dcberblick \u00fcber das Zuhause und ist kuschelig weich. Die gro\u00dfe und schwere Bodenplatte des Savanah, garantiert einen Festen stand, selbst wenn es mal etwas gr\u00f6ber zugeht. Die ca. 20 cm [&hellip;]<\/p>\n","protected":false},"featured_media":49324,"comment_status":"closed","ping_status":"open","template":"","meta":[],"product_cat":[15208],"product_tag":[],"class_list":{"0":"post-49323","1":"product","2":"type-product","3":"status-publish","4":"has-post-thumbnail","6":"product_cat-bis-175-cm-kratzbaeume-moebel-bis-100-cmkatzenwelt-kratzbaeume-moebel-kratzbaum-fuer-grosse-katzenkatzenwelt","8":"first","9":"instock","10":"taxable","11":"shipping-taxable","12":"purchasable","13":"product-type-simple"},"_links":{"self":[{"href":"https:\/\/all-pets.de\/shop\/wp-json\/wp\/v2\/product\/49323","targetHints":{"allow":["GET"]}}],"collection":[{"href":"https:\/\/all-pets.de\/shop\/wp-json\/wp\/v2\/product"}],"about":[{"href":"https:\/\/all-pets.de\/shop\/wp-json\/wp\/v2\/types\/product"}],"replies":[{"embeddable":true,"href":"https:\/\/all-pets.de\/shop\/wp-json\/wp\/v2\/comments?post=49323"}],"wp:featuredmedia":[{"embeddable":true,"href":"https:\/\/all-pets.de\/shop\/wp-json\/wp\/v2\/media\/49324"}],"wp:attachment":[{"href":"https:\/\/all-pets.de\/shop\/wp-json\/wp\/v2\/media?parent=49323"}],"wp:term":[{"taxonomy":"product_cat","embeddable":true,"href":"https:\/\/all-pets.de\/shop\/wp-json\/wp\/v2\/product_cat?post=49323"},{"taxonomy":"product_tag","embeddable":true,"href":"https:\/\/all-pets.de\/shop\/wp-json\/wp\/v2\/product_tag?post=49323"}],"curies":[{"name":"wp","href":"https:\/\/api.w.org\/{rel}","templated":true}]}}