{"id":49331,"date":"2023-12-12T12:30:41","date_gmt":"2023-12-12T11:30:41","guid":{"rendered":"https:\/\/pet-shopping.de\/shop\/produkt\/classic-dog-snack-kaelberblasen-gedreht-1kg\/"},"modified":"2023-12-12T12:30:45","modified_gmt":"2023-12-12T11:30:45","slug":"classic-dog-snack-kaelberblasen-gedreht-1kg","status":"publish","type":"product","link":"https:\/\/all-pets.de\/shop\/produkt\/classic-dog-snack-kaelberblasen-gedreht-1kg\/","title":{"rendered":"Classic Dog Snack K\u00e4lberblasen gedreht 1kg"},"content":{"rendered":"<p>Ausgezeichneter Hundekauartikel f\u00fcr Welpen und kleine Hunde.Aber auch gr\u00f6\u00dfere Hunde haben ihre Freude an diesem Leckerbissen.<br \/>Getrocknete K\u00e4lberblasen (Kalbsr\u00f6llchen) eignen sich sehr gut als Hundekauartikel f\u00fcr Welpen und kleine Hunde. Welpen k\u00f6nnen noch nicht alles knabbern. Die getrockneten K\u00e4lberblasen sind nicht zu hart. Hundkauartikel aus 100% Natur, frei von jeglichen Zusatzstoffen.<\/p>\n<p>Feuchtigkeit: 10% Protein: 81% Fett: 2% Rohasche: 5% Rohfaser: 2%<\/p>\n<p>Als Belohnungssnack erg\u00e4nzend zur gewohnten Hauptnahrung. Bitte immer ausreichend Wasser zur Verf\u00fcgung stellen.<\/p>\n","protected":false},"excerpt":{"rendered":"<p>Ausgezeichneter Hundekauartikel f\u00fcr Welpen und kleine Hunde.Aber auch gr\u00f6\u00dfere Hunde haben ihre Freude an diesem Leckerbissen.Getrocknete K\u00e4lberblasen (Kalbsr\u00f6llchen) eignen sich sehr gut als Hundekauartikel f\u00fcr Welpen und kleine Hunde. Welpen k\u00f6nnen noch nicht alles knabbern. Die getrockneten K\u00e4lberblasen sind nicht zu hart. Hundkauartikel aus 100% Natur, frei von jeglichen Zusatzstoffen. Feuchtigkeit: 10% Protein: 81% Fett: [&hellip;]<\/p>\n","protected":false},"featured_media":49332,"comment_status":"closed","ping_status":"open","template":"","meta":[],"product_cat":[13902],"product_tag":[],"class_list":{"0":"post-49331","1":"product","2":"type-product","3":"status-publish","4":"has-post-thumbnail","6":"product_cat-classic-trockenware","8":"first","9":"instock","10":"taxable","11":"shipping-taxable","12":"purchasable","13":"product-type-simple"},"_links":{"self":[{"href":"https:\/\/all-pets.de\/shop\/wp-json\/wp\/v2\/product\/49331","targetHints":{"allow":["GET"]}}],"collection":[{"href":"https:\/\/all-pets.de\/shop\/wp-json\/wp\/v2\/product"}],"about":[{"href":"https:\/\/all-pets.de\/shop\/wp-json\/wp\/v2\/types\/product"}],"replies":[{"embeddable":true,"href":"https:\/\/all-pets.de\/shop\/wp-json\/wp\/v2\/comments?post=49331"}],"wp:featuredmedia":[{"embeddable":true,"href":"https:\/\/all-pets.de\/shop\/wp-json\/wp\/v2\/media\/49332"}],"wp:attachment":[{"href":"https:\/\/all-pets.de\/shop\/wp-json\/wp\/v2\/media?parent=49331"}],"wp:term":[{"taxonomy":"product_cat","embeddable":true,"href":"https:\/\/all-pets.de\/shop\/wp-json\/wp\/v2\/product_cat?post=49331"},{"taxonomy":"product_tag","embeddable":true,"href":"https:\/\/all-pets.de\/shop\/wp-json\/wp\/v2\/product_tag?post=49331"}],"curies":[{"name":"wp","href":"https:\/\/api.w.org\/{rel}","templated":true}]}}