{"id":49333,"date":"2023-12-12T12:30:41","date_gmt":"2023-12-12T11:30:41","guid":{"rendered":"https:\/\/pet-shopping.de\/shop\/produkt\/canadiancat-kratzbaum-carleton-anthrazit\/"},"modified":"2023-12-12T12:30:46","modified_gmt":"2023-12-12T11:30:46","slug":"canadiancat-kratzbaum-carleton-anthrazit","status":"publish","type":"product","link":"https:\/\/all-pets.de\/shop\/produkt\/canadiancat-kratzbaum-carleton-anthrazit\/","title":{"rendered":"CanadianCat\u00ae Kratzbaum Carleton &#8211; anthrazit"},"content":{"rendered":"<p>Der Kratzbaum Carleton der Canadian Cat Company ist ein kompakter und sehr robuster Allrounder. Dieser Platzsparende Kratzbaum bietet Ihrer Samtpfote einen stylischen und zugleich langlebigen Platz zum verweilen und krallenwetzen.<\/p>\n<p>Eine ger\u00e4umige H\u00f6hle mit herausnehmbarem Kissen am Fu\u00dfe des Kratzbaums, bietet einen idealen Ruheplatz und sorgt zudem f\u00fcr absolute Stabilit\u00e4t des gesamten Aufbaus. Der mit Qualit\u00e4ts-Sisal umwickelte Stamm des Kratzbaums ist extrem massiv und stark genug, um dem intensiven Kratzen Ihres Stubentigers standzuhalten und eine ausgezeichnete Krallenpflege und Besch\u00e4ftigung zu gew\u00e4hrleisten. Die Sisals\u00e4ule hat dabei einen Durchmesser von ca. \u00d8 20 cm.<\/p>\n<p>Bei einer H\u00f6he von ca. 106 cm befindet sich das Kuschelbett auf einer angenehmen Position, um mit den Stubentigern sowohl im Sitzen als auch im Stehen zu interagieren. Der Kratzbaum kann praktisch auch neben dem Sofa platziert werden, sodass Ihr Liebling auf Augenh\u00f6he mit Ihnen gem\u00fctlich verweilen kann. Auf der runden Liegefl\u00e4che, welche ein Ma\u00df von ca. \u00d8 60 cm aufweist, befindet sich zudem ein komfortables Kissen. Der Kratzbaum eignet sich demnach prima zum Spielen, verstecken und auch zum kuscheln und schlafen.<\/p>\n<ul>\n<li>Ma\u00dfe:(BxTxH) ca. 60 x 60 x 106 cm\u00a0\u00a0 <\/li>\n<li>Gesamtbreite aufgebaut: ca. 60 cm<\/li>\n<li>Gr\u00f6\u00dfe der H\u00f6hle: ca. 60 x 36 x 40 cm\u00a0\u00a0\u00a0 <\/li>\n<li>H\u00f6he der Liegefl\u00e4che: ab 90 cm<\/li>\n<li>Liegefl\u00e4che: ca. \u00d8 60 x 16 cm<\/li>\n<li>Massive Sisals\u00e4ule: \u00d8 20 cm<\/li>\n<li>Extrem dicker Pl\u00fcsch 680g\/m2<\/li>\n<li>Farbe: anthrazit<\/li>\n<\/ul>\n","protected":false},"excerpt":{"rendered":"<p>Der Kratzbaum Carleton der Canadian Cat Company ist ein kompakter und sehr robuster Allrounder. Dieser Platzsparende Kratzbaum bietet Ihrer Samtpfote einen stylischen und zugleich langlebigen Platz zum verweilen und krallenwetzen. Eine ger\u00e4umige H\u00f6hle mit herausnehmbarem Kissen am Fu\u00dfe des Kratzbaums, bietet einen idealen Ruheplatz und sorgt zudem f\u00fcr absolute Stabilit\u00e4t des gesamten Aufbaus. Der mit [&hellip;]<\/p>\n","protected":false},"featured_media":49334,"comment_status":"closed","ping_status":"open","template":"","meta":[],"product_cat":[15208],"product_tag":[],"class_list":{"0":"post-49333","1":"product","2":"type-product","3":"status-publish","4":"has-post-thumbnail","6":"product_cat-bis-175-cm-kratzbaeume-moebel-bis-100-cmkatzenwelt-kratzbaeume-moebel-kratzbaum-fuer-grosse-katzenkatzenwelt","8":"first","9":"instock","10":"taxable","11":"shipping-taxable","12":"purchasable","13":"product-type-simple"},"_links":{"self":[{"href":"https:\/\/all-pets.de\/shop\/wp-json\/wp\/v2\/product\/49333","targetHints":{"allow":["GET"]}}],"collection":[{"href":"https:\/\/all-pets.de\/shop\/wp-json\/wp\/v2\/product"}],"about":[{"href":"https:\/\/all-pets.de\/shop\/wp-json\/wp\/v2\/types\/product"}],"replies":[{"embeddable":true,"href":"https:\/\/all-pets.de\/shop\/wp-json\/wp\/v2\/comments?post=49333"}],"wp:featuredmedia":[{"embeddable":true,"href":"https:\/\/all-pets.de\/shop\/wp-json\/wp\/v2\/media\/49334"}],"wp:attachment":[{"href":"https:\/\/all-pets.de\/shop\/wp-json\/wp\/v2\/media?parent=49333"}],"wp:term":[{"taxonomy":"product_cat","embeddable":true,"href":"https:\/\/all-pets.de\/shop\/wp-json\/wp\/v2\/product_cat?post=49333"},{"taxonomy":"product_tag","embeddable":true,"href":"https:\/\/all-pets.de\/shop\/wp-json\/wp\/v2\/product_tag?post=49333"}],"curies":[{"name":"wp","href":"https:\/\/api.w.org\/{rel}","templated":true}]}}