{"id":49341,"date":"2023-12-12T12:30:48","date_gmt":"2023-12-12T11:30:48","guid":{"rendered":"https:\/\/pet-shopping.de\/shop\/produkt\/canadiancat-kratzbaum-maine-coon-120-beige\/"},"modified":"2023-12-12T12:30:48","modified_gmt":"2023-12-12T11:30:48","slug":"canadiancat-kratzbaum-maine-coon-120-beige","status":"publish","type":"product","link":"https:\/\/all-pets.de\/shop\/produkt\/canadiancat-kratzbaum-maine-coon-120-beige\/","title":{"rendered":"CanadianCat\u00ae Kratzbaum Maine Coon 120 &#8211; beige"},"content":{"rendered":"<p>Der robusten und standfeste Kratzbaum Maine Coon 120. Dieser Kratzbaum zeichnet sich durch seine extreme Standhaftigkeit durch die extrem dicken Sisals\u00e4ule mit ca. \u00d8 15 cm aus. Der Kratzbaum Maine Coon eignet sich hervorragend f\u00fcr einen Mehrkatzenhaushalt und bietet auch gro\u00dfen und schweren Fellnasen gen\u00fcgend Auswahl zum Klettern, Toben, Krallenwetzen, Liegen und D\u00f6sen! Abwechslungsreiche und extra gro\u00dfe Schlafpl\u00e4tze laden Ihre Samtpfoten zu ausgiebigen Ruhepausen ein!<\/p>\n<p>Mit ausreichend Platz und verschiedenen Spiel- und Kratzfl\u00e4chen, bietet diese Kratzbaum-Serie das ultimative Katzenparadies. Prima spielen, verstecken, aber auch sich zur\u00fcckziehen und schlummern l\u00e4sst es sich in den zwei kuscheligen H\u00e4uschen. Den Abschluss bildet das turmhohe, riesige und gem\u00fctliche Liegebett mit mit einem Durchmesser von ca. 41 cm. Von dort aus hat Ihre Samtpfote alles im Blick und kann hervorragend sein Revier beobachten. Das Kuschelh\u00e4uschen am Boden des Katzenbaums l\u00e4dt zum kuscheln ein und beinhaltet ein kuschliges Kissen und kann bei Verschmutzung unkompliziert und schnell gereinigt werden. Ihr Stubentiger kann in der Zwischenzeit die beidseitig bezogene und weich gepolsterte Liegeplatte auch ohne das Kuschelbettchen in Anspruch nehmen.<\/p>\n<p>Diese Kratzbaum-Serie ist durch die vielen unterschiedlichen und abwechslungsreichen Liege- und Kratzm\u00f6glichkeiten ideal f\u00fcr einen Mehrkatzenhaushalt geeignet! Die schwere Bodenplatte und die massiven Sisalst\u00e4mme verleihen dem Kratzbaum eine extrem hohe Standfestigkeit. Hierdurch eignet er sich im Besonderen auch f\u00fcr besonders gro\u00dfe und schwere Katzenrassen.<\/p>\n<p>Ma\u00dfe:<\/p>\n<ul>\n<li style=\"text-indent: 0px \">Massive Bodenplatte ca. 65 x 40 x 4 cm<\/li>\n<li style=\"text-indent: 0px \">Gesamtbreite ca. 65 cm<\/li>\n<li style=\"text-indent: 0px \">Gesamth\u00f6he ca. 120 cm<\/li>\n<li style=\"text-indent: 0px \">Gr\u00f6\u00dfe der Liegefl\u00e4che: ca. \u00d8 41 x 10 cm<\/li>\n<li style=\"text-indent: 0px \">Gr\u00f6\u00dfe des H\u00e4uschens: ca. \u00d8 39 x 30 cm<\/li>\n<li style=\"text-indent: 0px \">Gewicht: ca. 20 kg <\/li>\n<li style=\"text-indent: 0px \">Farbe: beige<\/li>\n<\/ul><\/p>\n","protected":false},"excerpt":{"rendered":"<p>Der robusten und standfeste Kratzbaum Maine Coon 120. Dieser Kratzbaum zeichnet sich durch seine extreme Standhaftigkeit durch die extrem dicken Sisals\u00e4ule mit ca. \u00d8 15 cm aus. Der Kratzbaum Maine Coon eignet sich hervorragend f\u00fcr einen Mehrkatzenhaushalt und bietet auch gro\u00dfen und schweren Fellnasen gen\u00fcgend Auswahl zum Klettern, Toben, Krallenwetzen, Liegen und D\u00f6sen! Abwechslungsreiche und [&hellip;]<\/p>\n","protected":false},"featured_media":49342,"comment_status":"closed","ping_status":"open","template":"","meta":[],"product_cat":[14964],"product_tag":[],"class_list":{"0":"post-49341","1":"product","2":"type-product","3":"status-publish","4":"has-post-thumbnail","6":"product_cat-kratzbaum-fuer-grosse-katzen","8":"first","9":"instock","10":"taxable","11":"shipping-taxable","12":"purchasable","13":"product-type-simple"},"_links":{"self":[{"href":"https:\/\/all-pets.de\/shop\/wp-json\/wp\/v2\/product\/49341","targetHints":{"allow":["GET"]}}],"collection":[{"href":"https:\/\/all-pets.de\/shop\/wp-json\/wp\/v2\/product"}],"about":[{"href":"https:\/\/all-pets.de\/shop\/wp-json\/wp\/v2\/types\/product"}],"replies":[{"embeddable":true,"href":"https:\/\/all-pets.de\/shop\/wp-json\/wp\/v2\/comments?post=49341"}],"wp:featuredmedia":[{"embeddable":true,"href":"https:\/\/all-pets.de\/shop\/wp-json\/wp\/v2\/media\/49342"}],"wp:attachment":[{"href":"https:\/\/all-pets.de\/shop\/wp-json\/wp\/v2\/media?parent=49341"}],"wp:term":[{"taxonomy":"product_cat","embeddable":true,"href":"https:\/\/all-pets.de\/shop\/wp-json\/wp\/v2\/product_cat?post=49341"},{"taxonomy":"product_tag","embeddable":true,"href":"https:\/\/all-pets.de\/shop\/wp-json\/wp\/v2\/product_tag?post=49341"}],"curies":[{"name":"wp","href":"https:\/\/api.w.org\/{rel}","templated":true}]}}