{"id":49345,"date":"2023-12-12T12:30:48","date_gmt":"2023-12-12T11:30:48","guid":{"rendered":"https:\/\/pet-shopping.de\/shop\/produkt\/procyon-ladi-mat-schleckplatte-fish-fuer-katzen\/"},"modified":"2023-12-12T12:30:49","modified_gmt":"2023-12-12T11:30:49","slug":"procyon-ladi-mat-schleckplatte-fish-fuer-katzen","status":"publish","type":"product","link":"https:\/\/all-pets.de\/shop\/produkt\/procyon-ladi-mat-schleckplatte-fish-fuer-katzen\/","title":{"rendered":"PROCYON Ladi Mat Schleckplatte Fish f\u00fcr Katzen"},"content":{"rendered":"<p>Schleckplatten eignen sich nicht nur perfekt zur Besch\u00e4ftigung von Hunden, sondern auch f\u00fcr Katzen. Bestreichen Sie die Ladi Mat einfach mit einer Leckerei und schon hat Ihre Katze ein langes und leckeres Vergn\u00fcgen. Zur Abk\u00fchlung kann die Schleckplatte auch mitsamt Leckerei eingefroren werden.<\/p>\n<p>Die Ladi Mat besteht aus ungiftigem TPR in Lebensmittelqualit\u00e4t, ist sp\u00fclmaschinengeeignet und frostfest. <\/p>\n<p>Ma\u00dfe: ca. 28 x 12 cm<br \/>Farbe: rosa<\/p>\n","protected":false},"excerpt":{"rendered":"<p>Schleckplatten eignen sich nicht nur perfekt zur Besch\u00e4ftigung von Hunden, sondern auch f\u00fcr Katzen. Bestreichen Sie die Ladi Mat einfach mit einer Leckerei und schon hat Ihre Katze ein langes und leckeres Vergn\u00fcgen. Zur Abk\u00fchlung kann die Schleckplatte auch mitsamt Leckerei eingefroren werden. Die Ladi Mat besteht aus ungiftigem TPR in Lebensmittelqualit\u00e4t, ist sp\u00fclmaschinengeeignet und [&hellip;]<\/p>\n","protected":false},"featured_media":49346,"comment_status":"closed","ping_status":"open","template":"","meta":[],"product_cat":[13782],"product_tag":[],"class_list":{"0":"post-49345","1":"product","2":"type-product","3":"status-publish","4":"has-post-thumbnail","6":"product_cat-intelligenz-spielzeug","8":"first","9":"instock","10":"taxable","11":"shipping-taxable","12":"purchasable","13":"product-type-simple"},"_links":{"self":[{"href":"https:\/\/all-pets.de\/shop\/wp-json\/wp\/v2\/product\/49345","targetHints":{"allow":["GET"]}}],"collection":[{"href":"https:\/\/all-pets.de\/shop\/wp-json\/wp\/v2\/product"}],"about":[{"href":"https:\/\/all-pets.de\/shop\/wp-json\/wp\/v2\/types\/product"}],"replies":[{"embeddable":true,"href":"https:\/\/all-pets.de\/shop\/wp-json\/wp\/v2\/comments?post=49345"}],"wp:featuredmedia":[{"embeddable":true,"href":"https:\/\/all-pets.de\/shop\/wp-json\/wp\/v2\/media\/49346"}],"wp:attachment":[{"href":"https:\/\/all-pets.de\/shop\/wp-json\/wp\/v2\/media?parent=49345"}],"wp:term":[{"taxonomy":"product_cat","embeddable":true,"href":"https:\/\/all-pets.de\/shop\/wp-json\/wp\/v2\/product_cat?post=49345"},{"taxonomy":"product_tag","embeddable":true,"href":"https:\/\/all-pets.de\/shop\/wp-json\/wp\/v2\/product_tag?post=49345"}],"curies":[{"name":"wp","href":"https:\/\/api.w.org\/{rel}","templated":true}]}}