{"id":49357,"date":"2023-12-12T12:30:48","date_gmt":"2023-12-12T11:30:48","guid":{"rendered":"https:\/\/pet-shopping.de\/shop\/produkt\/trixie-insect-sticks-80g\/"},"modified":"2023-12-12T12:30:52","modified_gmt":"2023-12-12T11:30:52","slug":"trixie-insect-sticks-80g","status":"publish","type":"product","link":"https:\/\/all-pets.de\/shop\/produkt\/trixie-insect-sticks-80g\/","title":{"rendered":"Trixie Insect Sticks &#8211; 80g"},"content":{"rendered":"<ul>\n<li>als Monoprotein-Snack besonders f\u00fcr Hunde mit Futtermittelallergien geeignet<\/li>\n<ul>\n<li>mit 65 % Mehlw\u00fcrmern<\/li>\n<li>reich an Proteinen<\/li>\n<li>glutenfrei<\/li>\n<li>ohne Zuckerzusatz<\/li>\n<li>Inhalt: 80g<\/li>\n<\/ul>\n<\/ul>\n<p>Zusammensetzung: Mehlw\u00fcrmer (65 %), S\u00fc\u00dfkartoffel, Kartoffelst\u00e4rke, Glycerin, Karotten, Bierhefe, Mineralstoffe | glutenfrei | 0 % Zuckerzusatz | K\u00fchl und trocken lagern.<\/p>\n<p>Analytischer Bestandteil:<\/p>\n<p>Fettgehalt\u00a0\u00a0\u00a0 9.0%<br \/>Feuchtegehalt\u00a0\u00a0\u00a0 18.0%<br \/>Protein\u00a0\u00a0\u00a0 25.0%<br \/>Rohasche\u00a0\u00a0\u00a0 5.0%<br \/>Rohfaser\u00a0\u00a0\u00a0 3.0%<\/p>\n<p>Zusatzstoffe (ern\u00e4hrungsphysiologisch): Vit. E: 1000 mg<\/p>\n","protected":false},"excerpt":{"rendered":"<p>als Monoprotein-Snack besonders f\u00fcr Hunde mit Futtermittelallergien geeignet mit 65 % Mehlw\u00fcrmern reich an Proteinen glutenfrei ohne Zuckerzusatz Inhalt: 80g Zusammensetzung: Mehlw\u00fcrmer (65 %), S\u00fc\u00dfkartoffel, Kartoffelst\u00e4rke, Glycerin, Karotten, Bierhefe, Mineralstoffe | glutenfrei | 0 % Zuckerzusatz | K\u00fchl und trocken lagern. Analytischer Bestandteil: Fettgehalt\u00a0\u00a0\u00a0 9.0%Feuchtegehalt\u00a0\u00a0\u00a0 18.0%Protein\u00a0\u00a0\u00a0 25.0%Rohasche\u00a0\u00a0\u00a0 5.0%Rohfaser\u00a0\u00a0\u00a0 3.0% Zusatzstoffe (ern\u00e4hrungsphysiologisch): Vit. E: 1000 mg<\/p>\n","protected":false},"featured_media":49358,"comment_status":"closed","ping_status":"open","template":"","meta":[],"product_cat":[13809],"product_tag":[],"class_list":{"0":"post-49357","1":"product","2":"type-product","3":"status-publish","4":"has-post-thumbnail","6":"product_cat-trixie","8":"first","9":"instock","10":"taxable","11":"shipping-taxable","12":"purchasable","13":"product-type-simple"},"_links":{"self":[{"href":"https:\/\/all-pets.de\/shop\/wp-json\/wp\/v2\/product\/49357","targetHints":{"allow":["GET"]}}],"collection":[{"href":"https:\/\/all-pets.de\/shop\/wp-json\/wp\/v2\/product"}],"about":[{"href":"https:\/\/all-pets.de\/shop\/wp-json\/wp\/v2\/types\/product"}],"replies":[{"embeddable":true,"href":"https:\/\/all-pets.de\/shop\/wp-json\/wp\/v2\/comments?post=49357"}],"wp:featuredmedia":[{"embeddable":true,"href":"https:\/\/all-pets.de\/shop\/wp-json\/wp\/v2\/media\/49358"}],"wp:attachment":[{"href":"https:\/\/all-pets.de\/shop\/wp-json\/wp\/v2\/media?parent=49357"}],"wp:term":[{"taxonomy":"product_cat","embeddable":true,"href":"https:\/\/all-pets.de\/shop\/wp-json\/wp\/v2\/product_cat?post=49357"},{"taxonomy":"product_tag","embeddable":true,"href":"https:\/\/all-pets.de\/shop\/wp-json\/wp\/v2\/product_tag?post=49357"}],"curies":[{"name":"wp","href":"https:\/\/api.w.org\/{rel}","templated":true}]}}