{"id":49361,"date":"2023-12-12T12:30:48","date_gmt":"2023-12-12T11:30:48","guid":{"rendered":"https:\/\/pet-shopping.de\/shop\/produkt\/hugro-kokosstreu-100-liter\/"},"modified":"2023-12-12T12:30:52","modified_gmt":"2023-12-12T11:30:52","slug":"hugro-kokosstreu-100-liter","status":"publish","type":"product","link":"https:\/\/all-pets.de\/shop\/produkt\/hugro-kokosstreu-100-liter\/","title":{"rendered":"Hugro Kokosstreu &#8211; 100 Liter"},"content":{"rendered":"<p>Kokos Streu\u00a0 &#8211; Nat\u00fcrliches Kleintierstreu f\u00fcr alle Kleintiere<\/p>\n<p>Die Hugro\u00ae Kokos Streu ist nicht nur optisch ansprechend, sondern ideal insbesondere als Einstreu f\u00fcr Au\u00dfengehege geeignet.<br \/>Sie ist besonders staubarm und verf\u00fcgt \u00fcber eine hohe Feuchtigkeitsbindung ohne die Gefahr einer Schimmelbildung, was gerade in Au\u00dfengehegen einen elementaren Vorteil gegen\u00fcber herk\u00f6mmlicher Einstreu bietet.<\/p>\n<p>Vorteile der Hugro Kokos-Streu:<\/p>\n<p>\u00a0\u00a0\u00a0 nat\u00fcrlich<br \/>\u00a0\u00a0\u00a0 staubarm<br \/>\u00a0\u00a0\u00a0 hohe Feuchtigkeitsbindung<br \/>\u00a0\u00a0\u00a0 keine Schimmelbildung<br \/>\u00a0\u00a0\u00a0 f\u00fcr Au\u00dfengehege geeignet<br \/>\u00a0\u00a0\u00a0 optisch attraktiv<br \/>\u00a0\u00a0\u00a0 kann \u00fcber den Biom\u00fcll entsorgt werden<\/p>\n<p>100 Liter-Gebinde<\/p>\n","protected":false},"excerpt":{"rendered":"<p>Kokos Streu\u00a0 &#8211; Nat\u00fcrliches Kleintierstreu f\u00fcr alle Kleintiere Die Hugro\u00ae Kokos Streu ist nicht nur optisch ansprechend, sondern ideal insbesondere als Einstreu f\u00fcr Au\u00dfengehege geeignet.Sie ist besonders staubarm und verf\u00fcgt \u00fcber eine hohe Feuchtigkeitsbindung ohne die Gefahr einer Schimmelbildung, was gerade in Au\u00dfengehegen einen elementaren Vorteil gegen\u00fcber herk\u00f6mmlicher Einstreu bietet. Vorteile der Hugro Kokos-Streu: \u00a0\u00a0\u00a0 [&hellip;]<\/p>\n","protected":false},"featured_media":49362,"comment_status":"closed","ping_status":"open","template":"","meta":[],"product_cat":[14001],"product_tag":[],"class_list":{"0":"post-49361","1":"product","2":"type-product","3":"status-publish","4":"has-post-thumbnail","6":"product_cat-einstreu-nistmaterial-ausstattung-zubehoer-kleintierwelt","8":"first","9":"instock","10":"taxable","11":"shipping-taxable","12":"purchasable","13":"product-type-simple"},"_links":{"self":[{"href":"https:\/\/all-pets.de\/shop\/wp-json\/wp\/v2\/product\/49361","targetHints":{"allow":["GET"]}}],"collection":[{"href":"https:\/\/all-pets.de\/shop\/wp-json\/wp\/v2\/product"}],"about":[{"href":"https:\/\/all-pets.de\/shop\/wp-json\/wp\/v2\/types\/product"}],"replies":[{"embeddable":true,"href":"https:\/\/all-pets.de\/shop\/wp-json\/wp\/v2\/comments?post=49361"}],"wp:featuredmedia":[{"embeddable":true,"href":"https:\/\/all-pets.de\/shop\/wp-json\/wp\/v2\/media\/49362"}],"wp:attachment":[{"href":"https:\/\/all-pets.de\/shop\/wp-json\/wp\/v2\/media?parent=49361"}],"wp:term":[{"taxonomy":"product_cat","embeddable":true,"href":"https:\/\/all-pets.de\/shop\/wp-json\/wp\/v2\/product_cat?post=49361"},{"taxonomy":"product_tag","embeddable":true,"href":"https:\/\/all-pets.de\/shop\/wp-json\/wp\/v2\/product_tag?post=49361"}],"curies":[{"name":"wp","href":"https:\/\/api.w.org\/{rel}","templated":true}]}}