{"id":49378,"date":"2023-12-12T12:30:56","date_gmt":"2023-12-12T11:30:56","guid":{"rendered":"https:\/\/pet-shopping.de\/shop\/produkt\/trixie-junior-hase-mit-beissring\/"},"modified":"2023-12-12T12:30:57","modified_gmt":"2023-12-12T11:30:57","slug":"trixie-junior-hase-mit-beissring","status":"publish","type":"product","link":"https:\/\/all-pets.de\/shop\/produkt\/trixie-junior-hase-mit-beissring\/","title":{"rendered":"Trixie Junior Hase mit Bei\u00dfring"},"content":{"rendered":"<ul>\n<li>Pl\u00fcsch (Polyester)\/TPR<\/li>\n<li>ger\u00e4uschlos<\/li>\n<li>Gr\u00f6\u00dfe: ca. 14 cm<\/li>\n<\/ul>\n","protected":false},"excerpt":{"rendered":"<p>Pl\u00fcsch (Polyester)\/TPR ger\u00e4uschlos Gr\u00f6\u00dfe: ca. 14 cm<\/p>\n","protected":false},"featured_media":49379,"comment_status":"closed","ping_status":"open","template":"","meta":[],"product_cat":[13885],"product_tag":[],"class_list":{"0":"post-49378","1":"product","2":"type-product","3":"status-publish","4":"has-post-thumbnail","6":"product_cat-puppy-spielzeug-hundespielzeug-sport","8":"first","9":"instock","10":"taxable","11":"shipping-taxable","12":"purchasable","13":"product-type-simple"},"_links":{"self":[{"href":"https:\/\/all-pets.de\/shop\/wp-json\/wp\/v2\/product\/49378","targetHints":{"allow":["GET"]}}],"collection":[{"href":"https:\/\/all-pets.de\/shop\/wp-json\/wp\/v2\/product"}],"about":[{"href":"https:\/\/all-pets.de\/shop\/wp-json\/wp\/v2\/types\/product"}],"replies":[{"embeddable":true,"href":"https:\/\/all-pets.de\/shop\/wp-json\/wp\/v2\/comments?post=49378"}],"wp:featuredmedia":[{"embeddable":true,"href":"https:\/\/all-pets.de\/shop\/wp-json\/wp\/v2\/media\/49379"}],"wp:attachment":[{"href":"https:\/\/all-pets.de\/shop\/wp-json\/wp\/v2\/media?parent=49378"}],"wp:term":[{"taxonomy":"product_cat","embeddable":true,"href":"https:\/\/all-pets.de\/shop\/wp-json\/wp\/v2\/product_cat?post=49378"},{"taxonomy":"product_tag","embeddable":true,"href":"https:\/\/all-pets.de\/shop\/wp-json\/wp\/v2\/product_tag?post=49378"}],"curies":[{"name":"wp","href":"https:\/\/api.w.org\/{rel}","templated":true}]}}