{"id":49383,"date":"2023-12-12T12:30:56","date_gmt":"2023-12-12T11:30:56","guid":{"rendered":"https:\/\/pet-shopping.de\/shop\/produkt\/dokas-snack-huehnerbrust-in-streifen-50g\/"},"modified":"2023-12-12T12:30:58","modified_gmt":"2023-12-12T11:30:58","slug":"dokas-snack-huehnerbrust-in-streifen-50g","status":"publish","type":"product","link":"https:\/\/all-pets.de\/shop\/produkt\/dokas-snack-huehnerbrust-in-streifen-50g\/","title":{"rendered":"Dokas Snack H\u00fchnerbrust in Streifen 50g"},"content":{"rendered":"<p>Leckeres und fettarmes H\u00fchnerfilet in feinen Streifen. 100% aus H\u00fchnerbrustfilet (bezogen auf den Fleischanteil). Die Streifen sind nach den Tierschutz-Standard des Humane Animal Care Programms zertifiziert, welche eine antibiotika-freie Ern\u00e4hrung und tiergerechte Haltung mit ausreichend Bewegungs- und Ruhebereichen zum Aus\u00fcben von nat\u00fcrlichen, tierartspezifischen Verhaltensweisen garantiert.<\/p>\n<p>Inhaltsstoffe: 93 % H\u00fchnerbrustfilet, pflanzliche Nebenerzeugnisse, Mineralstoffe<\/p>\n<p>Analysedaten: Rohprotein: 57,0%  Rohfett: 3,4%  Rohasche: 4,1%  Rohfaser: 0,5%  Feuchtigkeit: 15,0%\u00a0 kcal\/100g: 339  kJ:\/100g: 1419<\/p>\n<p>Als Belohnung zwischen den \u00fcblichen Mahlzeiten. Reduzierung der t\u00e4glichen Futtermenge nach Bedarf (Siehe Energieangabe). Stets ausreichend Trinkwasser bereitstellen. Nach Anbruch bitte k\u00fchl und trocken lagern. Frischebeutel verschlie\u00dfen und Inhalt bald verf\u00fcttern. Der im Beutel befi ndliche Absorber dient der Frische des Produktes und ist nicht zum Verzehr geeignet. Den Snack unter Aufsicht f\u00fcttern.<\/p>\n","protected":false},"excerpt":{"rendered":"<p>Leckeres und fettarmes H\u00fchnerfilet in feinen Streifen. 100% aus H\u00fchnerbrustfilet (bezogen auf den Fleischanteil). Die Streifen sind nach den Tierschutz-Standard des Humane Animal Care Programms zertifiziert, welche eine antibiotika-freie Ern\u00e4hrung und tiergerechte Haltung mit ausreichend Bewegungs- und Ruhebereichen zum Aus\u00fcben von nat\u00fcrlichen, tierartspezifischen Verhaltensweisen garantiert. Inhaltsstoffe: 93 % H\u00fchnerbrustfilet, pflanzliche Nebenerzeugnisse, Mineralstoffe Analysedaten: Rohprotein: 57,0% [&hellip;]<\/p>\n","protected":false},"featured_media":49384,"comment_status":"closed","ping_status":"open","template":"","meta":[],"product_cat":[13814],"product_tag":[],"class_list":{"0":"post-49383","1":"product","2":"type-product","3":"status-publish","4":"has-post-thumbnail","6":"product_cat-dokas","8":"first","9":"instock","10":"taxable","11":"shipping-taxable","12":"purchasable","13":"product-type-simple"},"_links":{"self":[{"href":"https:\/\/all-pets.de\/shop\/wp-json\/wp\/v2\/product\/49383","targetHints":{"allow":["GET"]}}],"collection":[{"href":"https:\/\/all-pets.de\/shop\/wp-json\/wp\/v2\/product"}],"about":[{"href":"https:\/\/all-pets.de\/shop\/wp-json\/wp\/v2\/types\/product"}],"replies":[{"embeddable":true,"href":"https:\/\/all-pets.de\/shop\/wp-json\/wp\/v2\/comments?post=49383"}],"wp:featuredmedia":[{"embeddable":true,"href":"https:\/\/all-pets.de\/shop\/wp-json\/wp\/v2\/media\/49384"}],"wp:attachment":[{"href":"https:\/\/all-pets.de\/shop\/wp-json\/wp\/v2\/media?parent=49383"}],"wp:term":[{"taxonomy":"product_cat","embeddable":true,"href":"https:\/\/all-pets.de\/shop\/wp-json\/wp\/v2\/product_cat?post=49383"},{"taxonomy":"product_tag","embeddable":true,"href":"https:\/\/all-pets.de\/shop\/wp-json\/wp\/v2\/product_tag?post=49383"}],"curies":[{"name":"wp","href":"https:\/\/api.w.org\/{rel}","templated":true}]}}