{"id":49390,"date":"2023-12-12T12:30:56","date_gmt":"2023-12-12T11:30:56","guid":{"rendered":"https:\/\/pet-shopping.de\/shop\/produkt\/trixie-kratzbaum-mit-regalfunktion\/"},"modified":"2023-12-12T12:31:00","modified_gmt":"2023-12-12T11:31:00","slug":"trixie-kratzbaum-mit-regalfunktion","status":"publish","type":"product","link":"https:\/\/all-pets.de\/shop\/produkt\/trixie-kratzbaum-mit-regalfunktion\/","title":{"rendered":"Trixie Kratzbaum mit Regalfunktion"},"content":{"rendered":"<p>B\u00fccherregal und Kratzbaum in einem!<\/p>\n<p class=\"pdefault\">Du bist Katzenliebhaber und B\u00fccherwurm? Der stylische und praktische Kratzbaum mit Regalfunktion erm\u00f6glicht es dir, deine B\u00fccher unterzubringen und bietet deinem Stubentiger gleichzeitig ausreichend Platz zum Klettern und Ausruhen.<\/p>\n<p class=\"pdefault\">Die W\u00fcrfel k\u00f6nnen entweder als Liegefl\u00e4che f\u00fcr deine Katze oder als Regal f\u00fcr deine B\u00fccher verwendet werden. Zudem verf\u00fcgt der Kratzbaum \u00fcber eine kuschelige H\u00f6hle mit Wendekissen, eine abnehmbare H\u00e4ngematte sowie ein Bett mit weicher Liegefl\u00e4che. An den mit Sial umwickelten St\u00e4mmen kann sich deine Samtpfote austoben und die Krallen pflegen.<\/p>\n<div class=\"mb-3 row\">\n<div class=\"col\">\n<div class=\"description\">\n<ul>\n<li>Sisal: \u00f8 5 mm\/Sperrholz (lackiert)\/Canvas<\/li>\n<li>W\u00fcrfel als Liegefl\u00e4chen oder Regale nutzbar<\/li>\n<li>H\u00f6hle mit Wendekissen (Polyester): Handw\u00e4sche<\/li>\n<li>abnehmbare H\u00e4ngematte (Polyester): Handw\u00e4sche<\/li>\n<li>Bett mit Kissen (Polyester): Handw\u00e4sche<\/li>\n<li>passende Artikel f\u00fcr die Regaleinheit: 44090, 36313, 44087 und 38040<\/li>\n<li>Farbe: grau<\/li>\n<li>Grundfl\u00e4che: ca. 72 \u00d7 38 cm<\/li>\n<li>H\u00f6he: ca. 110 cm<\/li>\n<li>Stammdurchmesser: ca. 11 cm<\/li>\n<\/ul>\n<\/div>\n<\/div>\n<\/div>\n<p class=\"pdefault\"><\/p>\n","protected":false},"excerpt":{"rendered":"<p>B\u00fccherregal und Kratzbaum in einem! Du bist Katzenliebhaber und B\u00fccherwurm? Der stylische und praktische Kratzbaum mit Regalfunktion erm\u00f6glicht es dir, deine B\u00fccher unterzubringen und bietet deinem Stubentiger gleichzeitig ausreichend Platz zum Klettern und Ausruhen. Die W\u00fcrfel k\u00f6nnen entweder als Liegefl\u00e4che f\u00fcr deine Katze oder als Regal f\u00fcr deine B\u00fccher verwendet werden. Zudem verf\u00fcgt der Kratzbaum [&hellip;]<\/p>\n","protected":false},"featured_media":49391,"comment_status":"closed","ping_status":"open","template":"","meta":[],"product_cat":[14520],"product_tag":[],"class_list":{"0":"post-49390","1":"product","2":"type-product","3":"status-publish","4":"has-post-thumbnail","6":"product_cat-bis-175-cm","8":"first","9":"instock","10":"taxable","11":"shipping-taxable","12":"purchasable","13":"product-type-simple"},"_links":{"self":[{"href":"https:\/\/all-pets.de\/shop\/wp-json\/wp\/v2\/product\/49390","targetHints":{"allow":["GET"]}}],"collection":[{"href":"https:\/\/all-pets.de\/shop\/wp-json\/wp\/v2\/product"}],"about":[{"href":"https:\/\/all-pets.de\/shop\/wp-json\/wp\/v2\/types\/product"}],"replies":[{"embeddable":true,"href":"https:\/\/all-pets.de\/shop\/wp-json\/wp\/v2\/comments?post=49390"}],"wp:featuredmedia":[{"embeddable":true,"href":"https:\/\/all-pets.de\/shop\/wp-json\/wp\/v2\/media\/49391"}],"wp:attachment":[{"href":"https:\/\/all-pets.de\/shop\/wp-json\/wp\/v2\/media?parent=49390"}],"wp:term":[{"taxonomy":"product_cat","embeddable":true,"href":"https:\/\/all-pets.de\/shop\/wp-json\/wp\/v2\/product_cat?post=49390"},{"taxonomy":"product_tag","embeddable":true,"href":"https:\/\/all-pets.de\/shop\/wp-json\/wp\/v2\/product_tag?post=49390"}],"curies":[{"name":"wp","href":"https:\/\/api.w.org\/{rel}","templated":true}]}}