{"id":49402,"date":"2023-12-12T12:31:03","date_gmt":"2023-12-12T11:31:03","guid":{"rendered":"https:\/\/pet-shopping.de\/shop\/produkt\/dokas-kaninchen-innereien-100g\/"},"modified":"2023-12-12T12:31:03","modified_gmt":"2023-12-12T11:31:03","slug":"dokas-kaninchen-innereien-100g","status":"publish","type":"product","link":"https:\/\/all-pets.de\/shop\/produkt\/dokas-kaninchen-innereien-100g\/","title":{"rendered":"Dokas Kaninchen-Innereien 100g"},"content":{"rendered":"<p>Deine Beute! Der pure und nat\u00fcrliche Snack f\u00fcr Ihren Vierbeiner! Unsere Innereien aus Herz, Lunge und Magen f\u00fcr ein authentisches Futtererlebnis und den besonderen Snack-Moment. Auch ein artgerechter BARF-Snack.<\/p>\n<p>Deklaration: Kaninchen-Innereien (45 % Lunge,, 30 % Magen, 25 % Herz)<\/p>\n<p>\u00a0<\/p>\n<p>Analyse Daten: Rohprotein 56,7 %, Rohfett 20,4 %, Rohasche 6,6 %, Rohfaser 0,5 %, Feuchtigkeit 7,9 %<\/p>\n<p>Als Belohnung zwischen den \u00fcblichen Mahlzeiten. Reduzierung der t\u00e4glichen Futtermenge nach Bedarf (Siehe Energieangabe). Stets ausreichend Trinkwasser bereitstellen. Nach Anbruch bitte k\u00fchl und trocken lagern. Frischebeutel verschlie\u00dfen und Inhalt bald verf\u00fcttern. Der im Beutel befindliche Absorber dient der Frische des Produktes und ist nicht zum Verzehr geeignet. Den Snack unter Aufsicht f\u00fcttern.<\/p>\n","protected":false},"excerpt":{"rendered":"<p>Deine Beute! Der pure und nat\u00fcrliche Snack f\u00fcr Ihren Vierbeiner! Unsere Innereien aus Herz, Lunge und Magen f\u00fcr ein authentisches Futtererlebnis und den besonderen Snack-Moment. Auch ein artgerechter BARF-Snack. Deklaration: Kaninchen-Innereien (45 % Lunge,, 30 % Magen, 25 % Herz) \u00a0 Analyse Daten: Rohprotein 56,7 %, Rohfett 20,4 %, Rohasche 6,6 %, Rohfaser 0,5 %, [&hellip;]<\/p>\n","protected":false},"featured_media":49403,"comment_status":"closed","ping_status":"open","template":"","meta":[],"product_cat":[13814],"product_tag":[],"class_list":{"0":"post-49402","1":"product","2":"type-product","3":"status-publish","4":"has-post-thumbnail","6":"product_cat-dokas","8":"first","9":"instock","10":"taxable","11":"shipping-taxable","12":"purchasable","13":"product-type-simple"},"_links":{"self":[{"href":"https:\/\/all-pets.de\/shop\/wp-json\/wp\/v2\/product\/49402","targetHints":{"allow":["GET"]}}],"collection":[{"href":"https:\/\/all-pets.de\/shop\/wp-json\/wp\/v2\/product"}],"about":[{"href":"https:\/\/all-pets.de\/shop\/wp-json\/wp\/v2\/types\/product"}],"replies":[{"embeddable":true,"href":"https:\/\/all-pets.de\/shop\/wp-json\/wp\/v2\/comments?post=49402"}],"wp:featuredmedia":[{"embeddable":true,"href":"https:\/\/all-pets.de\/shop\/wp-json\/wp\/v2\/media\/49403"}],"wp:attachment":[{"href":"https:\/\/all-pets.de\/shop\/wp-json\/wp\/v2\/media?parent=49402"}],"wp:term":[{"taxonomy":"product_cat","embeddable":true,"href":"https:\/\/all-pets.de\/shop\/wp-json\/wp\/v2\/product_cat?post=49402"},{"taxonomy":"product_tag","embeddable":true,"href":"https:\/\/all-pets.de\/shop\/wp-json\/wp\/v2\/product_tag?post=49402"}],"curies":[{"name":"wp","href":"https:\/\/api.w.org\/{rel}","templated":true}]}}