{"id":49408,"date":"2023-12-12T12:31:03","date_gmt":"2023-12-12T11:31:03","guid":{"rendered":"https:\/\/pet-shopping.de\/shop\/produkt\/natuerlich-pfiffikus-vogel-buffet-mit-nuss\/"},"modified":"2023-12-12T12:31:04","modified_gmt":"2023-12-12T11:31:04","slug":"natuerlich-pfiffikus-vogel-buffet-mit-nuss","status":"publish","type":"product","link":"https:\/\/all-pets.de\/shop\/produkt\/natuerlich-pfiffikus-vogel-buffet-mit-nuss\/","title":{"rendered":"Nat\u00fcrlich Pfiffikus Vogel-Buffet mit Nuss"},"content":{"rendered":"<div role=\"tabpanel\" class=\"tab-pane active\" id=\"prod_desc\">\n<div itemprop=\"description\">Das Nat\u00fcrlich Pfiffikus Vogel-Buffet mit N\u00fcssen ist ein Fettfutterblock, der perfekt im passenden Futterspender verf\u00fcttert werden kann. Das Vogel-Buffet ist ein echter Energie- und Proteinlieferant und sehr schmackhaft f\u00fcr alle Wildv\u00f6gel.<b><\/b>Die Basis des Vogel-Buffets besteht aus Insektenfett, angereichert mit leckeren Getreideflocken und Saaten.<\/div>\n<\/div>\n<p>Inhaltsstoffe:<\/p>\n<div role=\"tabpanel\" class=\"tab-pane active\" id=\"prod_short_desc\">\n<div itemprop=\"description\">Getreide, \u00d6le und Fette, Saaten, Mineralstoffe, 4% N\u00fcsse<\/div>\n<\/div>\n","protected":false},"excerpt":{"rendered":"<p>Das Nat\u00fcrlich Pfiffikus Vogel-Buffet mit N\u00fcssen ist ein Fettfutterblock, der perfekt im passenden Futterspender verf\u00fcttert werden kann. Das Vogel-Buffet ist ein echter Energie- und Proteinlieferant und sehr schmackhaft f\u00fcr alle Wildv\u00f6gel.Die Basis des Vogel-Buffets besteht aus Insektenfett, angereichert mit leckeren Getreideflocken und Saaten. Inhaltsstoffe: Getreide, \u00d6le und Fette, Saaten, Mineralstoffe, 4% N\u00fcsse<\/p>\n","protected":false},"featured_media":49409,"comment_status":"closed","ping_status":"open","template":"","meta":[],"product_cat":[15218],"product_tag":[],"class_list":{"0":"post-49408","1":"product","2":"type-product","3":"status-publish","4":"has-post-thumbnail","6":"product_cat-natuerlich-pfiffikus-gartenvogelfutter","8":"first","9":"instock","10":"taxable","11":"shipping-taxable","12":"purchasable","13":"product-type-simple"},"_links":{"self":[{"href":"https:\/\/all-pets.de\/shop\/wp-json\/wp\/v2\/product\/49408","targetHints":{"allow":["GET"]}}],"collection":[{"href":"https:\/\/all-pets.de\/shop\/wp-json\/wp\/v2\/product"}],"about":[{"href":"https:\/\/all-pets.de\/shop\/wp-json\/wp\/v2\/types\/product"}],"replies":[{"embeddable":true,"href":"https:\/\/all-pets.de\/shop\/wp-json\/wp\/v2\/comments?post=49408"}],"wp:featuredmedia":[{"embeddable":true,"href":"https:\/\/all-pets.de\/shop\/wp-json\/wp\/v2\/media\/49409"}],"wp:attachment":[{"href":"https:\/\/all-pets.de\/shop\/wp-json\/wp\/v2\/media?parent=49408"}],"wp:term":[{"taxonomy":"product_cat","embeddable":true,"href":"https:\/\/all-pets.de\/shop\/wp-json\/wp\/v2\/product_cat?post=49408"},{"taxonomy":"product_tag","embeddable":true,"href":"https:\/\/all-pets.de\/shop\/wp-json\/wp\/v2\/product_tag?post=49408"}],"curies":[{"name":"wp","href":"https:\/\/api.w.org\/{rel}","templated":true}]}}