{"id":49412,"date":"2023-12-12T12:31:03","date_gmt":"2023-12-12T11:31:03","guid":{"rendered":"https:\/\/pet-shopping.de\/shop\/produkt\/pfiffikus-vogel-buffet-spenderbox\/"},"modified":"2023-12-12T12:31:05","modified_gmt":"2023-12-12T11:31:05","slug":"pfiffikus-vogel-buffet-spenderbox","status":"publish","type":"product","link":"https:\/\/all-pets.de\/shop\/produkt\/pfiffikus-vogel-buffet-spenderbox\/","title":{"rendered":"Pfiffikus Vogel-Buffet Spenderbox"},"content":{"rendered":"<ul>\n<li>Spenderbox f\u00fcr das Vogel-Buffet<\/li>\n<li>auspacken, bef\u00fcllen, aufh\u00e4ngen<\/li>\n<li>120 x 130 x 45 mm (BxHxT)<\/li>\n<\/ul>\n<p>Die Spenderbox f\u00fcr die Pfiffikus Vogel-Buffet Varianten und f\u00fcr das Nat\u00fcrlich Pfiffikus Vogel-Buffetist einfach in der Anwendung und f\u00fcr freilebende V\u00f6gel praktisch anzufliegen und zu greifen. Der Futterspender ist korrosionsgesch\u00fctzt und f\u00fcr die Wildv\u00f6gel besteht keine Verletzungsgefahr.<\/p>\n<\/p><\/p>\n","protected":false},"excerpt":{"rendered":"<p>Spenderbox f\u00fcr das Vogel-Buffet auspacken, bef\u00fcllen, aufh\u00e4ngen 120 x 130 x 45 mm (BxHxT) Die Spenderbox f\u00fcr die Pfiffikus Vogel-Buffet Varianten und f\u00fcr das Nat\u00fcrlich Pfiffikus Vogel-Buffetist einfach in der Anwendung und f\u00fcr freilebende V\u00f6gel praktisch anzufliegen und zu greifen. Der Futterspender ist korrosionsgesch\u00fctzt und f\u00fcr die Wildv\u00f6gel besteht keine Verletzungsgefahr.<\/p>\n","protected":false},"featured_media":49413,"comment_status":"closed","ping_status":"open","template":"","meta":[],"product_cat":[15218],"product_tag":[],"class_list":{"0":"post-49412","1":"product","2":"type-product","3":"status-publish","4":"has-post-thumbnail","6":"product_cat-natuerlich-pfiffikus-gartenvogelfutter","8":"first","9":"instock","10":"taxable","11":"shipping-taxable","12":"purchasable","13":"product-type-simple"},"_links":{"self":[{"href":"https:\/\/all-pets.de\/shop\/wp-json\/wp\/v2\/product\/49412","targetHints":{"allow":["GET"]}}],"collection":[{"href":"https:\/\/all-pets.de\/shop\/wp-json\/wp\/v2\/product"}],"about":[{"href":"https:\/\/all-pets.de\/shop\/wp-json\/wp\/v2\/types\/product"}],"replies":[{"embeddable":true,"href":"https:\/\/all-pets.de\/shop\/wp-json\/wp\/v2\/comments?post=49412"}],"wp:featuredmedia":[{"embeddable":true,"href":"https:\/\/all-pets.de\/shop\/wp-json\/wp\/v2\/media\/49413"}],"wp:attachment":[{"href":"https:\/\/all-pets.de\/shop\/wp-json\/wp\/v2\/media?parent=49412"}],"wp:term":[{"taxonomy":"product_cat","embeddable":true,"href":"https:\/\/all-pets.de\/shop\/wp-json\/wp\/v2\/product_cat?post=49412"},{"taxonomy":"product_tag","embeddable":true,"href":"https:\/\/all-pets.de\/shop\/wp-json\/wp\/v2\/product_tag?post=49412"}],"curies":[{"name":"wp","href":"https:\/\/api.w.org\/{rel}","templated":true}]}}