{"id":49418,"date":"2023-12-12T12:31:03","date_gmt":"2023-12-12T11:31:03","guid":{"rendered":"https:\/\/pet-shopping.de\/shop\/produkt\/classic-bird-sonnenblumenkerne-gestreift-1kg\/"},"modified":"2023-12-12T12:31:06","modified_gmt":"2023-12-12T11:31:06","slug":"classic-bird-sonnenblumenkerne-gestreift-1kg","status":"publish","type":"product","link":"https:\/\/all-pets.de\/shop\/produkt\/classic-bird-sonnenblumenkerne-gestreift-1kg\/","title":{"rendered":"Classic Bird Sonnenblumenkerne gestreift 1kg"},"content":{"rendered":"<p>Sonnenblumenkerne (ungesch\u00e4lt)- das Standardfutter f\u00fcr alle freilebenden V\u00f6gel<\/p>\n<p>Sonnenblumenkerne sind nach wie vor das beliebteste Futter f\u00fcr wildlebende V\u00f6gel.<br \/>Das Streufutter kann im Vogelhaus, oder an einer gesch\u00fctzten Bodenfutterstelle verf\u00fcttert werden.<\/p>\n<p>Sonnenblumenkerne enthalten nahrhaftes Fett und sind reich an Aminos\u00e4uren, Fluor, Magnesium und Vitaminen, wie Vitamin E, Vitamin C, Vitamin B, Vitamin A.  Ihr hoher \u00d6lanteil setzt sich vorwiegend aus unges\u00e4ttigten Fetts\u00e4uren zusammen. Sie enthalten viele Spurenelemente (Zink, Eisen).<br \/>Als Streufutter im Winter sind die vitamin- und fettreichen Sonnenblumenkerne eine nahrhafte und wichtige Unterst\u00fctzung.<\/p>\n<p>In den Wintermonaten ist die F\u00fctterung besonders sinnvoll. Insbesondere bei geschlossener Schneedecke und lange anhaltendem Frost k\u00f6nnen Sie den V\u00f6geln durch die Winterf\u00fctterung eine wichtige Unterst\u00fctzung bieten.<br \/>Indem, vor allem in strengen Wintermonaten gen\u00fcgend Futter zur Verf\u00fcgung steht, tragen Sie zur Erhaltung der Artenvielfalt unserer heimischen Wildv\u00f6gel bei.<br \/>Die Futterstelle sollte so beschaffen sein, dass das Vogelfutter vor Regen und Schnee gesch\u00fctzt ist.<\/p>\n<p>Sonnenblumenkerne sind bei nahezu allen heimischen V\u00f6geln sehr beliebt und nicht nur in den kalten Monaten des Jahres sehr begehrt. <br \/>Sie sind auch als Beimischung f\u00fcr Papageien, Gro\u00dfsittiche oder etliche Nager, wie z.B. Meerschweinchen geeignet.<\/p>\n","protected":false},"excerpt":{"rendered":"<p>Sonnenblumenkerne (ungesch\u00e4lt)- das Standardfutter f\u00fcr alle freilebenden V\u00f6gel Sonnenblumenkerne sind nach wie vor das beliebteste Futter f\u00fcr wildlebende V\u00f6gel.Das Streufutter kann im Vogelhaus, oder an einer gesch\u00fctzten Bodenfutterstelle verf\u00fcttert werden. Sonnenblumenkerne enthalten nahrhaftes Fett und sind reich an Aminos\u00e4uren, Fluor, Magnesium und Vitaminen, wie Vitamin E, Vitamin C, Vitamin B, Vitamin A. Ihr hoher \u00d6lanteil [&hellip;]<\/p>\n","protected":false},"featured_media":49419,"comment_status":"closed","ping_status":"open","template":"","meta":[],"product_cat":[14687],"product_tag":[],"class_list":{"0":"post-49418","1":"product","2":"type-product","3":"status-publish","4":"has-post-thumbnail","6":"product_cat-classic-bird-gartenvogelfutter-sonnenblumenvogelwelt","8":"first","9":"instock","10":"taxable","11":"shipping-taxable","12":"purchasable","13":"product-type-simple"},"_links":{"self":[{"href":"https:\/\/all-pets.de\/shop\/wp-json\/wp\/v2\/product\/49418","targetHints":{"allow":["GET"]}}],"collection":[{"href":"https:\/\/all-pets.de\/shop\/wp-json\/wp\/v2\/product"}],"about":[{"href":"https:\/\/all-pets.de\/shop\/wp-json\/wp\/v2\/types\/product"}],"replies":[{"embeddable":true,"href":"https:\/\/all-pets.de\/shop\/wp-json\/wp\/v2\/comments?post=49418"}],"wp:featuredmedia":[{"embeddable":true,"href":"https:\/\/all-pets.de\/shop\/wp-json\/wp\/v2\/media\/49419"}],"wp:attachment":[{"href":"https:\/\/all-pets.de\/shop\/wp-json\/wp\/v2\/media?parent=49418"}],"wp:term":[{"taxonomy":"product_cat","embeddable":true,"href":"https:\/\/all-pets.de\/shop\/wp-json\/wp\/v2\/product_cat?post=49418"},{"taxonomy":"product_tag","embeddable":true,"href":"https:\/\/all-pets.de\/shop\/wp-json\/wp\/v2\/product_tag?post=49418"}],"curies":[{"name":"wp","href":"https:\/\/api.w.org\/{rel}","templated":true}]}}