{"id":49424,"date":"2023-12-12T12:31:07","date_gmt":"2023-12-12T11:31:07","guid":{"rendered":"https:\/\/pet-shopping.de\/shop\/produkt\/trixie-junior-liegematte-55-x-61-cm\/"},"modified":"2023-12-12T12:31:07","modified_gmt":"2023-12-12T11:31:07","slug":"trixie-junior-liegematte-55-x-61-cm","status":"publish","type":"product","link":"https:\/\/all-pets.de\/shop\/produkt\/trixie-junior-liegematte-55-x-61-cm\/","title":{"rendered":"Trixie Junior Liegematte &#8211; 55 \u00d7 61 cm"},"content":{"rendered":"<div class=\"mb-3 row\">\n<div class=\"col\">\n<ul>\n<li>\n<ul>\n<ul>\n<li>Lammfell-Optik<\/li>\n<li>Polyester-Bezug<\/li>\n<li>Polyestervlies-F\u00fcllung, 3 cm<\/li>\n<li>rutschfester Boden<\/li>\n<li>Handw\u00e4sche<\/li>\n<li>Ma\u00dfe: ca. 55 \u00d7 61 cm<\/li>\n<li>Farbe: grau\/flieder <\/li>\n<\/ul>\n<\/ul>\n<\/li>\n<\/ul>\n<\/div>\n<\/div>\n","protected":false},"excerpt":{"rendered":"<p>Lammfell-Optik Polyester-Bezug Polyestervlies-F\u00fcllung, 3 cm rutschfester Boden Handw\u00e4sche Ma\u00dfe: ca. 55 \u00d7 61 cm Farbe: grau\/flieder<\/p>\n","protected":false},"featured_media":49425,"comment_status":"closed","ping_status":"open","template":"","meta":[],"product_cat":[14397],"product_tag":[],"class_list":{"0":"post-49424","1":"product","2":"type-product","3":"status-publish","4":"has-post-thumbnail","6":"product_cat-hundebetten-hundekissen-betten-koerbe-katzenkissenhundewelt","8":"first","9":"instock","10":"taxable","11":"shipping-taxable","12":"purchasable","13":"product-type-simple"},"_links":{"self":[{"href":"https:\/\/all-pets.de\/shop\/wp-json\/wp\/v2\/product\/49424","targetHints":{"allow":["GET"]}}],"collection":[{"href":"https:\/\/all-pets.de\/shop\/wp-json\/wp\/v2\/product"}],"about":[{"href":"https:\/\/all-pets.de\/shop\/wp-json\/wp\/v2\/types\/product"}],"replies":[{"embeddable":true,"href":"https:\/\/all-pets.de\/shop\/wp-json\/wp\/v2\/comments?post=49424"}],"wp:featuredmedia":[{"embeddable":true,"href":"https:\/\/all-pets.de\/shop\/wp-json\/wp\/v2\/media\/49425"}],"wp:attachment":[{"href":"https:\/\/all-pets.de\/shop\/wp-json\/wp\/v2\/media?parent=49424"}],"wp:term":[{"taxonomy":"product_cat","embeddable":true,"href":"https:\/\/all-pets.de\/shop\/wp-json\/wp\/v2\/product_cat?post=49424"},{"taxonomy":"product_tag","embeddable":true,"href":"https:\/\/all-pets.de\/shop\/wp-json\/wp\/v2\/product_tag?post=49424"}],"curies":[{"name":"wp","href":"https:\/\/api.w.org\/{rel}","templated":true}]}}