{"id":49448,"date":"2023-12-12T12:31:07","date_gmt":"2023-12-12T11:31:07","guid":{"rendered":"https:\/\/pet-shopping.de\/shop\/produkt\/trixie-junior-kratzbaum-carlita\/"},"modified":"2023-12-12T12:31:12","modified_gmt":"2023-12-12T11:31:12","slug":"trixie-junior-kratzbaum-carlita","status":"publish","type":"product","link":"https:\/\/all-pets.de\/shop\/produkt\/trixie-junior-kratzbaum-carlita\/","title":{"rendered":"Trixie Junior Kratzbaum Carlita"},"content":{"rendered":"<div class=\"mb-3 row\">\n<div class=\"col\">\n<ul>\n<li>\n<ul>\n<ul>\n<li>Sisal\/Lammfell-Optik (Polyester): 270 g\/m\u00b2<\/li>\n<li>H\u00f6hle mit gepolsterter Liegefl\u00e4che und herausnehmbarer, wendbarer Liegematte: Handw\u00e4sche<\/li>\n<li>Kuschelbett mit gepolsterter Liegefl\u00e4che und Rand<\/li>\n<li>Farbe: grau\/flieder<\/li>\n<li>Grundfl\u00e4che: ca. 38 \u00d7 49 cm<\/li>\n<li>H\u00f6he: ca. 63 cm<\/li>\n<\/ul>\n<\/ul>\n<\/li>\n<\/ul>\n<\/div>\n<\/div>\n","protected":false},"excerpt":{"rendered":"<p>Sisal\/Lammfell-Optik (Polyester): 270 g\/m\u00b2 H\u00f6hle mit gepolsterter Liegefl\u00e4che und herausnehmbarer, wendbarer Liegematte: Handw\u00e4sche Kuschelbett mit gepolsterter Liegefl\u00e4che und Rand Farbe: grau\/flieder Grundfl\u00e4che: ca. 38 \u00d7 49 cm H\u00f6he: ca. 63 cm<\/p>\n","protected":false},"featured_media":49449,"comment_status":"closed","ping_status":"open","template":"","meta":[],"product_cat":[13901],"product_tag":[],"class_list":{"0":"post-49448","1":"product","2":"type-product","3":"status-publish","4":"has-post-thumbnail","6":"product_cat-bis-100-cm","8":"first","9":"instock","10":"taxable","11":"shipping-taxable","12":"purchasable","13":"product-type-simple"},"_links":{"self":[{"href":"https:\/\/all-pets.de\/shop\/wp-json\/wp\/v2\/product\/49448","targetHints":{"allow":["GET"]}}],"collection":[{"href":"https:\/\/all-pets.de\/shop\/wp-json\/wp\/v2\/product"}],"about":[{"href":"https:\/\/all-pets.de\/shop\/wp-json\/wp\/v2\/types\/product"}],"replies":[{"embeddable":true,"href":"https:\/\/all-pets.de\/shop\/wp-json\/wp\/v2\/comments?post=49448"}],"wp:featuredmedia":[{"embeddable":true,"href":"https:\/\/all-pets.de\/shop\/wp-json\/wp\/v2\/media\/49449"}],"wp:attachment":[{"href":"https:\/\/all-pets.de\/shop\/wp-json\/wp\/v2\/media?parent=49448"}],"wp:term":[{"taxonomy":"product_cat","embeddable":true,"href":"https:\/\/all-pets.de\/shop\/wp-json\/wp\/v2\/product_cat?post=49448"},{"taxonomy":"product_tag","embeddable":true,"href":"https:\/\/all-pets.de\/shop\/wp-json\/wp\/v2\/product_tag?post=49448"}],"curies":[{"name":"wp","href":"https:\/\/api.w.org\/{rel}","templated":true}]}}