{"id":49461,"date":"2023-12-12T12:31:14","date_gmt":"2023-12-12T11:31:14","guid":{"rendered":"https:\/\/pet-shopping.de\/shop\/produkt\/trixie-bienenhotel-11-x-30-x-14-cm\/"},"modified":"2023-12-12T12:31:15","modified_gmt":"2023-12-12T11:31:15","slug":"trixie-bienenhotel-11-x-30-x-14-cm","status":"publish","type":"product","link":"https:\/\/all-pets.de\/shop\/produkt\/trixie-bienenhotel-11-x-30-x-14-cm\/","title":{"rendered":"Trixie Bienenhotel &#8211; 11 \u00d7 30 \u00d7 14 cm"},"content":{"rendered":"<div class=\"mb-3 row\">\n<div class=\"col\">\n<ul>\n<li>\n<ul>\n<ul>\n<li>Nistplatz f\u00fcr Wildbienen, Grabwespen und Mauerbienen<\/li>\n<li>Kiefernholz, unbehandelt\/Metall, verzinkt<\/li>\n<li>Ma\u00dfe: ca. 11 \u00d7 30 \u00d7 14 cm<\/li>\n<\/ul>\n<\/ul>\n<\/li>\n<\/ul>\n<\/div>\n<\/div>\n","protected":false},"excerpt":{"rendered":"<p>Nistplatz f\u00fcr Wildbienen, Grabwespen und Mauerbienen Kiefernholz, unbehandelt\/Metall, verzinkt Ma\u00dfe: ca. 11 \u00d7 30 \u00d7 14 cm<\/p>\n","protected":false},"featured_media":49462,"comment_status":"closed","ping_status":"open","template":"","meta":[],"product_cat":[15214],"product_tag":[],"class_list":{"0":"post-49461","1":"product","2":"type-product","3":"status-publish","4":"has-post-thumbnail","6":"product_cat-insektenhotels-futterhaeuser-nistkaestengartenwelt-vogelwelt","8":"first","9":"instock","10":"taxable","11":"shipping-taxable","12":"purchasable","13":"product-type-simple"},"_links":{"self":[{"href":"https:\/\/all-pets.de\/shop\/wp-json\/wp\/v2\/product\/49461","targetHints":{"allow":["GET"]}}],"collection":[{"href":"https:\/\/all-pets.de\/shop\/wp-json\/wp\/v2\/product"}],"about":[{"href":"https:\/\/all-pets.de\/shop\/wp-json\/wp\/v2\/types\/product"}],"replies":[{"embeddable":true,"href":"https:\/\/all-pets.de\/shop\/wp-json\/wp\/v2\/comments?post=49461"}],"wp:featuredmedia":[{"embeddable":true,"href":"https:\/\/all-pets.de\/shop\/wp-json\/wp\/v2\/media\/49462"}],"wp:attachment":[{"href":"https:\/\/all-pets.de\/shop\/wp-json\/wp\/v2\/media?parent=49461"}],"wp:term":[{"taxonomy":"product_cat","embeddable":true,"href":"https:\/\/all-pets.de\/shop\/wp-json\/wp\/v2\/product_cat?post=49461"},{"taxonomy":"product_tag","embeddable":true,"href":"https:\/\/all-pets.de\/shop\/wp-json\/wp\/v2\/product_tag?post=49461"}],"curies":[{"name":"wp","href":"https:\/\/api.w.org\/{rel}","templated":true}]}}