{"id":49465,"date":"2023-12-12T12:31:14","date_gmt":"2023-12-12T11:31:14","guid":{"rendered":"https:\/\/pet-shopping.de\/shop\/produkt\/trixie-natura-kleintierhaus-grau-gruen-60-x-47-x-50-cm\/"},"modified":"2023-12-12T12:31:16","modified_gmt":"2023-12-12T11:31:16","slug":"trixie-natura-kleintierhaus-grau-gruen-60-x-47-x-50-cm","status":"publish","type":"product","link":"https:\/\/all-pets.de\/shop\/produkt\/trixie-natura-kleintierhaus-grau-gruen-60-x-47-x-50-cm\/","title":{"rendered":"Trixie Natura Kleintierhaus &#8211; grau-gr\u00fcn, 60 \u00d7 47 \u00d7 50 cm"},"content":{"rendered":"<div class=\"mb-3 row\">\n<div class=\"col\">\n<ul>\n<li>\n<ul>\n<ul>\n<li>passend f\u00fcr diverse Freilaufgehege<\/li>\n<li>Dach mit Dachpappe<\/li>\n<li>Dach von oben zu \u00f6ffnen<\/li>\n<li>verschlie\u00dfbare T\u00fcrklappe<\/li>\n<li>Beine sch\u00fctzen vor Bodenfeuchte sowie -k\u00e4lte und sorgen f\u00fcr eine gute Luftzirkulation unterhalb des Hauses<\/li>\n<li>mit herausziehbarer Kunststoffwanne f\u00fcr schnelle und leichte Reinigung<\/li>\n<li>Kiefernholz, lasiert<\/li>\n<li>Farbe: grau-gr\u00fcn<\/li>\n<li>Ma\u00dfe: ca. 60 \u00d7 47 \u00d7 50 cm <\/li>\n<\/ul>\n<\/ul>\n<\/li>\n<\/ul>\n<\/div>\n<\/div>\n","protected":false},"excerpt":{"rendered":"<p>passend f\u00fcr diverse Freilaufgehege Dach mit Dachpappe Dach von oben zu \u00f6ffnen verschlie\u00dfbare T\u00fcrklappe Beine sch\u00fctzen vor Bodenfeuchte sowie -k\u00e4lte und sorgen f\u00fcr eine gute Luftzirkulation unterhalb des Hauses mit herausziehbarer Kunststoffwanne f\u00fcr schnelle und leichte Reinigung Kiefernholz, lasiert Farbe: grau-gr\u00fcn Ma\u00dfe: ca. 60 \u00d7 47 \u00d7 50 cm<\/p>\n","protected":false},"featured_media":49466,"comment_status":"closed","ping_status":"open","template":"","meta":[],"product_cat":[15220],"product_tag":[],"class_list":{"0":"post-49465","1":"product","2":"type-product","3":"status-publish","4":"has-post-thumbnail","6":"product_cat-freigehege-fuer-kleintiere-aussenstaellekleintierwelt","8":"first","9":"instock","10":"taxable","11":"shipping-taxable","12":"purchasable","13":"product-type-simple"},"_links":{"self":[{"href":"https:\/\/all-pets.de\/shop\/wp-json\/wp\/v2\/product\/49465","targetHints":{"allow":["GET"]}}],"collection":[{"href":"https:\/\/all-pets.de\/shop\/wp-json\/wp\/v2\/product"}],"about":[{"href":"https:\/\/all-pets.de\/shop\/wp-json\/wp\/v2\/types\/product"}],"replies":[{"embeddable":true,"href":"https:\/\/all-pets.de\/shop\/wp-json\/wp\/v2\/comments?post=49465"}],"wp:featuredmedia":[{"embeddable":true,"href":"https:\/\/all-pets.de\/shop\/wp-json\/wp\/v2\/media\/49466"}],"wp:attachment":[{"href":"https:\/\/all-pets.de\/shop\/wp-json\/wp\/v2\/media?parent=49465"}],"wp:term":[{"taxonomy":"product_cat","embeddable":true,"href":"https:\/\/all-pets.de\/shop\/wp-json\/wp\/v2\/product_cat?post=49465"},{"taxonomy":"product_tag","embeddable":true,"href":"https:\/\/all-pets.de\/shop\/wp-json\/wp\/v2\/product_tag?post=49465"}],"curies":[{"name":"wp","href":"https:\/\/api.w.org\/{rel}","templated":true}]}}